{"id":7151,"date":"2017-03-30T15:06:33","date_gmt":"2017-03-30T13:06:33","guid":{"rendered":"http:\/\/www.sportcinofili.it\/?page_id=7151"},"modified":"2025-09-26T12:13:59","modified_gmt":"2025-09-26T10:13:59","slug":"limpronta-urbana","status":"publish","type":"page","link":"https:\/\/www.sportcinofili.it\/index.php\/dipartimenti\/limpronta-urbana\/","title":{"rendered":"Impronta Urbana"},"content":{"rendered":"\t\t<div data-elementor-type=\"wp-page\" data-elementor-id=\"7151\" class=\"elementor elementor-7151\">\n\t\t\t\t\t\t<section class=\"elementor-section elementor-top-section elementor-element elementor-element-312c54fd elementor-section-boxed elementor-section-height-default elementor-section-height-default\" data-id=\"312c54fd\" data-element_type=\"section\" data-e-type=\"section\">\n\t\t\t\t\t\t<div class=\"elementor-container elementor-column-gap-default\">\n\t\t\t\t\t<div class=\"elementor-column elementor-col-100 elementor-top-column elementor-element elementor-element-37cbfdf1\" data-id=\"37cbfdf1\" data-element_type=\"column\" data-e-type=\"column\">\n\t\t\t<div class=\"elementor-widget-wrap elementor-element-populated\">\n\t\t\t\t\t\t<div class=\"elementor-element elementor-element-1798d5b9 elementor-widget elementor-widget-text-editor\" data-id=\"1798d5b9\" data-element_type=\"widget\" data-e-type=\"widget\" data-widget_type=\"text-editor.default\">\n\t\t\t\t<div class=\"elementor-widget-container\">\n\t\t\t\t\t\t\t\t\t<p style=\"text-align: justify;\"><img fetchpriority=\"high\" decoding=\"async\" class=\"size-medium wp-image-13437 alignleft\" src=\"http:\/\/www.sportcinofili.it\/wp-content\/uploads\/2019\/01\/DIU-Fisc-300x300.jpg\" alt=\"\" width=\"300\" height=\"300\" srcset=\"https:\/\/www.sportcinofili.it\/wp-content\/uploads\/2019\/01\/DIU-Fisc-300x300.jpg 300w, https:\/\/www.sportcinofili.it\/wp-content\/uploads\/2019\/01\/DIU-Fisc-150x150.jpg 150w, https:\/\/www.sportcinofili.it\/wp-content\/uploads\/2019\/01\/DIU-Fisc-768x768.jpg 768w, https:\/\/www.sportcinofili.it\/wp-content\/uploads\/2019\/01\/DIU-Fisc-1024x1024.jpg 1024w, https:\/\/www.sportcinofili.it\/wp-content\/uploads\/2019\/01\/DIU-Fisc-148x148.jpg 148w, https:\/\/www.sportcinofili.it\/wp-content\/uploads\/2019\/01\/DIU-Fisc-31x31.jpg 31w, https:\/\/www.sportcinofili.it\/wp-content\/uploads\/2019\/01\/DIU-Fisc-38x38.jpg 38w, https:\/\/www.sportcinofili.it\/wp-content\/uploads\/2019\/01\/DIU-Fisc-215x215.jpg 215w, https:\/\/www.sportcinofili.it\/wp-content\/uploads\/2019\/01\/DIU-Fisc-830x830.jpg 830w, https:\/\/www.sportcinofili.it\/wp-content\/uploads\/2019\/01\/DIU-Fisc-230x230.jpg 230w, https:\/\/www.sportcinofili.it\/wp-content\/uploads\/2019\/01\/DIU-Fisc-350x350.jpg 350w, https:\/\/www.sportcinofili.it\/wp-content\/uploads\/2019\/01\/DIU-Fisc-480x480.jpg 480w, https:\/\/www.sportcinofili.it\/wp-content\/uploads\/2019\/01\/DIU-Fisc.jpg 2048w\" sizes=\"(max-width: 300px) 100vw, 300px\" \/>Il progetto intende sensibilizzare ed educare il proprietario ad una corretta \u201cgestione\u201d del proprio cane soprattutto nell\u2019 ambito cittadino.<\/p><p style=\"text-align: justify;\">Un cane che sa come comportarsi, ma soprattutto un cittadino che \u00e8 proprietario e che conosce come gestire il proprio animale in ogni contesto che si pu\u00f2 verificare nella vita di tutti i giorni permette una serena convivenza sia tra chi ama i cani sia per coloro che non li tollerano. Spesso situazioni di cani che incrociandosi si abbaiano contro, che tirano al guinzaglio o che sporcano fuori o ancor peggio dentro i locali pubblici creano situazioni di intolleranza e di emarginazione per coloro che invece desiderano poter vivere il loro amico a 4 zampe e non solo possedere un animale. Inoltre qualora i cani venissero educati in modo tale da fornire loro competenze adeguate per la nostra societ\u00e0 ci sarebbero meno abbandoni e meno episodi sgradevoli. Un cane brevettato <em><strong>L\u2019impronta urbana<\/strong><\/em> \u00e8 un cane ben voluto nelle strutture turistiche e nei locali pubblici, \u00e8 una sicurezza per i cittadini, aumenta la tollerabilit\u00e0 ed incrementa notevolmente la cultura cinofila. Anche un cane da recuperare pu\u00f2 essere brevettato se la gestione di colui che ne \u00e8 responsabile \u00e8 corretta. Spesso infatti si richiede al cane una autogestione e lui di conseguenza ne risponde come sa fare e in base alle sue esperienze, quando basterebbe prendersi la responsabilit\u00e0 della situazione e gestire il cane. Per arrivare a ci\u00f2 il progetto L\u2019impronta Urbana propone dei corsi realizzati su misura con 3 diversi livelli di difficolt\u00e0 basati su situazioni reali utilizzando tecniche che prevedono una corretta relazione tra cane e proprietario senza metodi coercitivi. Alla fine di ogni percorso verr\u00e0 organizzato un esame con un giudice esterno assegner\u00e0 il brevetto in caso di esito positivo dell\u2019esame.<\/p><p style=\"text-align: justify;\">Sono aperti ai cani di qualsiasi razza dall\u2019 et\u00e0 di 9 mesi in poi.<\/p><p style=\"text-align: justify;\">L\u2019impronta Urbana prevede anche una categoria sportiva, accessibile dopo aver acquisito il primo brevetto.<\/p><p>\u00a0 \u00a0 \u00a0 \u00a0 \u00a0 \u00a0 \u00a0 \u00a0 \u00a0 \u00a0 \u00a0 \u00a0 \u00a0 \u00a0 \u00a0 \u00a0 \u00a0 \u00a0 \u00a0 \u00a0 \u00a0 \u00a0 \u00a0 \u00a0 \u00a0 \u00a0 \u00a0 \u00a0 \u00a0 \u00a0 \u00a0 \u00a0 \u00a0\u00a0<img decoding=\"async\" class=\"alignnone size-medium wp-image-13277\" src=\"http:\/\/www.sportcinofili.it\/wp-content\/uploads\/2019\/01\/28424217_1596163413771245_4720065658322575257_o-300x169.jpg\" alt=\"\" width=\"300\" height=\"169\" srcset=\"https:\/\/www.sportcinofili.it\/wp-content\/uploads\/2019\/01\/28424217_1596163413771245_4720065658322575257_o-300x169.jpg 300w, https:\/\/www.sportcinofili.it\/wp-content\/uploads\/2019\/01\/28424217_1596163413771245_4720065658322575257_o-768x432.jpg 768w, https:\/\/www.sportcinofili.it\/wp-content\/uploads\/2019\/01\/28424217_1596163413771245_4720065658322575257_o-1024x576.jpg 1024w, https:\/\/www.sportcinofili.it\/wp-content\/uploads\/2019\/01\/28424217_1596163413771245_4720065658322575257_o-148x83.jpg 148w, https:\/\/www.sportcinofili.it\/wp-content\/uploads\/2019\/01\/28424217_1596163413771245_4720065658322575257_o-31x17.jpg 31w, https:\/\/www.sportcinofili.it\/wp-content\/uploads\/2019\/01\/28424217_1596163413771245_4720065658322575257_o-38x21.jpg 38w, https:\/\/www.sportcinofili.it\/wp-content\/uploads\/2019\/01\/28424217_1596163413771245_4720065658322575257_o-382x215.jpg 382w, https:\/\/www.sportcinofili.it\/wp-content\/uploads\/2019\/01\/28424217_1596163413771245_4720065658322575257_o-830x467.jpg 830w, https:\/\/www.sportcinofili.it\/wp-content\/uploads\/2019\/01\/28424217_1596163413771245_4720065658322575257_o-230x129.jpg 230w, https:\/\/www.sportcinofili.it\/wp-content\/uploads\/2019\/01\/28424217_1596163413771245_4720065658322575257_o-350x197.jpg 350w, https:\/\/www.sportcinofili.it\/wp-content\/uploads\/2019\/01\/28424217_1596163413771245_4720065658322575257_o-480x270.jpg 480w, https:\/\/www.sportcinofili.it\/wp-content\/uploads\/2019\/01\/28424217_1596163413771245_4720065658322575257_o.jpg 2000w\" sizes=\"(max-width: 300px) 100vw, 300px\" \/><\/p><p style=\"text-align: justify;\"><a href=\"https:\/\/drive.google.com\/file\/d\/1ukWhk5UcQ9-a0QHPrBnWXgKVGv6Zz-OE\/view?usp=sharing\"><em><strong>CLICCA QUI<\/strong><\/em><\/a> per il Depliant di presentazione del progetto<\/p><p><em><strong><a href=\"http:\/\/www.sportcinofili.it\/index.php\/binomi\/\">CLICCA QUI<\/a>\u00a0<\/strong><\/em> per l\u2019Elenco dei binomi certificati<\/p><p><em><strong><a href=\"http:\/\/www.sportcinofili.it\/index.php\/giudici\/\">CLICCA QUI<\/a> \u00a0<\/strong><\/em>per\u00a0l\u2019Elenco dei Giudici<\/p><p><a href=\"https:\/\/drive.google.com\/file\/d\/18XO2Se7Y1IU4ttxoWqwXkMPzO-nj7j33\/view?usp=sharing\"><em><strong>CLICCA QUI<\/strong><\/em><\/a> per vedere il Regolamento <strong>&lt;&#8212;NEW 2023<\/strong><\/p><p><a href=\"https:\/\/drive.google.com\/file\/d\/1sULgDV7mI40qRaEngx7fs094tGOo78uE\/view?usp=sharing\"><em><strong>CLICCA QUI<\/strong><\/em>\u00a0<\/a>per vedere il Regolamento Campionato<\/p><p><a href=\"https:\/\/drive.google.com\/file\/d\/11jT2KjxRH3ofeAyhtag4Bz-GERKS_qdT\/view?usp=sharing\"><em><strong>CLICCA QUI<\/strong><\/em><\/a> per vedere il Regolamento Formazione<strong> &lt;&#8212;NEW 2025<\/strong><\/p><p><a href=\"https:\/\/www.sportcinofili.it\/index.php\/calendario-certificazioni-impronta-urbana\/\"><em><strong>CLICCA QUI<\/strong><\/em><\/a> per vedere il Calendario delle Certificazioni Impronta Urbana<\/p><p><em><strong><a href=\"https:\/\/www.sportcinofili.it\/index.php\/convenzioni-impronta-urbana\/\">CLICCA QUI<\/a><\/strong><\/em> per vedere le nostre convenzioni<\/p><p><em><a href=\"http:\/\/www.sportcinofili.it\/index.php\/dipartimenti\/limpronta-urbana\/altri-documenti-impronta-urbana\/\"><strong>CLICCA QUI <\/strong><\/a><\/em>per gli Altri Documenti<\/p><p>&#8212;\u00a0<\/p><p style=\"text-align: justify;\"><strong><em>Referente Nazionale Impronta Urbana<\/em><\/strong><\/p><p style=\"text-align: justify;\"><strong>Caterina Russo<\/strong><\/p><p><strong><a href=\"mailto:RUSSO.CATERINA@CENTROCINOFILOLIMPRONTA.IT\">RUSSO.CATERINA@CENTROCINOFILOLIMPRONTA.IT<\/a><\/strong><\/p><p>3356337337<\/p>\t\t\t\t\t\t\t\t<\/div>\n\t\t\t\t<\/div>\n\t\t\t\t\t<\/div>\n\t\t<\/div>\n\t\t\t\t\t<\/div>\n\t\t<\/section>\n\t\t\t\t<\/div>\n\t\t","protected":false},"excerpt":{"rendered":"<p>Il progetto intende sensibilizzare ed educare il proprietario ad una corretta \u201cgestione\u201d del proprio cane soprattutto nell\u2019 ambito cittadino. Un cane che sa come comportarsi, ma soprattutto un cittadino che \u00e8 proprietario e che conosce come gestire il proprio animale in ogni contesto che si pu\u00f2 verificare nella vita di [&hellip;]<\/p>\n","protected":false},"author":1,"featured_media":7417,"parent":9307,"menu_order":0,"comment_status":"closed","ping_status":"closed","template":"","meta":{"om_disable_all_campaigns":false,"_monsterinsights_skip_tracking":false,"_monsterinsights_sitenote_active":false,"_monsterinsights_sitenote_note":"","_monsterinsights_sitenote_category":0,"_uf_show_specific_survey":0,"_uf_disable_surveys":false,"footnotes":""},"class_list":["post-7151","page","type-page","status-publish","has-post-thumbnail","hentry"],"aioseo_notices":[],"_links":{"self":[{"href":"https:\/\/www.sportcinofili.it\/index.php\/wp-json\/wp\/v2\/pages\/7151","targetHints":{"allow":["GET"]}}],"collection":[{"href":"https:\/\/www.sportcinofili.it\/index.php\/wp-json\/wp\/v2\/pages"}],"about":[{"href":"https:\/\/www.sportcinofili.it\/index.php\/wp-json\/wp\/v2\/types\/page"}],"author":[{"embeddable":true,"href":"https:\/\/www.sportcinofili.it\/index.php\/wp-json\/wp\/v2\/users\/1"}],"replies":[{"embeddable":true,"href":"https:\/\/www.sportcinofili.it\/index.php\/wp-json\/wp\/v2\/comments?post=7151"}],"version-history":[{"count":88,"href":"https:\/\/www.sportcinofili.it\/index.php\/wp-json\/wp\/v2\/pages\/7151\/revisions"}],"predecessor-version":[{"id":35005,"href":"https:\/\/www.sportcinofili.it\/index.php\/wp-json\/wp\/v2\/pages\/7151\/revisions\/35005"}],"up":[{"embeddable":true,"href":"https:\/\/www.sportcinofili.it\/index.php\/wp-json\/wp\/v2\/pages\/9307"}],"wp:featuredmedia":[{"embeddable":true,"href":"https:\/\/www.sportcinofili.it\/index.php\/wp-json\/wp\/v2\/media\/7417"}],"wp:attachment":[{"href":"https:\/\/www.sportcinofili.it\/index.php\/wp-json\/wp\/v2\/media?parent=7151"}],"curies":[{"name":"wp","href":"https:\/\/api.w.org\/{rel}","templated":true}]}}