{"id":7149,"date":"2017-03-30T15:05:57","date_gmt":"2017-03-30T13:05:57","guid":{"rendered":"http:\/\/www.sportcinofili.it\/?page_id=7149"},"modified":"2024-02-29T08:59:32","modified_gmt":"2024-02-29T07:59:32","slug":"animazione-cinofila-2","status":"publish","type":"page","link":"https:\/\/www.sportcinofili.it\/index.php\/dipartimenti\/animazione-cinofila-2\/","title":{"rendered":"Animazione  Cinofila"},"content":{"rendered":"<p style=\"text-align: justify;\"><img fetchpriority=\"high\" decoding=\"async\" class=\"alignleft wp-image-7602 size-full\" src=\"http:\/\/www.sportcinofili.it\/wp-content\/uploads\/2017\/05\/SUMMERDOG1.jpg\" alt=\"\" width=\"400\" height=\"267\" srcset=\"https:\/\/www.sportcinofili.it\/wp-content\/uploads\/2017\/05\/SUMMERDOG1.jpg 400w, https:\/\/www.sportcinofili.it\/wp-content\/uploads\/2017\/05\/SUMMERDOG1-300x200.jpg 300w, https:\/\/www.sportcinofili.it\/wp-content\/uploads\/2017\/05\/SUMMERDOG1-230x154.jpg 230w, https:\/\/www.sportcinofili.it\/wp-content\/uploads\/2017\/05\/SUMMERDOG1-350x234.jpg 350w\" sizes=\"(max-width: 400px) 100vw, 400px\" \/>Il dipartimento di Animazione Cinofila nasce con lo scopo di raggiungere strutture recettive per i nostri amici a 4 zampe, consentendoci di trascorrere una meravigliosa vacanza a 6 zampe. E&#8217; una nuova figura cinofila, di sicuro interesse per gli addetti ai lavori. Si tratta del <strong>CINO-ANIMATORE. <\/strong>Il Cino Animatore \u00e8 un educatore cinofilo (o istruttore di disciplia) riconosciuto FISC che avr\u00e0 il compito di gestire per un periodo minimo di una settimana, gli ospiti a 6 zampe delle <strong>strutture turistiche<\/strong>, che hanno aderito al progetto <strong>Summer Dog FISC<\/strong>.<\/p>\n<p style=\"text-align: justify;\">Offriamo lezioni di educazione di base e introduzione alle discipline sportive per grandi e piccini e per cani di tutte le et\u00e0 di razza e non all&#8217;interno delle strutture turistiche partner.<\/p>\n<p style=\"text-align: justify;\">Formiamo Cino-Animatori in grado di gestire e di organizzare delle attivit\u00e0 in ambito Turistico Sportivo per tutti gli ospiti delle strutture che possiedono un cane, garantendo professionalit\u00e0 e tanto divertimento. Il CINO-ANIMATORE oltre alle sue capacit\u00e0 di educatore cinofilo, si metter\u00e0 a disposizione degli ospiti della struttura per<strong> lezioni di educazione e cinofilo sportive<\/strong> ( agility, rally o, disc dog, dog dance, Canicross etc&#8230;)\u00a0 e\u00a0 avr\u00e0 il compito di programmare con l&#8217;animazione del centro turistico, attivit\u00e0 divertenti e ricreative ( esempio DOG TALENT &#8211; GARA DI ABILIT\u00c0 &#8211; IL CANE PI\u00d9 BELLO- GIOCHI SENZA FRONTIERE- GARA CINOFILE etc).<\/p>\n<p style=\"text-align: justify;\">Avr\u00e0 a disposizione una unit\u00e0 abitativa e potr\u00e0 portar con se eventuale marito, moglie compagno\/a. Insomma una bellissina idea per trascorrere una vacanza lavoro divertente e unica nel genere.<\/p>\n<hr \/>\n<h5 style=\"text-align: justify;\"><strong>COLLABORAZIONE CON TRIPDOGGY\u00a0<\/strong><\/h5>\n<p style=\"text-align: justify;\"><strong><img decoding=\"async\" class=\"size-thumbnail wp-image-7667 alignleft\" src=\"http:\/\/www.sportcinofili.it\/wp-content\/uploads\/2017\/03\/Logo-TripDoggy-700-150x150.png\" alt=\"\" width=\"150\" height=\"150\" \/>TripDoggy<\/strong> \u00e8 il portale dei viaggiatori pet-friendly, la perfetta soluzione per organizzare la propria vacanza a 4 zampe. Su TripDoggy \u00e8 possibile trovare hotel, agriturismi, case vacanze, villaggi e molte altre soluzioni per viaggiare con il proprio cane o pet. Inoltre \u00e8 possibile vivere esperienze turistiche e tour dog-friendly proposti e organizzati dal team in cui i viaggiatori potranno partecipare ad attivit\u00e0 ed escursioni da vivere insieme al proprio cane.<\/p>\n<p style=\"text-align: justify;\">Il progetto TripDoggy nasce nel 2016 dall\u2019esigenza personale del Founder Domenico Sarleti, diventando attraverso una rapida crescita, una startup riconosciuta a livello nazionale e ponendosi come punto di riferimento per chi voglia viaggiare In compagnia del proprio 4 zampe.<\/p>\n<p style=\"text-align: justify;\">Il team \u00e8 composto da specialisti del settore travel, esperti di turismo digitale e di cinofilia.<\/p>\n<p style=\"text-align: justify;\">La <strong>Federazione Italiana Sport Cinofili<\/strong> in collaborazione con <strong>TripDoggy <\/strong>propone durante l&#8217;anno diverse attivit\u00e0 che coinvolgono gli educatori e gli istruttori cinofili in progetti di animazione cinofila come: <strong>Progetto Summer Dog<\/strong>, <strong>TripDoggy Holiday<\/strong> e <strong>TripDoggy Experience<\/strong>.<\/p>\n<hr \/>\n<p style=\"text-align: justify;\"><strong><span style=\"text-decoration: underline;\">DOCUMENTI:<\/span><\/strong><\/p>\n<ul>\n<li style=\"text-align: justify;\"><a href=\"https:\/\/drive.google.com\/file\/d\/0B0-wosuk4yWMOHdRU0VwMi1TSWs\/view?usp=sharing\">Clicca qui <\/a>per visualizzare il regolamento di formazione per Cino Animatori.<\/li>\n<\/ul>\n<p><a href=\"https:\/\/www.sportcinofili.it\/sefnav\/corsi.asp?R=&amp;P=&amp;S=..\"><img decoding=\"async\" class=\"aligncenter size-medium wp-image-7185\" src=\"http:\/\/www.sportcinofili.it\/wp-content\/uploads\/2017\/03\/PULSANTE-GROSSO-ANIMAZIONE-CINOFILA-300x103.png\" alt=\"\" width=\"300\" height=\"103\" srcset=\"https:\/\/www.sportcinofili.it\/wp-content\/uploads\/2017\/03\/PULSANTE-GROSSO-ANIMAZIONE-CINOFILA-300x103.png 300w, https:\/\/www.sportcinofili.it\/wp-content\/uploads\/2017\/03\/PULSANTE-GROSSO-ANIMAZIONE-CINOFILA-768x262.png 768w, https:\/\/www.sportcinofili.it\/wp-content\/uploads\/2017\/03\/PULSANTE-GROSSO-ANIMAZIONE-CINOFILA-1024x350.png 1024w, https:\/\/www.sportcinofili.it\/wp-content\/uploads\/2017\/03\/PULSANTE-GROSSO-ANIMAZIONE-CINOFILA-830x284.png 830w, https:\/\/www.sportcinofili.it\/wp-content\/uploads\/2017\/03\/PULSANTE-GROSSO-ANIMAZIONE-CINOFILA-230x79.png 230w, https:\/\/www.sportcinofili.it\/wp-content\/uploads\/2017\/03\/PULSANTE-GROSSO-ANIMAZIONE-CINOFILA-350x120.png 350w, https:\/\/www.sportcinofili.it\/wp-content\/uploads\/2017\/03\/PULSANTE-GROSSO-ANIMAZIONE-CINOFILA-480x164.png 480w, https:\/\/www.sportcinofili.it\/wp-content\/uploads\/2017\/03\/PULSANTE-GROSSO-ANIMAZIONE-CINOFILA.png 1200w\" sizes=\"(max-width: 300px) 100vw, 300px\" \/><\/a><\/p>\n<p style=\"text-align: justify;\"><span style=\"text-decoration: underline;\"><strong>Responsabile Nazionale Dipartimento Animazione Cinofila<\/strong><\/span><\/p>\n<p style=\"text-align: justify;\">\n<h2 style=\"text-align: center;\"><\/h2>\n<h2 style=\"text-align: center;\"><span style=\"text-decoration: underline;\">SUMMER \u00a0DOG: VILLAGGI E CAMPING<\/span><\/h2>\n<p style=\"text-align: left;\"><strong><a href=\"http:\/\/www.campingriver.com\/\"><img loading=\"lazy\" decoding=\"async\" class=\" wp-image-7289 alignleft\" src=\"http:\/\/www.sportcinofili.it\/wp-content\/uploads\/2017\/03\/logo-camping-river.png\" alt=\"\" width=\"199\" height=\"114\" \/><\/a><\/strong><\/p>\n<p style=\"text-align: left;\"><strong>Camping River Village &#8211; Valore Turismo S.r.l.<\/strong> con sede in Loc. Armezzone, 23 &#8211; 19031 Ameglia (SP)<\/p>\n<p style=\"text-align: left;\"><strong>Per info e prenotazioni: <\/strong>366 &#8211; 9925052 \/ 018765920 susanne@labucadelgatto.com \u00a0\/info@campingriver.com<\/p>\n<hr \/>\n<p style=\"text-align: left;\"><strong><a href=\"http:\/\/www.tiliguerta.com\/\"><img loading=\"lazy\" decoding=\"async\" class=\"alignleft wp-image-7391 \" src=\"http:\/\/www.sportcinofili.it\/wp-content\/uploads\/2017\/03\/tiliguerta-camping-village-logo2.png\" alt=\"\" width=\"191\" height=\"64\" srcset=\"https:\/\/www.sportcinofili.it\/wp-content\/uploads\/2017\/03\/tiliguerta-camping-village-logo2.png 332w, https:\/\/www.sportcinofili.it\/wp-content\/uploads\/2017\/03\/tiliguerta-camping-village-logo2-300x100.png 300w, https:\/\/www.sportcinofili.it\/wp-content\/uploads\/2017\/03\/tiliguerta-camping-village-logo2-230x77.png 230w\" sizes=\"(max-width: 191px) 100vw, 191px\" \/><\/a>Tiliguerta Camping Village <\/strong>S.P. 97, km. 6,00 Loc. Capo Ferrato 09043 Muravera (CA)\u00a0Italy<\/p>\n<p style=\"text-align: left;\">Info:\u00a0info@tiliguerta.com Prenotazioni:\u00a0booking@tiliguerta.com Cell:\u00a0+39 3382499814<\/p>\n<hr \/>\n<p><img loading=\"lazy\" decoding=\"async\" class=\"alignleft wp-image-7910 \" src=\"http:\/\/www.sportcinofili.it\/wp-content\/uploads\/2017\/03\/logo_vieste2.png\" alt=\"\" width=\"145\" height=\"129\" srcset=\"https:\/\/www.sportcinofili.it\/wp-content\/uploads\/2017\/03\/logo_vieste2.png 1152w, https:\/\/www.sportcinofili.it\/wp-content\/uploads\/2017\/03\/logo_vieste2-300x267.png 300w, https:\/\/www.sportcinofili.it\/wp-content\/uploads\/2017\/03\/logo_vieste2-768x684.png 768w, https:\/\/www.sportcinofili.it\/wp-content\/uploads\/2017\/03\/logo_vieste2-1024x912.png 1024w, https:\/\/www.sportcinofili.it\/wp-content\/uploads\/2017\/03\/logo_vieste2-830x739.png 830w, https:\/\/www.sportcinofili.it\/wp-content\/uploads\/2017\/03\/logo_vieste2-230x205.png 230w, https:\/\/www.sportcinofili.it\/wp-content\/uploads\/2017\/03\/logo_vieste2-350x312.png 350w, https:\/\/www.sportcinofili.it\/wp-content\/uploads\/2017\/03\/logo_vieste2-480x428.png 480w\" sizes=\"(max-width: 145px) 100vw, 145px\" \/><\/p>\n<p style=\"text-align: left;\"><strong>Villaggio Spiaggia Lunga <\/strong>Litoranea Vieste &#8211; Peschici Km7 &#8211; Vieste &#8211; Gargano<br \/>\ntel.: +39 0884 706586 &#8211; 706171 | fax: +39 0884 705308 e-mail: info@spiaggialunga.it<\/p>\n","protected":false},"excerpt":{"rendered":"<p>Il dipartimento di Animazione Cinofila nasce con lo scopo di raggiungere strutture recettive per i nostri amici a 4 zampe, consentendoci di trascorrere una meravigliosa vacanza a 6 zampe. E&#8217; una nuova figura cinofila, di sicuro interesse per gli addetti ai lavori. Si tratta del CINO-ANIMATORE. Il Cino Animatore \u00e8 [&hellip;]<\/p>\n","protected":false},"author":1,"featured_media":0,"parent":9307,"menu_order":0,"comment_status":"closed","ping_status":"closed","template":"","meta":{"om_disable_all_campaigns":false,"_monsterinsights_skip_tracking":false,"_monsterinsights_sitenote_active":false,"_monsterinsights_sitenote_note":"","_monsterinsights_sitenote_category":0,"_uf_show_specific_survey":0,"_uf_disable_surveys":false,"footnotes":""},"class_list":["post-7149","page","type-page","status-publish","hentry"],"aioseo_notices":[],"_links":{"self":[{"href":"https:\/\/www.sportcinofili.it\/index.php\/wp-json\/wp\/v2\/pages\/7149","targetHints":{"allow":["GET"]}}],"collection":[{"href":"https:\/\/www.sportcinofili.it\/index.php\/wp-json\/wp\/v2\/pages"}],"about":[{"href":"https:\/\/www.sportcinofili.it\/index.php\/wp-json\/wp\/v2\/types\/page"}],"author":[{"embeddable":true,"href":"https:\/\/www.sportcinofili.it\/index.php\/wp-json\/wp\/v2\/users\/1"}],"replies":[{"embeddable":true,"href":"https:\/\/www.sportcinofili.it\/index.php\/wp-json\/wp\/v2\/comments?post=7149"}],"version-history":[{"count":35,"href":"https:\/\/www.sportcinofili.it\/index.php\/wp-json\/wp\/v2\/pages\/7149\/revisions"}],"predecessor-version":[{"id":7186,"href":"https:\/\/www.sportcinofili.it\/index.php\/wp-json\/wp\/v2\/pages\/7149\/revisions\/7186"}],"up":[{"embeddable":true,"href":"https:\/\/www.sportcinofili.it\/index.php\/wp-json\/wp\/v2\/pages\/9307"}],"wp:attachment":[{"href":"https:\/\/www.sportcinofili.it\/index.php\/wp-json\/wp\/v2\/media?parent=7149"}],"curies":[{"name":"wp","href":"https:\/\/api.w.org\/{rel}","templated":true}]}}