{"id":6750,"date":"2017-02-15T14:49:12","date_gmt":"2017-02-15T13:49:12","guid":{"rendered":"http:\/\/www.sportcinofili.it\/?page_id=6750"},"modified":"2018-05-14T10:59:57","modified_gmt":"2018-05-14T08:59:57","slug":"interventi-assistiti-con-gli-animali-iaa","status":"publish","type":"page","link":"https:\/\/www.sportcinofili.it\/index.php\/interventi-assistiti-con-gli-animali-iaa\/","title":{"rendered":"Interventi Assistiti con gli Animali \u2013 IAA"},"content":{"rendered":"<p>Gli Interventi Assistiti con gli Animali (IAA), genericamente indicati con il termine di \u201cPet Therapy\u201d, comprendono una vasta gamma di progetti e attivit\u00e0 finalizzati a migliorare la salute e il benessere delle persone con l\u2019ausilio di \u201cPet\u201d, ovvero di animali da compagnia.<\/p>\n<p>Il termine \u201cPet Therapy\u201d, coniato dallo psichiatra infantile americano Boris Levinson nei primi anni \u201860, letteralmente significa \u201cterapia con l\u2019animale da affezione\u201d.<\/p>\n<p>L\u2019espressione pet therapy, deriva dall\u2019unione di due termini della lingua inglese: pet che indica come sostantivo l\u2019animale domestico, come aggettivo ha il significato di \u201cprediletto\u201d, mentre come verbo assume il significato di \u201cvezzeggiare\u201d, \u201ccoccolare\u201d. Invece therapy nel senso di terapia, cura.<\/p>\n<p>Tutti questi termini conducono, in un certo senso, nel nostro immaginario, a una sensazione di piacevolezza, di dolcezza, di calore, che rimanda ad uno stretto contatto fisico, affettuoso, portatore di molteplici benefici psicologici. Si tratta, nello specifico, di una pratica terapeutica di supporto ad altre forme di terapia tradizionali, ovvero di una co-terapia che utilizza gli effetti positivi derivanti dalla vicinanza tattile, visiva e soprattutto emotiva con gli animali domestici.<\/p>\n<p><strong>IL PET (animale) NON VIENE UTILIZZATO. Ci\u00f2 che viene SFRUTTATA \u00e8 LA RELAZIONE che si crea tra l\u2019ANIMALE e la PERSONA a cui \u00e8 rivolto l\u2019INTERVENTO.<\/strong><\/p>\n<p>L\u2019empatia che si instaura permette in modo naturale e spontaneo di ottenere importanti risultati sotto il profilo psichico-emozionale e fisico.<\/p>\n<p>Le attivit\u00e0 con gli animali hanno trovato applicazioni in numerosi contesti non strettamente terapeutici, ma anche educativi, ludico ricreativi, di utilit\u00e0 sociale, di promozione della salute. Per questo motivo \u00e8 pi\u00f9 corretto parlare di Interventi Assistiti con gli Animali IAA e non di Pet Therapy.<\/p>\n<p>In base agli ambiti di attivit\u00e0 e in base alle LINEE GUIDA DEL MINISTERO DELLA SALUTE, gli IAA vengono suddivisi in:<\/p>\n<ul>\n<li>A.A., terapia assistita con gli animali;<\/li>\n<li>A.A., educazione assistita con gli animali;<\/li>\n<li>A.A., attivit\u00e0 assistita con gli animali.<\/li>\n<\/ul>\n<p>&nbsp;<\/p>\n<p>Tale classificazione \u00e8 riconosciuta a livello internazionale, anche la Delta Society descrive la medesima suddivisione, fondamentale per capire e differenziare i diversi programmi e soprattutto individuare le figure professionali che devono essere coinvolte nel progetto.<\/p>\n<p>F.I.S.C. &amp; IAA<\/p>\n<p>F.I.S.C. ha aderito al progetto IAA e al suo interno \u00e8 nato nel 2016 un dipartimento operativo che, sulle indicazioni delle Linee Guida del Ministero della Salute, ha istituito il percorso formativo degli operatori e le regole esecutive dell\u2019attivit\u00e0.<\/p>\n<p>Da sempre attiva nel campo delle attivit\u00e0 ludico-motorie con l\u2019impiego di animali, F.I.S.C. ha deciso di compiere un importante passo avanti, investendo nel settore formativo degli IAA, cos\u00ec giocando d\u2019anticipo rispetto a molte altre realt\u00e0.<\/p>\n<p>Tale ambito appare ancora poco battuto ed i percorsi ad oggi attivati da imprese ed associazioni si presentano in molti casi come carenti sotto diversi punti di vista, partendo dalla qualit\u00e0 del corpo docente per arrivare allo scarso valore di taluni materiali didattici.<\/p>\n<p>L\u2019obbiettivo della F.I.S.C. \u00e8, ovviamente, quello di offrire corsi di formazione che spicchino rispetto agli altri prima di tutto sotto il profilo qualitativo.<\/p>\n<p>In seguito al recepimento da parte delle Regioni, la F.I.S.C. si sta adeguando alle Linee Guida Nazionali.<\/p>\n<p>Cosa stabiliscono le Linee Guida Nazionali<\/p>\n<p>Va precisato che la norma individua ora delle figure ben distinte che compongono L\u2019Equipe Multidisciplinare operativa, tali figure sono:<\/p>\n<ul>\n<li>Responsabile di progetto TAA<\/li>\n<li>Responsabile di progetto EAA<\/li>\n<li>Referente di intervento TAA<\/li>\n<li>Referente di intervento EAA<\/li>\n<li>Referente di intervento AAA<\/li>\n<li>Coadiutore del cavallo<\/li>\n<li>Coadiutore dell\u2019asino<\/li>\n<li>Coadiutore del cane<\/li>\n<li>Coadiutore del gatto e coniglio<\/li>\n<\/ul>\n<p>Punto di partenza per qualsiasi percorso \u00e8 il<strong>\u00a0CORSO PROPEDEUTICO da 21 ore<\/strong>, i cui contenuti sono in COMUNE per tutte le figure sopra elencate.<\/p>\n<p>A questo punto i percorsi si differenziano, in base alla specializzazione scelta:<\/p>\n<ul>\n<li><strong>CORSO BASE<\/strong>\u00a0per\u00a0<strong>COADIUTORE DELL\u2019ANIMALE<\/strong>\u00a0da 56 ore differenziati per diverse figure professionali e operatori coinvolti.<\/li>\n<li><strong>CORSO BASE PER MEDICI VETERINARI<\/strong>\u00a0PER RESPONSABILE DI PROGETTO o REFERENTE DI INTERVENTO TAA\/EAA da 40 ore.<\/li>\n<li><strong>CORSO AVANZATO<\/strong>\u00a0(specifico per ogni figura) di almeno 120 ore complessive, di cui 72 ore in d\u2019aula, 32 ore di esercitazione pratiche, 16 ore visite guidate.<\/li>\n<\/ul>\n<p>Qualit\u00e0 della formazione di F.I.S.C.<\/p>\n<p><strong>LA FORMAZIONE F.I.S.C. ha ritenuto di implementare le ore dei corsi sugli IAA ovvero corso propedeutico, base ed avanzato per coadiutore dell\u2019animale, referente, responsabile di progetto, implementando le ore per le attivit\u00e0 pratiche con le specie animali.<\/strong><\/p>\n<p>E\u2019 importante infatti avere la giusta conoscenza e relazione per poter interagire correttamente nelle IAA nel rispetto degli utenti e degli animali.<\/p>\n<p>F.I.S.C. &amp; PET THERAPY<\/p>\n<p>Quanto sinora esposto, non toglie niente al percorso didattico-formativo del dipartimento Pet Therapy di F.I.S.C.<\/p>\n<p>Il dipartimento Pet Therapy continua ad avere il suo iter di attivit\u00e0 nel campo ludico-ricreativo-sportivo, non previste negli IAA.<\/p>\n<p>Dunque, si prospetta una doppia opportunit\u00e0 che F.I.S.C. offre ai propri Affiliati e tesserati, e un servizio maggiore a tutti gli utenti del vasto mondo della disabilit\u00e0 che permetter\u00e0 di sperimentare sia la terapia che la motivazione sportiva cinofila, portando parte di loro anche a eventi agonistici importanti.<\/p>\n<p>Requisiti delle strutture aderenti a IAA \u2013 PET TERAPHY<\/p>\n<ul>\n<li>Essere in regola con le disposizioni in materia di sicurezza ai sensi del D.Lgs. 81\/2008;<\/li>\n<li>Possedere una club house 60\/80 mq. per l\u2019accoglienza;<\/li>\n<li>Essere costituiti come associazione\/societ\u00e0 sportiva\/dilettantistica;<\/li>\n<li>Accettare le disposizioni, i regolamenti interni;<\/li>\n<li>Per i centri Pet Therapy avere almeno un Tecnico di Pet Therapy ed un Operatore Qualificato Pet Therapy;<\/li>\n<li>Possedere cani idonei per indole, mole, et\u00e0 e trattamento alla detta pratica;<\/li>\n<li>Impegnarsi ad abbattere le maggiori barriere architettoniche nella struttura cinofila impiegata;<\/li>\n<li>Attrezzature idonee.<\/li>\n<\/ul>\n<p>Inoltre, per la Regione Lombardia sar\u00e0 necessario avere il nulla osta dell\u2019ASL, previa comunicazione ed invio di una SCIA.<\/p>\n<p>Il Ministero della Salute con la <strong>nota n. 7028 del 20\/03\/2018<\/strong> ha ribadito la scadenza al <strong>25 marzo 2018<\/strong> delle domande finalizzate al rilascio diretto dell\u2019attestato di idoneit\u00e0 agli IAA (Interventi Assistiti con gli Animali).<br \/>\nInvece, sono state prorogate \u00a0al<strong> 25 marzo 2019<\/strong> le domande finalizzate a quanto segue:<\/p>\n<ol>\n<li>Accesso diretto al <strong>corso Base<\/strong><\/li>\n<li>Accesso diretto al <strong>corso Avanzato<\/strong>,<\/li>\n<li>Accesso diretto all\u2019esame per il rilascio dell\u2019<strong>attestato di idoneit\u00e0 IAA<\/strong>;<\/li>\n<\/ol>\n<p><a href=\"https:\/\/www.izsvenezie.it\/documenti\/temi\/interventi-assistiti-animali\/normativa\/riconoscimento-formazione\/2018-03-20-nota-7028.pdf\">CLICCA QUI PER SCARICARE LA NOTA N. 7028 DEL 20\/03\/2018<\/a><\/p>\n","protected":false},"excerpt":{"rendered":"<p>Gli Interventi Assistiti con gli Animali (IAA), genericamente indicati con il termine di \u201cPet Therapy\u201d, comprendono una vasta gamma di progetti e attivit\u00e0 finalizzati a migliorare la salute e il benessere delle persone con l\u2019ausilio di \u201cPet\u201d, ovvero di animali da compagnia. Il termine \u201cPet Therapy\u201d, coniato dallo psichiatra infantile [&hellip;]<\/p>\n","protected":false},"author":1,"featured_media":0,"parent":0,"menu_order":0,"comment_status":"closed","ping_status":"closed","template":"","meta":{"om_disable_all_campaigns":false,"_monsterinsights_skip_tracking":false,"_monsterinsights_sitenote_active":false,"_monsterinsights_sitenote_note":"","_monsterinsights_sitenote_category":0,"_uf_show_specific_survey":0,"_uf_disable_surveys":false,"footnotes":""},"class_list":["post-6750","page","type-page","status-publish","hentry"],"aioseo_notices":[],"_links":{"self":[{"href":"https:\/\/www.sportcinofili.it\/index.php\/wp-json\/wp\/v2\/pages\/6750","targetHints":{"allow":["GET"]}}],"collection":[{"href":"https:\/\/www.sportcinofili.it\/index.php\/wp-json\/wp\/v2\/pages"}],"about":[{"href":"https:\/\/www.sportcinofili.it\/index.php\/wp-json\/wp\/v2\/types\/page"}],"author":[{"embeddable":true,"href":"https:\/\/www.sportcinofili.it\/index.php\/wp-json\/wp\/v2\/users\/1"}],"replies":[{"embeddable":true,"href":"https:\/\/www.sportcinofili.it\/index.php\/wp-json\/wp\/v2\/comments?post=6750"}],"version-history":[{"count":5,"href":"https:\/\/www.sportcinofili.it\/index.php\/wp-json\/wp\/v2\/pages\/6750\/revisions"}],"predecessor-version":[{"id":11098,"href":"https:\/\/www.sportcinofili.it\/index.php\/wp-json\/wp\/v2\/pages\/6750\/revisions\/11098"}],"wp:attachment":[{"href":"https:\/\/www.sportcinofili.it\/index.php\/wp-json\/wp\/v2\/media?parent=6750"}],"curies":[{"name":"wp","href":"https:\/\/api.w.org\/{rel}","templated":true}]}}