{"id":32168,"date":"2025-01-15T11:54:47","date_gmt":"2025-01-15T10:54:47","guid":{"rendered":"https:\/\/www.sportcinofili.it\/?page_id=32168"},"modified":"2025-01-16T09:29:20","modified_gmt":"2025-01-16T08:29:20","slug":"canicross","status":"publish","type":"page","link":"https:\/\/www.sportcinofili.it\/index.php\/canicross\/","title":{"rendered":"CANICROSS"},"content":{"rendered":"\t\t<div data-elementor-type=\"wp-page\" data-elementor-id=\"32168\" class=\"elementor elementor-32168\">\n\t\t\t\t\t\t<section class=\"elementor-section elementor-top-section elementor-element elementor-element-766e5c7 elementor-section-boxed elementor-section-height-default elementor-section-height-default\" data-id=\"766e5c7\" data-element_type=\"section\" data-e-type=\"section\">\n\t\t\t\t\t\t<div class=\"elementor-container elementor-column-gap-default\">\n\t\t\t\t\t<div class=\"elementor-column elementor-col-100 elementor-top-column elementor-element elementor-element-d75c047\" data-id=\"d75c047\" data-element_type=\"column\" data-e-type=\"column\">\n\t\t\t<div class=\"elementor-widget-wrap elementor-element-populated\">\n\t\t\t\t\t\t<div class=\"elementor-element elementor-element-484635f elementor-widget elementor-widget-text-editor\" data-id=\"484635f\" data-element_type=\"widget\" data-e-type=\"widget\" data-widget_type=\"text-editor.default\">\n\t\t\t\t<div class=\"elementor-widget-container\">\n\t\t\t\t\t\t\t\t\t<p><img fetchpriority=\"high\" decoding=\"async\" class=\"alignnone size-full wp-image-32179\" src=\"http:\/\/www.sportcinofili.it\/wp-content\/uploads\/2025\/01\/329230998_944351900269977_5534923411150859492_n.jpeg\" alt=\"\" width=\"1024\" height=\"684\" srcset=\"https:\/\/www.sportcinofili.it\/wp-content\/uploads\/2025\/01\/329230998_944351900269977_5534923411150859492_n.jpeg 1024w, https:\/\/www.sportcinofili.it\/wp-content\/uploads\/2025\/01\/329230998_944351900269977_5534923411150859492_n-300x200.jpeg 300w, https:\/\/www.sportcinofili.it\/wp-content\/uploads\/2025\/01\/329230998_944351900269977_5534923411150859492_n-768x513.jpeg 768w, https:\/\/www.sportcinofili.it\/wp-content\/uploads\/2025\/01\/329230998_944351900269977_5534923411150859492_n-1000x668.jpeg 1000w, https:\/\/www.sportcinofili.it\/wp-content\/uploads\/2025\/01\/329230998_944351900269977_5534923411150859492_n-230x154.jpeg 230w, https:\/\/www.sportcinofili.it\/wp-content\/uploads\/2025\/01\/329230998_944351900269977_5534923411150859492_n-350x234.jpeg 350w, https:\/\/www.sportcinofili.it\/wp-content\/uploads\/2025\/01\/329230998_944351900269977_5534923411150859492_n-480x321.jpeg 480w\" sizes=\"(max-width: 1024px) 100vw, 1024px\" \/><\/p><p>Il <strong>Canicross<\/strong> \u00e8 una disciplina sportiva cinofila nata per mantenere allenati i cani da slitta in assenza di neve. Ci si allena sempre in zone verdi, mai su strade di cemento.\u00a0<\/p><p><strong>Quest\u2019 attivit\u00e0 \u00e8 l\u2019essenza dell\u2019unione di uomo-cane.<\/strong> La fiducia, lo sforzo insieme, il divertirsi insieme, fare qualcosa di divertente ed entusiasmante per entrambi. Il correre per il cane un comportamento dei pi\u00f9 normali per lui, se ci fate caso quando corre il cane \u00e8 sempre felice. \u00c8 uno sport di traino, ma \u00e8 vietato farsi trainare senza aiutare il cane, soprattutto in bike. In tutte le specialit\u00e0 il cane sta davanti \u00e8 lui che fa il passo e noi dobbiamo aiutarlo e vi assicuro che alla fine di una gara o allenamento il cane farebbe altri km mentre noi siamo stramazzati al suolo. E mi fa molto male quando si sentono le persone dire: ma sfruttate il cane, andate troppo forte, il cane non vuole \u00e8 la nostra megalomania etc. Senza sapere quanto lavoro c\u2019\u00e8 dietro a tutto questo. L\u2019alimentazione, l\u2019integrazione, l\u2019osteopata, gli allenamenti studiati e mirati. I nostri cani, se sentite alla partenza, urlano come i pazzi perch\u00e9 non vedono l\u2019ora di partire. In mezzo al bosco quando corriamo insieme si sentono i nostri cuori , il nostro ansimare e il calpestio del terreno da parte del cane \u00e8 una sensazione che solo chi pratica questo sport potr\u00e0 mai sentirlo e capirlo.<\/p><p>Il <strong>Canicross<\/strong> \u00e8 il nome dell\u2019attivit\u00e0 sportiva ed \u00e8 suddivisa in 3 specialit\u00e0:<\/p><p><em>Canicross, Bikejoring e Scootering.<\/em><\/p><p><strong>CANICROSS:<\/strong> \u00e8 l\u2019attivit\u00e0 di corsa, si \u00e8 uniti al cane che sta davanti al conduttore tramite una linea ammortizzata, il cane indossa un imbrago fatto a posta per correre, non \u00e8 una pettorina. Il conduttore indossa una cintura dove attacca la linea ammortizzata che lo aiuta nella corsa ed \u00e8 fatta in maniera tale da non avere problemi alla schiena o altro, bens\u00ec la cintura aiuta nella corsa, perch\u00e9 \u00e8 non solo nei fianchi ma anche nei glutei per aiutare il movimento della corsa<\/p><p><strong>BIKEJORING<\/strong>: \u00e8 l\u2019attivit\u00e0 fatta con la mountainbike, la linea ammortizzata \u00e8 legata nel manubrio, nello sterzo della mtb, dove troviamo un\u2019antenna che funge da prolunga per evitare che la linea possa andare in mezzo alla ruota. Il cane indossa sempre l\u2019imbrago.<\/p><p><strong>SCOOTERING:<\/strong> \u00e8 l\u2019attivit\u00e0 fatta con una specie di\u00a0 monopattino, ma ha delle ruote pi\u00f9 grosse, anche qui il cane viene agganciato davanti alla linea ammortizzata che \u00e8 legata allo sterzo del manubrio, dove parte anche qui l\u2019antenna (evita che la linea va in mezzo alle ruote).\u00a0<\/p><p>La Responsabile del Dipartimento, <strong>Cinzia Signoretti<\/strong>, \u00e8 una figura di spicco nel mondo del canicross. Nell\u2019<strong>ottobre 2023<\/strong>, ha conquistato il titolo di <strong>Campione del Mondo<\/strong> nella categoria <strong>Vet3<\/strong> di <strong>bikejoring<\/strong> in <strong>Germania<\/strong> (ICF). Inoltre, nell\u2019<strong>ottobre 2024<\/strong>, ha ottenuto il titolo di <strong>Vice Campione del Mondo<\/strong> a <strong>Bardonecchia, Italia<\/strong> (ICF).<\/p><p>Cinzia ha iniziato la sua carriera nel <strong>2017<\/strong>, partecipando al suo primo mondiale in <strong>Polonia<\/strong> (FIMSS). Nel corso degli anni, ha vinto numerosi titoli di <strong>Campionessa Italiana<\/strong> in <strong>bikejoring<\/strong>. Inoltre, \u00e8 <strong>Istruttore di 4\u00b0 livello di Canicross ed Educatore Cinofilo<\/strong> riconosciuto dalla <strong>FISC<\/strong>.<\/p><p>&#8212;<\/p><p><strong>Responsabile Nazionale Canicross<\/strong><\/p><p>Cinzia Signoretti<\/p><p>3392354958<\/p><p><a href=\"cinziasignoretti@gmail.com\">cinziasignoretti@gmail.com<\/a><\/p>\t\t\t\t\t\t\t\t<\/div>\n\t\t\t\t<\/div>\n\t\t\t\t\t<\/div>\n\t\t<\/div>\n\t\t\t\t\t<\/div>\n\t\t<\/section>\n\t\t\t\t<\/div>\n\t\t","protected":false},"excerpt":{"rendered":"<p>Il Canicross \u00e8 una disciplina sportiva cinofila nata per mantenere allenati i cani da slitta in assenza di neve. Ci si allena sempre in zone verdi, mai su strade di cemento.\u00a0 Quest\u2019 attivit\u00e0 \u00e8 l\u2019essenza dell\u2019unione di uomo-cane. La fiducia, lo sforzo insieme, il divertirsi insieme, fare qualcosa di divertente [&hellip;]<\/p>\n","protected":false},"author":1,"featured_media":0,"parent":0,"menu_order":0,"comment_status":"closed","ping_status":"closed","template":"","meta":{"om_disable_all_campaigns":false,"_monsterinsights_skip_tracking":false,"_monsterinsights_sitenote_active":false,"_monsterinsights_sitenote_note":"","_monsterinsights_sitenote_category":0,"_uf_show_specific_survey":0,"_uf_disable_surveys":false,"footnotes":""},"class_list":["post-32168","page","type-page","status-publish","hentry"],"aioseo_notices":[],"_links":{"self":[{"href":"https:\/\/www.sportcinofili.it\/index.php\/wp-json\/wp\/v2\/pages\/32168","targetHints":{"allow":["GET"]}}],"collection":[{"href":"https:\/\/www.sportcinofili.it\/index.php\/wp-json\/wp\/v2\/pages"}],"about":[{"href":"https:\/\/www.sportcinofili.it\/index.php\/wp-json\/wp\/v2\/types\/page"}],"author":[{"embeddable":true,"href":"https:\/\/www.sportcinofili.it\/index.php\/wp-json\/wp\/v2\/users\/1"}],"replies":[{"embeddable":true,"href":"https:\/\/www.sportcinofili.it\/index.php\/wp-json\/wp\/v2\/comments?post=32168"}],"version-history":[{"count":13,"href":"https:\/\/www.sportcinofili.it\/index.php\/wp-json\/wp\/v2\/pages\/32168\/revisions"}],"predecessor-version":[{"id":32213,"href":"https:\/\/www.sportcinofili.it\/index.php\/wp-json\/wp\/v2\/pages\/32168\/revisions\/32213"}],"wp:attachment":[{"href":"https:\/\/www.sportcinofili.it\/index.php\/wp-json\/wp\/v2\/media?parent=32168"}],"curies":[{"name":"wp","href":"https:\/\/api.w.org\/{rel}","templated":true}]}}