{"id":318,"date":"2016-08-23T15:25:17","date_gmt":"2016-08-23T13:25:17","guid":{"rendered":"http:\/\/www.sporttennis.it\/sportcinofili\/?page_id=318"},"modified":"2026-04-14T11:42:41","modified_gmt":"2026-04-14T09:42:41","slug":"treibball","status":"publish","type":"page","link":"https:\/\/www.sportcinofili.it\/index.php\/dipartimenti\/treibball\/","title":{"rendered":"Treibball"},"content":{"rendered":"\t\t<div data-elementor-type=\"wp-page\" data-elementor-id=\"318\" class=\"elementor elementor-318\">\n\t\t\t\t\t\t<section class=\"elementor-section elementor-top-section elementor-element elementor-element-a35a8cb elementor-section-boxed elementor-section-height-default elementor-section-height-default\" data-id=\"a35a8cb\" data-element_type=\"section\" data-e-type=\"section\">\n\t\t\t\t\t\t<div class=\"elementor-container elementor-column-gap-default\">\n\t\t\t\t\t<div class=\"elementor-column elementor-col-100 elementor-top-column elementor-element elementor-element-2f69b38b\" data-id=\"2f69b38b\" data-element_type=\"column\" data-e-type=\"column\">\n\t\t\t<div class=\"elementor-widget-wrap elementor-element-populated\">\n\t\t\t\t\t\t<div class=\"elementor-element elementor-element-1f7d03f8 elementor-widget elementor-widget-text-editor\" data-id=\"1f7d03f8\" data-element_type=\"widget\" data-e-type=\"widget\" data-widget_type=\"text-editor.default\">\n\t\t\t\t<div class=\"elementor-widget-container\">\n\t\t\t\t\t\t\t\t\t<p><img fetchpriority=\"high\" decoding=\"async\" class=\"aligncenter wp-image-16779\" src=\"http:\/\/www.sportcinofili.it\/wp-content\/uploads\/2020\/03\/CLOE.jpeg\" alt=\"\" width=\"631\" height=\"466\" srcset=\"https:\/\/www.sportcinofili.it\/wp-content\/uploads\/2020\/03\/CLOE.jpeg 1600w, https:\/\/www.sportcinofili.it\/wp-content\/uploads\/2020\/03\/CLOE-300x221.jpeg 300w, https:\/\/www.sportcinofili.it\/wp-content\/uploads\/2020\/03\/CLOE-768x566.jpeg 768w, https:\/\/www.sportcinofili.it\/wp-content\/uploads\/2020\/03\/CLOE-1024x755.jpeg 1024w, https:\/\/www.sportcinofili.it\/wp-content\/uploads\/2020\/03\/CLOE-148x109.jpeg 148w, https:\/\/www.sportcinofili.it\/wp-content\/uploads\/2020\/03\/CLOE-31x23.jpeg 31w, https:\/\/www.sportcinofili.it\/wp-content\/uploads\/2020\/03\/CLOE-38x28.jpeg 38w, https:\/\/www.sportcinofili.it\/wp-content\/uploads\/2020\/03\/CLOE-292x215.jpeg 292w, https:\/\/www.sportcinofili.it\/wp-content\/uploads\/2020\/03\/CLOE-830x612.jpeg 830w, https:\/\/www.sportcinofili.it\/wp-content\/uploads\/2020\/03\/CLOE-230x170.jpeg 230w, https:\/\/www.sportcinofili.it\/wp-content\/uploads\/2020\/03\/CLOE-350x258.jpeg 350w, https:\/\/www.sportcinofili.it\/wp-content\/uploads\/2020\/03\/CLOE-480x354.jpeg 480w\" sizes=\"(max-width: 631px) 100vw, 631px\" \/><\/p>\n<p style=\"text-align: justify;\"><strong>Il Treibball<\/strong> \u00e8 un nuovo sport per cani di tutte le et\u00e0 e taglie e per conduttori dai 10 anni in su.<\/p>\n<p style=\"text-align: justify;\">Questo sport si \u00e8 sviluppato in <strong>Germania nel 2007<\/strong>, poi \u00e8 sbarcato negli USA e adesso \u00e8 praticato in quasi tutta Europa.<\/p>\n<p style=\"text-align: justify;\">E\u2019 un gioco molto divertente per qualsiasi cane che <strong>rafforza la relazione tra cane e conduttore<\/strong>. Ed \u00e8 appunto il divertimento e la comunicazione tra uomo e cane che costituiscono l\u2019essenza del gioco.<\/p>\n<p style=\"text-align: justify;\">Nel Treibball il cane segue a distanza i comandi del suo conduttore (comandi verbali e\/o fisici), con lo scopo di spingere da 4 a 8 palloni, a seconda della categoria, in una porta. Il cane deve spingere la palla con l\u2019aiuto del naso, delle spalle o del petto, senza usare le zampe e i denti e quindi senza bucare la palla, tutto in un tempo massimo che va dai 7 ai 9 minuti a seconda della categoria. Per il cane \u00e8 una disciplina pi\u00f9 mentale che fisica, ha bisogno di una buona concentrazione e autocontrollo. La cosa pi\u00f9 bella ed emozionante \u00e8 che tra cane e conduttore nasce e cresce, con la costanza dell\u2019allenamento, una forte intesa col suo amico umano attraverso il linguaggio corporale.<\/p>\n<p style=\"text-align: justify;\"><em><strong>Ovviamente pi\u00f9 migliorer\u00e0 la comunicazione tra conduttore e cane, pi\u00f9 il movimento diventer\u00e0 fluido e i tempi sul cronometro si abbasseranno.<\/strong><\/em><\/p>\n<p style=\"text-align: justify;\">Il Treibball \u00e8 quindi un gioco a tempo: al fischio di inizio da parte del Giudice, il conduttore posizioner\u00e0 il cane nell\u2019area di partenza seduto o a terra e lui dovr\u00e0 invece posizionarsi al centro dell\u2019area di conduzione.<\/p>\n<p style=\"text-align: justify;\">Quando il cane lascer\u00e0 l\u2019area di partenza, e ci\u00f2 su comando del conduttore, il cronometrista far\u00e0 partire il tempo.<\/p>\n<p style=\"text-align: justify;\">Il conduttore invier\u00e0 il cane dall\u2018area di partenza alla posizione di picco, cio\u00e8 dietro alla palla di punta del triangolo formato dai palloni (il numero dei palloni varia a seconda del livello).<\/p>\n<p style=\"text-align: justify;\"><img decoding=\"async\" class=\"aligncenter size-full wp-image-16791\" src=\"http:\/\/www.sportcinofili.it\/wp-content\/uploads\/2020\/03\/formazione_junior.jpg\" alt=\"\" width=\"435\" height=\"142\" srcset=\"https:\/\/www.sportcinofili.it\/wp-content\/uploads\/2020\/03\/formazione_junior.jpg 435w, https:\/\/www.sportcinofili.it\/wp-content\/uploads\/2020\/03\/formazione_junior-300x98.jpg 300w, https:\/\/www.sportcinofili.it\/wp-content\/uploads\/2020\/03\/formazione_junior-148x48.jpg 148w, https:\/\/www.sportcinofili.it\/wp-content\/uploads\/2020\/03\/formazione_junior-31x10.jpg 31w, https:\/\/www.sportcinofili.it\/wp-content\/uploads\/2020\/03\/formazione_junior-38x12.jpg 38w, https:\/\/www.sportcinofili.it\/wp-content\/uploads\/2020\/03\/formazione_junior-425x139.jpg 425w, https:\/\/www.sportcinofili.it\/wp-content\/uploads\/2020\/03\/formazione_junior-230x75.jpg 230w, https:\/\/www.sportcinofili.it\/wp-content\/uploads\/2020\/03\/formazione_junior-350x114.jpg 350w\" sizes=\"(max-width: 435px) 100vw, 435px\" \/><\/p>\n<p style=\"text-align: justify;\">Quando tutti i palloni saranno posizionati dentro alla porta si dovr\u00e0 mettere a terra il cane e questo determiner\u00e0 lo stop al tempo e il termine della partita.<\/p>\n<p style=\"text-align: center;\"><iframe src=\"https:\/\/www.youtube.com\/embed\/N_EDhnuKomQ\" width=\"560\" height=\"315\" frameborder=\"0\" allowfullscreen=\"allowfullscreen\"><\/iframe><\/p>\n<p><span style=\"font-size: 14pt;\"><strong>DOCUMENTI:<\/strong><\/span><\/p>\n<ul>\n<li><a href=\"https:\/\/drive.google.com\/file\/d\/1FdHOhnHjbEts-2HmTGvck0S8q6AdTK0D\/view?usp=drive_link\"><strong>Regolamento TREIBBALL FISC<\/strong><\/a><\/li>\n<li>\n<p><span style=\"font-size: 14pt;\"><a href=\"https:\/\/drive.google.com\/file\/d\/1reM-nsz_BkAYXSxtTgNrlgUOsGkAPNCn\/view?usp=sharing\" target=\"_blank\" rel=\"noopener noreferrer\"><strong>Percorso formazione istruttori e giudici Treibball<\/strong><\/a>\u00a0<\/span><\/p>\n<\/li>\n<li><span style=\"font-size: 14pt;\">Modulo richiesta organizzazione corso istruttori: <a href=\"https:\/\/drive.google.com\/file\/d\/1RWBsJcA_rP0QO4RWR0cV1IIOL5MqA_ke\/view?usp=sharing\" target=\"_blank\" rel=\"noopener noreferrer\"><strong>Clicca qui per scaricare il modulo<\/strong><\/a><\/span><\/li>\n<li><span style=\"font-size: 14pt;\">Modulo richiesta organizzazione gare: <\/span><strong><a href=\"https:\/\/drive.google.com\/file\/d\/0B0-wosuk4yWMODlFQXF5V2M0RTQ\/view?usp=sharing\" target=\"_blank\" rel=\"noopener noreferrer\"><span style=\"font-size: 14pt;\">Clicca qui per scaricare il modulo<\/span><\/a><\/strong><\/li>\n<\/ul>\n<p><a href=\"https:\/\/drive.google.com\/file\/d\/1reM-nsz_BkAYXSxtTgNrlgUOsGkAPNCn\/view?usp=sharing\"><span style=\"font-size: 14pt;\"><img decoding=\"async\" class=\"aligncenter wp-image-6773 size-medium\" src=\"http:\/\/www.sportcinofili.it\/wp-content\/uploads\/2016\/09\/PULSANTI-COME-DIVENTARE-TREIBBAL-300x103.png\" alt=\"\" width=\"300\" height=\"103\" srcset=\"https:\/\/www.sportcinofili.it\/wp-content\/uploads\/2016\/09\/PULSANTI-COME-DIVENTARE-TREIBBAL-300x103.png 300w, https:\/\/www.sportcinofili.it\/wp-content\/uploads\/2016\/09\/PULSANTI-COME-DIVENTARE-TREIBBAL-768x262.png 768w, https:\/\/www.sportcinofili.it\/wp-content\/uploads\/2016\/09\/PULSANTI-COME-DIVENTARE-TREIBBAL-1024x350.png 1024w, https:\/\/www.sportcinofili.it\/wp-content\/uploads\/2016\/09\/PULSANTI-COME-DIVENTARE-TREIBBAL-830x284.png 830w, https:\/\/www.sportcinofili.it\/wp-content\/uploads\/2016\/09\/PULSANTI-COME-DIVENTARE-TREIBBAL-230x79.png 230w, https:\/\/www.sportcinofili.it\/wp-content\/uploads\/2016\/09\/PULSANTI-COME-DIVENTARE-TREIBBAL-350x120.png 350w, https:\/\/www.sportcinofili.it\/wp-content\/uploads\/2016\/09\/PULSANTI-COME-DIVENTARE-TREIBBAL-480x164.png 480w, https:\/\/www.sportcinofili.it\/wp-content\/uploads\/2016\/09\/PULSANTI-COME-DIVENTARE-TREIBBAL.png 1200w\" sizes=\"(max-width: 300px) 100vw, 300px\" \/><\/span><\/a><\/p>\n<p><strong><span style=\"font-size: 14pt;\">Responsabili Nazionale FISC settore Treibball:<\/span><\/strong><\/p>\n<p><strong>Elisa Peron<\/strong><\/p>\n<p>3333215813<\/p>\n<p><a href=\"elisa@peronsrl.com\">elisa@peronsrl.com<\/a><\/p>\n<p><strong>Diego Ruffo<\/strong><\/p>\n<p>3387323258<\/p>\n<p><a href=\"diegoruffo83@gmail.com\">diegoruffo83@gmail.com<\/a><\/p>\n<p><strong>REFERENTI TERRITORIALI:<\/strong><\/p>\n<p><strong>Cacchiani Fabio<\/strong>: Referente Regione Toscana e Centro-Italia.<\/p>\n<p>cell: 3932437022 &#8211; email: fabiocacchiani@live.it<\/p>\n<p>\u00a0<\/p>\n<p><\/p>\n<p><strong>Istruttori e Giudici Treibball FISC in Italia:<\/strong><\/p>\n<p><\/p>\n<figure class=\"wp-block-table\">\n<table style=\"width: 100%; border-collapse: collapse;\" border=\"1\">\n<thead>\n<tr style=\"background-color: #f2f2f2;\">\n<th style=\"padding: 10px; text-align: left;\"><strong>Cognome Nome<\/strong><\/th>\n<th style=\"padding: 10px; text-align: left;\"><strong>Provincia<\/strong><\/th>\n<th style=\"padding: 10px; text-align: left;\"><strong>Email<\/strong><\/th>\n<th style=\"padding: 10px; text-align: left;\"><strong>Qualifica Istruttore<\/strong><\/th>\n<th style=\"padding: 10px; text-align: left;\"><strong>Qualifica Giudice<\/strong><\/th>\n<\/tr>\n<\/thead>\n<tbody>\n<tr>\n<td>Agnelli Daniela<\/td>\n<td>BS<\/td>\n<td><a href=\"mailto:dagnelli88@gmail.com\">dagnelli88@gmail.com<\/a><\/td>\n<td>ISTRUTTORE<\/td>\n<td>\u00a0<\/td>\n<\/tr>\n<tr>\n<td>Beber Dennyse<\/td>\n<td>PC (Monticelli d&#8217;Ongina)<\/td>\n<td><a href=\"mailto:info@cchd.it\">info@cchd.it<\/a><\/td>\n<td>ISTRUTTORE<\/td>\n<td>\u00a0<\/td>\n<\/tr>\n<tr>\n<td>Blanket Veruska<\/td>\n<td>AO<\/td>\n<td><a href=\"mailto:veruska.blanchet@gmail.com\">veruska.blanchet@gmail.com<\/a><\/td>\n<td>ISTRUTTORE<\/td>\n<td>\u00a0<\/td>\n<\/tr>\n<tr>\n<td>Cacchiani Fabio<\/td>\n<td>PO<\/td>\n<td><a href=\"mailto:fabiocacchiani@live.it\">fabiocacchiani@live.it<\/a><\/td>\n<td>ISTRUTTORE<\/td>\n<td>GIUDICE<\/td>\n<\/tr>\n<tr>\n<td>Cipollini Dina<\/td>\n<td>MS (Carrara)<\/td>\n<td><a href=\"mailto:martycipollini82@gmail.com\">martycipollini82@gmail.com<\/a><\/td>\n<td>ISTRUTTORE<\/td>\n<td>\u00a0<\/td>\n<\/tr>\n<tr>\n<td>Dangelo Filippo<\/td>\n<td>MB<\/td>\n<td><a href=\"mailto:filippod88@gmail.com\">filippod88@gmail.com<\/a><\/td>\n<td>ISTRUTTORE<\/td>\n<td>\u00a0<\/td>\n<\/tr>\n<tr>\n<td>Delia Jessica<\/td>\n<td>MS (Carrara)<\/td>\n<td><a href=\"mailto:jessicadelia97@libero.it\">jessicadelia97@libero.it<\/a><\/td>\n<td>ISTRUTTORE<\/td>\n<td>\u00a0<\/td>\n<\/tr>\n<tr>\n<td>Donati Giulia<\/td>\n<td>PT<\/td>\n<td><a href=\"mailto:giulia.donati9@gmail.com\">giulia.donati9@gmail.com<\/a><\/td>\n<td>ISTRUTTORE<\/td>\n<td>\u00a0<\/td>\n<\/tr>\n<tr>\n<td>Flagello Silvia<\/td>\n<td>VI<\/td>\n<td><a href=\"mailto:silvy.roby97@yahoo.it\">silvy.roby97@yahoo.it<\/a><\/td>\n<td>ISTRUTTORE<\/td>\n<td>GIUDICE<\/td>\n<\/tr>\n<tr>\n<td>Fundone Diego<\/td>\n<td>VI<\/td>\n<td><a href=\"mailto:psicodog.veneto@gmail.com\">psicodog.veneto@gmail.com<\/a><\/td>\n<td>ISTRUTTORE<\/td>\n<td>\u00a0<\/td>\n<\/tr>\n<tr>\n<td>Garonzi Massimo<\/td>\n<td>VR<\/td>\n<td><a href=\"mailto:maxgaronzi@gmail.com\">maxgaronzi@gmail.com<\/a><\/td>\n<td>ISTRUTTORE<\/td>\n<td>\u00a0<\/td>\n<\/tr>\n<tr>\n<td>Iannascoli Katia<\/td>\n<td>PE<\/td>\n<td><a href=\"mailto:iannascoli.katia@alice.it\">iannascoli.katia@alice.it<\/a><\/td>\n<td>ISTRUTTORE<\/td>\n<td>\u00a0<\/td>\n<\/tr>\n<tr>\n<td>La Porta Barbara Anna<\/td>\n<td>PO<\/td>\n<td><a href=\"mailto:barbaralaporta@outlook.it\">barbaralaporta@outlook.it<\/a><\/td>\n<td>ISTRUTTORE<\/td>\n<td>GIUDICE<\/td>\n<\/tr>\n<tr>\n<td>Lanfranconi Elisa<\/td>\n<td>CH &#8211; Svizzera<\/td>\n<td><a href=\"mailto:grejselisa@yahoo.it\">grejselisa@yahoo.it<\/a><\/td>\n<td>ISTRUTTORE<\/td>\n<td>GIUDICE<\/td>\n<\/tr>\n<tr>\n<td>Longo Claudia<\/td>\n<td>PD<\/td>\n<td><a href=\"mailto:claudialongo40@gmail.com\">claudialongo40@gmail.com<\/a><\/td>\n<td>ISTRUTTORE<\/td>\n<td>GIUDICE<\/td>\n<\/tr>\n<tr>\n<td>Pedon Giulia<\/td>\n<td>VI<\/td>\n<td><a href=\"mailto:canidelcastello@gmail.com\">canidelcastello@gmail.com<\/a><\/td>\n<td>ISTRUTTORE<\/td>\n<td>GIUDICE<\/td>\n<\/tr>\n<tr>\n<td>Peron Elisa<\/td>\n<td>VI<\/td>\n<td><a href=\"mailto:elisa@peronsrl.com\">elisa@peronsrl.com<\/a><\/td>\n<td>ISTRUTTORE<\/td>\n<td>GIUDICE<\/td>\n<\/tr>\n<tr>\n<td>Ruffo Diego<\/td>\n<td>VR<\/td>\n<td><a href=\"mailto:diegoruffo83@gmail.com\">diegoruffo83@gmail.com<\/a><\/td>\n<td>ISTRUTTORE<\/td>\n<td>GIUDICE<\/td>\n<\/tr>\n<tr>\n<td>Ruggeri Giorgia<\/td>\n<td>CR<\/td>\n<td><a href=\"mailto:GIORGIARUGGERI204@GMAIL.COM\">GIORGIARUGGERI204@GMAIL.COM<\/a><\/td>\n<td>ISTRUTTORE<\/td>\n<td>\u00a0<\/td>\n<\/tr>\n<tr>\n<td>Sorgi Tommaso<\/td>\n<td>PE<\/td>\n<td><a href=\"mailto:08ymmot@gmail.com\">08ymmot@gmail.com<\/a><\/td>\n<td>ISTRUTTORE<\/td>\n<td>\u00a0<\/td>\n<\/tr>\n<tr>\n<td>Tilotta Silvia<\/td>\n<td>VA<\/td>\n<td><a href=\"mailto:silviatilotta2@gmail.com\">silviatilotta2@gmail.com<\/a><\/td>\n<td>ISTRUTTORE<\/td>\n<td>GIUDICE<\/td>\n<\/tr>\n<tr>\n<td>Torri Elisa<\/td>\n<td>VI<\/td>\n<td><a href=\"mailto:elisa.educatamentecane@gmail.com\">elisa.educatamentecane@gmail.com<\/a><\/td>\n<td>ISTRUTTORE<\/td>\n<td>\u00a0<\/td>\n<\/tr>\n<tr>\n<td>Witczac Magdalena<\/td>\n<td>CH &#8211; Svizzera<\/td>\n<td><a href=\"mailto:witczak_magdalena@live.com\">witczak_magdalena@live.com<\/a><\/td>\n<td>ISTRUTTORE<\/td>\n<td>GIUDICE<\/td>\n<\/tr>\n<\/tbody>\n<\/table>\n<\/figure>\t\t\t\t\t\t\t\t<\/div>\n\t\t\t\t<\/div>\n\t\t\t\t\t<\/div>\n\t\t<\/div>\n\t\t\t\t\t<\/div>\n\t\t<\/section>\n\t\t\t\t<\/div>\n\t\t","protected":false},"excerpt":{"rendered":"<p>Il Treibball \u00e8 un nuovo sport per cani di tutte le et\u00e0 e taglie e per conduttori dai 10 anni in su. Questo sport si \u00e8 sviluppato in Germania nel 2007, poi \u00e8 sbarcato negli USA e adesso \u00e8 praticato in quasi tutta Europa. E\u2019 un gioco molto divertente per [&hellip;]<\/p>\n","protected":false},"author":1,"featured_media":0,"parent":9307,"menu_order":0,"comment_status":"closed","ping_status":"closed","template":"","meta":{"om_disable_all_campaigns":false,"_monsterinsights_skip_tracking":false,"_monsterinsights_sitenote_active":false,"_monsterinsights_sitenote_note":"","_monsterinsights_sitenote_category":0,"_uf_show_specific_survey":0,"_uf_disable_surveys":false,"footnotes":""},"class_list":["post-318","page","type-page","status-publish","hentry"],"aioseo_notices":[],"_links":{"self":[{"href":"https:\/\/www.sportcinofili.it\/index.php\/wp-json\/wp\/v2\/pages\/318","targetHints":{"allow":["GET"]}}],"collection":[{"href":"https:\/\/www.sportcinofili.it\/index.php\/wp-json\/wp\/v2\/pages"}],"about":[{"href":"https:\/\/www.sportcinofili.it\/index.php\/wp-json\/wp\/v2\/types\/page"}],"author":[{"embeddable":true,"href":"https:\/\/www.sportcinofili.it\/index.php\/wp-json\/wp\/v2\/users\/1"}],"replies":[{"embeddable":true,"href":"https:\/\/www.sportcinofili.it\/index.php\/wp-json\/wp\/v2\/comments?post=318"}],"version-history":[{"count":96,"href":"https:\/\/www.sportcinofili.it\/index.php\/wp-json\/wp\/v2\/pages\/318\/revisions"}],"predecessor-version":[{"id":36859,"href":"https:\/\/www.sportcinofili.it\/index.php\/wp-json\/wp\/v2\/pages\/318\/revisions\/36859"}],"up":[{"embeddable":true,"href":"https:\/\/www.sportcinofili.it\/index.php\/wp-json\/wp\/v2\/pages\/9307"}],"wp:attachment":[{"href":"https:\/\/www.sportcinofili.it\/index.php\/wp-json\/wp\/v2\/media?parent=318"}],"curies":[{"name":"wp","href":"https:\/\/api.w.org\/{rel}","templated":true}]}}