{"id":311,"date":"2016-08-23T15:18:51","date_gmt":"2016-08-23T13:18:51","guid":{"rendered":"http:\/\/www.sporttennis.it\/sportcinofili\/?page_id=311"},"modified":"2025-05-29T12:51:07","modified_gmt":"2025-05-29T10:51:07","slug":"special-agility","status":"publish","type":"page","link":"https:\/\/www.sportcinofili.it\/index.php\/dipartimenti\/special-agility\/","title":{"rendered":"Special Agility"},"content":{"rendered":"\t\t<div data-elementor-type=\"wp-page\" data-elementor-id=\"311\" class=\"elementor elementor-311\">\n\t\t\t\t\t\t<section class=\"elementor-section elementor-top-section elementor-element elementor-element-1cd4079b elementor-section-boxed elementor-section-height-default elementor-section-height-default\" data-id=\"1cd4079b\" data-element_type=\"section\" data-e-type=\"section\">\n\t\t\t\t\t\t<div class=\"elementor-container elementor-column-gap-default\">\n\t\t\t\t\t<div class=\"elementor-column elementor-col-100 elementor-top-column elementor-element elementor-element-73c22f6d\" data-id=\"73c22f6d\" data-element_type=\"column\" data-e-type=\"column\">\n\t\t\t<div class=\"elementor-widget-wrap elementor-element-populated\">\n\t\t\t\t\t\t<div class=\"elementor-element elementor-element-76fcc682 elementor-widget elementor-widget-text-editor\" data-id=\"76fcc682\" data-element_type=\"widget\" data-e-type=\"widget\" data-widget_type=\"text-editor.default\">\n\t\t\t\t<div class=\"elementor-widget-container\">\n\t\t\t\t\t\t\t\t\t<p><img fetchpriority=\"high\" decoding=\"async\" class=\"aligncenter size-full wp-image-312\" src=\"http:\/\/www.sportcinofili.it\/wp-content\/uploads\/2016\/08\/special.jpg\" alt=\"Special Agility\" width=\"800\" height=\"555\" srcset=\"https:\/\/www.sportcinofili.it\/wp-content\/uploads\/2016\/08\/special.jpg 800w, https:\/\/www.sportcinofili.it\/wp-content\/uploads\/2016\/08\/special-300x208.jpg 300w, https:\/\/www.sportcinofili.it\/wp-content\/uploads\/2016\/08\/special-768x533.jpg 768w, https:\/\/www.sportcinofili.it\/wp-content\/uploads\/2016\/08\/special-230x160.jpg 230w, https:\/\/www.sportcinofili.it\/wp-content\/uploads\/2016\/08\/special-350x243.jpg 350w, https:\/\/www.sportcinofili.it\/wp-content\/uploads\/2016\/08\/special-480x333.jpg 480w\" sizes=\"(max-width: 800px) 100vw, 800px\" \/><\/p><p><strong>SPECIAL AGILITY<\/strong><\/p><p>L\u2019Agility \u00e8 un\u2019attivit\u00e0 cinofilo sportiva che pu\u00f2 essere praticata da tutti: bambini, adolescenti, adulti, anziani ed anche persone con disabilit\u00e0 fisiche e\/o mentali.<br \/>Tra gli obiettivi dell\u2019agility vi \u00e8 quello di migliorare le condizioni fisiche e psichiche e lo sviluppo delle relazioni sociali e di consolidare il rapporto tra cane e conduttore.<br \/>La \u201c<strong>Special Agility\u00ae<\/strong>\u201d \u00e8 stata creata per permettere anche a persone con disabilit\u00e0 fisiche e\/o intellettive e bambini (pre-agility) di praticare l\u2019agility a livello sportivo nell\u2019ottica dello spirito di aggregazione e di integrazione.<\/p><p>\u00a0<\/p><p><strong>DOCUMENTI:<\/strong><\/p><p>Per visualizzare i\u00a0<strong>regolamenti di settore<\/strong> ed il MANUALE di Special Agility\u00a0 clicca <a href=\"http:\/\/www.sportcinofili.it\/index.php\/download-documenti\/regolamenti-di-settore\/regolamenti-special-agility\/\">QUI<\/a><\/p>\t\t\t\t\t\t\t\t<\/div>\n\t\t\t\t<\/div>\n\t\t\t\t\t<\/div>\n\t\t<\/div>\n\t\t\t\t\t<\/div>\n\t\t<\/section>\n\t\t\t\t<\/div>\n\t\t","protected":false},"excerpt":{"rendered":"<p>SPECIAL AGILITY L\u2019Agility \u00e8 un\u2019attivit\u00e0 cinofilo sportiva che pu\u00f2 essere praticata da tutti: bambini, adolescenti, adulti, anziani ed anche persone con disabilit\u00e0 fisiche e\/o mentali.Tra gli obiettivi dell\u2019agility vi \u00e8 quello di migliorare le condizioni fisiche e psichiche e lo sviluppo delle relazioni sociali e di consolidare il rapporto tra [&hellip;]<\/p>\n","protected":false},"author":1,"featured_media":0,"parent":9307,"menu_order":0,"comment_status":"closed","ping_status":"closed","template":"","meta":{"om_disable_all_campaigns":false,"_monsterinsights_skip_tracking":false,"_monsterinsights_sitenote_active":false,"_monsterinsights_sitenote_note":"","_monsterinsights_sitenote_category":0,"_uf_show_specific_survey":0,"_uf_disable_surveys":false,"footnotes":""},"class_list":["post-311","page","type-page","status-publish","hentry"],"aioseo_notices":[],"_links":{"self":[{"href":"https:\/\/www.sportcinofili.it\/index.php\/wp-json\/wp\/v2\/pages\/311","targetHints":{"allow":["GET"]}}],"collection":[{"href":"https:\/\/www.sportcinofili.it\/index.php\/wp-json\/wp\/v2\/pages"}],"about":[{"href":"https:\/\/www.sportcinofili.it\/index.php\/wp-json\/wp\/v2\/types\/page"}],"author":[{"embeddable":true,"href":"https:\/\/www.sportcinofili.it\/index.php\/wp-json\/wp\/v2\/users\/1"}],"replies":[{"embeddable":true,"href":"https:\/\/www.sportcinofili.it\/index.php\/wp-json\/wp\/v2\/comments?post=311"}],"version-history":[{"count":9,"href":"https:\/\/www.sportcinofili.it\/index.php\/wp-json\/wp\/v2\/pages\/311\/revisions"}],"predecessor-version":[{"id":34336,"href":"https:\/\/www.sportcinofili.it\/index.php\/wp-json\/wp\/v2\/pages\/311\/revisions\/34336"}],"up":[{"embeddable":true,"href":"https:\/\/www.sportcinofili.it\/index.php\/wp-json\/wp\/v2\/pages\/9307"}],"wp:attachment":[{"href":"https:\/\/www.sportcinofili.it\/index.php\/wp-json\/wp\/v2\/media?parent=311"}],"curies":[{"name":"wp","href":"https:\/\/api.w.org\/{rel}","templated":true}]}}