{"id":308,"date":"2016-08-23T15:15:54","date_gmt":"2016-08-23T13:15:54","guid":{"rendered":"http:\/\/www.sporttennis.it\/sportcinofili\/?page_id=308"},"modified":"2025-02-28T10:54:28","modified_gmt":"2025-02-28T09:54:28","slug":"sleddog","status":"publish","type":"page","link":"https:\/\/www.sportcinofili.it\/index.php\/dipartimenti\/sleddog\/","title":{"rendered":"Sleddog"},"content":{"rendered":"\t\t<div data-elementor-type=\"wp-page\" data-elementor-id=\"308\" class=\"elementor elementor-308\">\n\t\t\t\t\t\t<section class=\"elementor-section elementor-top-section elementor-element elementor-element-3169c460 elementor-section-boxed elementor-section-height-default elementor-section-height-default\" data-id=\"3169c460\" data-element_type=\"section\" data-e-type=\"section\">\n\t\t\t\t\t\t<div class=\"elementor-container elementor-column-gap-default\">\n\t\t\t\t\t<div class=\"elementor-column elementor-col-100 elementor-top-column elementor-element elementor-element-374abf12\" data-id=\"374abf12\" data-element_type=\"column\" data-e-type=\"column\">\n\t\t\t<div class=\"elementor-widget-wrap elementor-element-populated\">\n\t\t\t\t\t\t<div class=\"elementor-element elementor-element-39fe7de3 elementor-widget elementor-widget-text-editor\" data-id=\"39fe7de3\" data-element_type=\"widget\" data-e-type=\"widget\" data-widget_type=\"text-editor.default\">\n\t\t\t\t<div class=\"elementor-widget-container\">\n\t\t\t\t\t\t\t\t\t<p><img fetchpriority=\"high\" decoding=\"async\" class=\"aligncenter size-full wp-image-309\" src=\"http:\/\/www.sportcinofili.it\/wp-content\/uploads\/2016\/08\/huskies-273409_1920-47b65024.jpg\" alt=\"Sleddog\" width=\"640\" height=\"446\" srcset=\"https:\/\/www.sportcinofili.it\/wp-content\/uploads\/2016\/08\/huskies-273409_1920-47b65024.jpg 640w, https:\/\/www.sportcinofili.it\/wp-content\/uploads\/2016\/08\/huskies-273409_1920-47b65024-300x209.jpg 300w, https:\/\/www.sportcinofili.it\/wp-content\/uploads\/2016\/08\/huskies-273409_1920-47b65024-230x160.jpg 230w, https:\/\/www.sportcinofili.it\/wp-content\/uploads\/2016\/08\/huskies-273409_1920-47b65024-350x244.jpg 350w, https:\/\/www.sportcinofili.it\/wp-content\/uploads\/2016\/08\/huskies-273409_1920-47b65024-480x335.jpg 480w\" sizes=\"(max-width: 640px) 100vw, 640px\" \/><\/p><p>Lo Sleddog consinte in una corsa con i cani da slitta, ovviamente \u00e8 uno sport invernale praticato su slitte giudate da un conduttore, denominato musher.<\/p><p>Normalmente sono impiegati cani di razza nordica come il Siberian Husky, l&#8217;Alaskan Malamute, il Samoiedo, il Groenlandese o l&#8217;Alaskano.<\/p><p>Ci sono quattro specialit\u00e0: lo sprint, la media distanza, i long trail e le stage race. La sprint consiste in un percorso di pochi chilometri, invece la media distanza \u00e8 una via di mezzo tra la sprint e la long trail perch\u00e9 la long trail consiste soprattutto nella resistenza dei cani e del musher.<\/p><p>Le gare pi\u00f9 importanti e pi\u00f9 difficili si svolgono nei paesi del nord Europa, ma \u00e8 ormai diffuso anche in Italia non solo sulle Alpi ma anche in Appennino. La FISC ha intenzione di promuovere lo sleddog in Italia fornendo assistenza e servizi ai suoi praticanti.<\/p><p>\u00a0<\/p><p><a href=\"https:\/\/drive.google.com\/file\/d\/1iCOTrWAYoKfYLOmj04ftTz0oZlqQWdUc\/view?usp=sharing\"><em><strong>CLICCA QUI<\/strong><\/em><\/a> per scaricare il Regolamento di Formazione<\/p>\t\t\t\t\t\t\t\t<\/div>\n\t\t\t\t<\/div>\n\t\t\t\t\t<\/div>\n\t\t<\/div>\n\t\t\t\t\t<\/div>\n\t\t<\/section>\n\t\t\t\t<\/div>\n\t\t","protected":false},"excerpt":{"rendered":"<p>Lo Sleddog consinte in una corsa con i cani da slitta, ovviamente \u00e8 uno sport invernale praticato su slitte giudate da un conduttore, denominato musher. Normalmente sono impiegati cani di razza nordica come il Siberian Husky, l&#8217;Alaskan Malamute, il Samoiedo, il Groenlandese o l&#8217;Alaskano. Ci sono quattro specialit\u00e0: lo sprint, [&hellip;]<\/p>\n","protected":false},"author":1,"featured_media":0,"parent":9307,"menu_order":0,"comment_status":"closed","ping_status":"closed","template":"","meta":{"om_disable_all_campaigns":false,"_monsterinsights_skip_tracking":false,"_monsterinsights_sitenote_active":false,"_monsterinsights_sitenote_note":"","_monsterinsights_sitenote_category":0,"_uf_show_specific_survey":0,"_uf_disable_surveys":false,"footnotes":""},"class_list":["post-308","page","type-page","status-publish","hentry"],"aioseo_notices":[],"_links":{"self":[{"href":"https:\/\/www.sportcinofili.it\/index.php\/wp-json\/wp\/v2\/pages\/308","targetHints":{"allow":["GET"]}}],"collection":[{"href":"https:\/\/www.sportcinofili.it\/index.php\/wp-json\/wp\/v2\/pages"}],"about":[{"href":"https:\/\/www.sportcinofili.it\/index.php\/wp-json\/wp\/v2\/types\/page"}],"author":[{"embeddable":true,"href":"https:\/\/www.sportcinofili.it\/index.php\/wp-json\/wp\/v2\/users\/1"}],"replies":[{"embeddable":true,"href":"https:\/\/www.sportcinofili.it\/index.php\/wp-json\/wp\/v2\/comments?post=308"}],"version-history":[{"count":9,"href":"https:\/\/www.sportcinofili.it\/index.php\/wp-json\/wp\/v2\/pages\/308\/revisions"}],"predecessor-version":[{"id":32975,"href":"https:\/\/www.sportcinofili.it\/index.php\/wp-json\/wp\/v2\/pages\/308\/revisions\/32975"}],"up":[{"embeddable":true,"href":"https:\/\/www.sportcinofili.it\/index.php\/wp-json\/wp\/v2\/pages\/9307"}],"wp:attachment":[{"href":"https:\/\/www.sportcinofili.it\/index.php\/wp-json\/wp\/v2\/media?parent=308"}],"curies":[{"name":"wp","href":"https:\/\/api.w.org\/{rel}","templated":true}]}}