{"id":292,"date":"2016-08-23T13:04:09","date_gmt":"2016-08-23T11:04:09","guid":{"rendered":"http:\/\/www.sporttennis.it\/sportcinofili\/?page_id=292"},"modified":"2025-07-23T09:52:50","modified_gmt":"2025-07-23T07:52:50","slug":"rally-obedience","status":"publish","type":"page","link":"https:\/\/www.sportcinofili.it\/index.php\/dipartimenti\/rally-obedience\/","title":{"rendered":"Rally Obedience"},"content":{"rendered":"\t\t<div data-elementor-type=\"wp-page\" data-elementor-id=\"292\" class=\"elementor elementor-292\">\n\t\t\t\t\t\t<section class=\"elementor-section elementor-top-section elementor-element elementor-element-77942e80 elementor-section-boxed elementor-section-height-default elementor-section-height-default\" data-id=\"77942e80\" data-element_type=\"section\" data-e-type=\"section\">\n\t\t\t\t\t\t<div class=\"elementor-container elementor-column-gap-default\">\n\t\t\t\t\t<div class=\"elementor-column elementor-col-100 elementor-top-column elementor-element elementor-element-6e3c85ac\" data-id=\"6e3c85ac\" data-element_type=\"column\" data-e-type=\"column\">\n\t\t\t<div class=\"elementor-widget-wrap elementor-element-populated\">\n\t\t\t\t\t\t<div class=\"elementor-element elementor-element-5f10d5fc elementor-widget elementor-widget-text-editor\" data-id=\"5f10d5fc\" data-element_type=\"widget\" data-e-type=\"widget\" data-widget_type=\"text-editor.default\">\n\t\t\t\t<div class=\"elementor-widget-container\">\n\t\t\t\t\t\t\t\t\t<p><img fetchpriority=\"high\" decoding=\"async\" class=\"wp-image-18904 aligncenter\" src=\"http:\/\/www.sportcinofili.it\/wp-content\/uploads\/2021\/02\/IMG_0577f-300x200.jpg\" alt=\"\" width=\"355\" height=\"237\" srcset=\"https:\/\/www.sportcinofili.it\/wp-content\/uploads\/2021\/02\/IMG_0577f-300x200.jpg 300w, https:\/\/www.sportcinofili.it\/wp-content\/uploads\/2021\/02\/IMG_0577f-1024x683.jpg 1024w, https:\/\/www.sportcinofili.it\/wp-content\/uploads\/2021\/02\/IMG_0577f-768x512.jpg 768w, https:\/\/www.sportcinofili.it\/wp-content\/uploads\/2021\/02\/IMG_0577f-1536x1024.jpg 1536w, https:\/\/www.sportcinofili.it\/wp-content\/uploads\/2021\/02\/IMG_0577f-2048x1365.jpg 2048w, https:\/\/www.sportcinofili.it\/wp-content\/uploads\/2021\/02\/IMG_0577f-830x553.jpg 830w, https:\/\/www.sportcinofili.it\/wp-content\/uploads\/2021\/02\/IMG_0577f-230x153.jpg 230w, https:\/\/www.sportcinofili.it\/wp-content\/uploads\/2021\/02\/IMG_0577f-350x233.jpg 350w, https:\/\/www.sportcinofili.it\/wp-content\/uploads\/2021\/02\/IMG_0577f-480x320.jpg 480w\" sizes=\"(max-width: 355px) 100vw, 355px\" \/><\/p><h3><span data-mce-mark=\"1\"><strong>R<\/strong><\/span><span data-mce-mark=\"1\"><strong>ALLY-OBEDIENCE<\/strong><\/span><\/h3><p>La Rally-Obedience nasce negli Stati Uniti nel 2000 per merito di\u00a0<span id=\"fc537ib_5\" class=\"fc537ib\" data-mce-mark=\"1\">Charles<\/span>\u00a0\u201cBud\u201d Kramer, gi\u00e0 giudice di Obedience.<\/p><p>La rally-obedience \u00e8 una disciplina sportiva adatta a tutti i cani e a tutti i conduttori, dove \u00e8 previsto che il binomio cane-uomo compia un\u00a0percorso lungo\u00a0il quale devono essere eseguiti esercizi indicati da cartelli disposti lungo il tragitto. Lo spostamento tra una stazione e la successiva deve, ove non diversamente indicato, essere eseguita &#8220;in condotta&#8221; ed a passo normale.<\/p><p>Le nostre regole di gara e i criteri di giudizio incoraggiano i rinforzi positivi durante un percorso di Rally-O, e vietano l&#8217;uso di correzioni fisiche o verbali. La collaborazione sul percorso di Rally-O \u00e8 pi\u00f9 importante della precisione nel compiere i vari esercizi. Il nostro obiettivo, sia per il cane sia per il suo conduttore, \u00e8 che il tempo passato nel Ring di gara sia piacevoli.<\/p><p><strong>Responsabile nazionale Marco chiaro <\/strong><\/p><p>+39 346 836 7722<\/p><p><a href=\"mailto:rallyo.fisc@gmail.com\">rallyo.fisc@gmail.com<\/a><\/p><p><strong>Vice Responsabile nazionale Chiara Ferraresi<\/strong><\/p><p>+39 331 769 2045<\/p><p><a href=\"mailto:mirsamplus@gmail.com\">mirsamplus@gmail.com<\/a><\/p><p>Al seguente<a href=\"https:\/\/sites.google.com\/view\/rallyo-fisc\/il-team?authuser=0\"> link<\/a>\u00a0 l&#8217;ORGANIGRAMMA DIPARTIMENTO<\/p><p>Al seguente <strong><a href=\"https:\/\/sites.google.com\/view\/rallyo-fisc\/home\">link<\/a><\/strong> tutte le informazioni relative al dipartimento.<\/p><div>Al seguente <strong><a href=\"https:\/\/sites.google.com\/view\/rallyo-fisc\/istruttori-e-giudici\">link<\/a><\/strong> i <em><strong>corsi<\/strong><\/em> per istruttori in calendario<\/div><div>\u00a0<\/div><div>Al seguente <strong><a href=\"https:\/\/drive.google.com\/file\/d\/15RIOiRhOYkSmnkShkBFnai-xMKRfNASB\/view\">link<\/a><\/strong> il calendario gare Rally-O 2025<\/div><div>\u00a0<\/div><div>Al seguente <a href=\"https:\/\/sites.google.com\/view\/rallyo-fisc\/campionato\"><strong>link<\/strong> <\/a>il calendario delle gare di Campionato Rally-O 2025<\/div><div>\u00a0<\/div><p><a href=\"https:\/\/sites.google.com\/view\/rallyo-fisc\/regolamenti\"><img decoding=\"async\" class=\"aligncenter wp-image-6784 size-medium\" src=\"http:\/\/www.sportcinofili.it\/wp-content\/uploads\/2016\/09\/PULSANTI-GROSSI-COME-DIVENTARE-RALLY-OBEDIENCE-300x103.png\" alt=\"\" width=\"300\" height=\"103\" srcset=\"https:\/\/www.sportcinofili.it\/wp-content\/uploads\/2016\/09\/PULSANTI-GROSSI-COME-DIVENTARE-RALLY-OBEDIENCE-300x103.png 300w, https:\/\/www.sportcinofili.it\/wp-content\/uploads\/2016\/09\/PULSANTI-GROSSI-COME-DIVENTARE-RALLY-OBEDIENCE-768x262.png 768w, https:\/\/www.sportcinofili.it\/wp-content\/uploads\/2016\/09\/PULSANTI-GROSSI-COME-DIVENTARE-RALLY-OBEDIENCE-1024x350.png 1024w, https:\/\/www.sportcinofili.it\/wp-content\/uploads\/2016\/09\/PULSANTI-GROSSI-COME-DIVENTARE-RALLY-OBEDIENCE-830x284.png 830w, https:\/\/www.sportcinofili.it\/wp-content\/uploads\/2016\/09\/PULSANTI-GROSSI-COME-DIVENTARE-RALLY-OBEDIENCE-230x79.png 230w, https:\/\/www.sportcinofili.it\/wp-content\/uploads\/2016\/09\/PULSANTI-GROSSI-COME-DIVENTARE-RALLY-OBEDIENCE-350x120.png 350w, https:\/\/www.sportcinofili.it\/wp-content\/uploads\/2016\/09\/PULSANTI-GROSSI-COME-DIVENTARE-RALLY-OBEDIENCE-480x164.png 480w, https:\/\/www.sportcinofili.it\/wp-content\/uploads\/2016\/09\/PULSANTI-GROSSI-COME-DIVENTARE-RALLY-OBEDIENCE.png 1200w\" sizes=\"(max-width: 300px) 100vw, 300px\" \/><\/a><\/p><p>Al seguente<a href=\"https:\/\/sites.google.com\/view\/rallyo-fisc\/i-nostri-centri?authuser=0\"> link<\/a> I NOSTRI CENTRI<\/p><p><img decoding=\"async\" class=\"alignnone wp-image-26931\" src=\"http:\/\/www.sportcinofili.it\/wp-content\/uploads\/2023\/09\/Rally-Obedience_logonuovo_altadefinizione-1-300x284.png\" alt=\"\" width=\"130\" height=\"123\" srcset=\"https:\/\/www.sportcinofili.it\/wp-content\/uploads\/2023\/09\/Rally-Obedience_logonuovo_altadefinizione-1-300x284.png 300w, https:\/\/www.sportcinofili.it\/wp-content\/uploads\/2023\/09\/Rally-Obedience_logonuovo_altadefinizione-1-1024x968.png 1024w, https:\/\/www.sportcinofili.it\/wp-content\/uploads\/2023\/09\/Rally-Obedience_logonuovo_altadefinizione-1-768x726.png 768w, https:\/\/www.sportcinofili.it\/wp-content\/uploads\/2023\/09\/Rally-Obedience_logonuovo_altadefinizione-1-1536x1452.png 1536w, https:\/\/www.sportcinofili.it\/wp-content\/uploads\/2023\/09\/Rally-Obedience_logonuovo_altadefinizione-1-2048x1936.png 2048w, https:\/\/www.sportcinofili.it\/wp-content\/uploads\/2023\/09\/Rally-Obedience_logonuovo_altadefinizione-1-1000x945.png 1000w, https:\/\/www.sportcinofili.it\/wp-content\/uploads\/2023\/09\/Rally-Obedience_logonuovo_altadefinizione-1-230x217.png 230w, https:\/\/www.sportcinofili.it\/wp-content\/uploads\/2023\/09\/Rally-Obedience_logonuovo_altadefinizione-1-350x331.png 350w, https:\/\/www.sportcinofili.it\/wp-content\/uploads\/2023\/09\/Rally-Obedience_logonuovo_altadefinizione-1-480x454.png 480w\" sizes=\"(max-width: 130px) 100vw, 130px\" \/><\/p><p style=\"text-align: center;\">_____________________________________________________<\/p><h4><span data-mce-mark=\"1\"><strong>R<\/strong><\/span><span data-mce-mark=\"1\"><strong>ALLY-OBEDIENCE FREE\u00a0 <span style=\"color: #ff0000;\">&lt;&#8212;NEW 2023!<\/span><\/strong><\/span><\/h4><p style=\"font-weight: 400;\">&#8220;Il progetto Rally-O\u2019 Free, \u00e8\u00a0<u>un\u2019attivit\u00e0 ludico, educativa, sportiva non agonistica e non competitiva<\/u>\u00a0ed \u00e8 praticabile da tutti i cani, compatibilmente con il proprio stato di salute ed emotivo, volto a promuovere l\u2019attivit\u00e0 e la relazione del binomio tramite una serie di esercizi che permettano un ampliamento dello spettro delle competenze del cane.<\/p><p style=\"font-weight: 400;\">L\u2019attivit\u00e0 consiste nell\u2019affrontare un percorso di Rally-O, integrando ad alcuni cartelli della disciplina sportiva, i nuovi cartelli di Rally-O Free, partendo dalle capacit\u00e0 del singolo soggetto.<\/p><p style=\"font-weight: 400;\">I cartelli prevedono l\u2019inserimento, all\u2019interno del percorso, di tricks, distrazioni varie, attrezzi di agility, e il superamento di ostacoli e\/o superfici diverse.<\/p><p style=\"font-weight: 400;\">L\u2019attivit\u00e0 non prevede nessun limite di tempo, punteggi o penalit\u00e0 in quanto l\u2019obiettivo \u00e8 di promuovere la riuscita dell\u2019esercizio proposto, nei tempi e nei modi pi\u00f9 consoni al cane.<\/p><p style=\"font-weight: 400;\">Nel predisporre un percorso il suggerimento \u00e8 quello di abbinare ad alcuni cartelli della Rally-O, un cartello dedicato della Rally-O Free, con le indicazioni previste dalle Linee Guida e a seconda delle competenze del cane e degli obiettivi preposti lavorando sulla variabilit\u00e0, le competenze, la relazione e la fiducia.<\/p><p style=\"font-weight: 400;\">Rally-O Free, do it!\u00a0&#8220;<\/p><p>________________________________________<\/p><p>Al seguente<strong><a href=\"https:\/\/sites.google.com\/view\/rallyo-fisc\/rally-o-free\"> link<\/a><\/strong> tutte le informazioni relative al dipartimento\u00a0<\/p><p>Al seguente<a href=\"https:\/\/drive.google.com\/file\/d\/1Ey9-IjXPJmgPzYOOYCCoUmB1DUm1IQ2d\/view?usp=sharing\"><strong> link<\/strong><\/a> il REGOLAMENTO<\/p><p>Al seguente <a href=\"https:\/\/drive.google.com\/file\/d\/1A_pJXAo5-gRHyxqF6qKFqEgaRQNLNC4q\/view?usp=sharing\"><strong>link<\/strong><\/a> la PRESENTAZIONE della disciplina<\/p><p>Al seguente <a href=\"https:\/\/drive.google.com\/file\/d\/1MAMtyradJB4rnI0OYixxrqszd23_xKI8\/view?usp=sharing\"><strong>link<\/strong><\/a> il PERCORSO DI FORMAZIONE<\/p><p>________________________________________<\/p><p><strong>Referente Rally-O Free<\/strong><\/p><p>Francesca Mezzapesa<\/p><p>329-5304014<\/p><p><a href=\"mailto:rallyofree@gmail.com\" target=\"_blank\" rel=\"noopener\">rallyofree@gmail.com<\/a><\/p><p><img loading=\"lazy\" decoding=\"async\" class=\"alignnone wp-image-26167\" src=\"http:\/\/www.sportcinofili.it\/wp-content\/uploads\/2023\/06\/Progetto-senza-titolo-27-e1687527989874-300x298.png\" alt=\"\" width=\"170\" height=\"169\" srcset=\"https:\/\/www.sportcinofili.it\/wp-content\/uploads\/2023\/06\/Progetto-senza-titolo-27-e1687527989874-300x298.png 300w, https:\/\/www.sportcinofili.it\/wp-content\/uploads\/2023\/06\/Progetto-senza-titolo-27-e1687527989874-150x150.png 150w, https:\/\/www.sportcinofili.it\/wp-content\/uploads\/2023\/06\/Progetto-senza-titolo-27-e1687527989874-768x763.png 768w, https:\/\/www.sportcinofili.it\/wp-content\/uploads\/2023\/06\/Progetto-senza-titolo-27-e1687527989874-230x229.png 230w, https:\/\/www.sportcinofili.it\/wp-content\/uploads\/2023\/06\/Progetto-senza-titolo-27-e1687527989874-350x348.png 350w, https:\/\/www.sportcinofili.it\/wp-content\/uploads\/2023\/06\/Progetto-senza-titolo-27-e1687527989874-480x477.png 480w, https:\/\/www.sportcinofili.it\/wp-content\/uploads\/2023\/06\/Progetto-senza-titolo-27-e1687527989874.png 788w\" sizes=\"(max-width: 170px) 100vw, 170px\" \/><\/p><p>_________________________________________<\/p><p><em><strong>Referente Nazionale Rally-O Splash:<\/strong><\/em><\/p><p><strong>Chiara Ferraresi<\/strong><\/p><p>rallyo.splash@gmail.com<\/p><p>Cell:\u00a0331 769 2045<\/p><p><strong><a href=\"https:\/\/drive.google.com\/file\/d\/1eZifIsEU9Cm_j4WWxZMjJmuiqJUxku_H\/view?usp=sharing\">PRESENTAZIONE RALLY-O SPLASH<\/a><\/strong><\/p><p><a href=\"https:\/\/sites.google.com\/view\/rallyo-fisc\/rally-o-splash\"><b>CLICCA QUI <\/b><\/a>per visionare il sito del Dipartimento Rally-O Splash<\/p><p><a href=\"https:\/\/drive.google.com\/file\/d\/1I-E5gK2jW-ONw2-dzANVRW1IKJZalQMY\/view?usp=sharing\"><strong>CLICCA QUI<\/strong>\u00a0<\/a>per scaricare il Regolamento del Rally-o Splash<\/p><p><a href=\"https:\/\/drive.google.com\/file\/d\/18Hs8VIzqwtlmWUupr4d7FqdDrMFjdShk\/view?usp=sharing\"><b>CLICCA QUI <\/b><\/a>per scaricare il Regolamento Formazione<\/p><p><a href=\"https:\/\/drive.google.com\/file\/d\/101hhxEo6gTcxpS52plhfq0PEk3Jdnkcr\/view?usp=sharing\"><strong><span style=\"color: #000080;\">CLICCA QUI<\/span><\/strong> <\/a><span style=\"color: #000000;\">per scaricare i Cartelli Rally-O Splash\u00a0<\/span><\/p><p><img loading=\"lazy\" decoding=\"async\" class=\"alignnone size-full wp-image-31423\" src=\"http:\/\/www.sportcinofili.it\/wp-content\/uploads\/2024\/10\/RallyOSplash_Logo.png\" alt=\"\" width=\"3264\" height=\"573\" srcset=\"https:\/\/www.sportcinofili.it\/wp-content\/uploads\/2024\/10\/RallyOSplash_Logo.png 3264w, https:\/\/www.sportcinofili.it\/wp-content\/uploads\/2024\/10\/RallyOSplash_Logo-300x53.png 300w, https:\/\/www.sportcinofili.it\/wp-content\/uploads\/2024\/10\/RallyOSplash_Logo-1024x180.png 1024w, https:\/\/www.sportcinofili.it\/wp-content\/uploads\/2024\/10\/RallyOSplash_Logo-768x135.png 768w, https:\/\/www.sportcinofili.it\/wp-content\/uploads\/2024\/10\/RallyOSplash_Logo-1536x270.png 1536w, https:\/\/www.sportcinofili.it\/wp-content\/uploads\/2024\/10\/RallyOSplash_Logo-2048x360.png 2048w, https:\/\/www.sportcinofili.it\/wp-content\/uploads\/2024\/10\/RallyOSplash_Logo-1000x176.png 1000w, https:\/\/www.sportcinofili.it\/wp-content\/uploads\/2024\/10\/RallyOSplash_Logo-230x40.png 230w, https:\/\/www.sportcinofili.it\/wp-content\/uploads\/2024\/10\/RallyOSplash_Logo-350x61.png 350w, https:\/\/www.sportcinofili.it\/wp-content\/uploads\/2024\/10\/RallyOSplash_Logo-480x84.png 480w\" sizes=\"(max-width: 3264px) 100vw, 3264px\" \/><\/p>\t\t\t\t\t\t\t\t<\/div>\n\t\t\t\t<\/div>\n\t\t\t\t\t<\/div>\n\t\t<\/div>\n\t\t\t\t\t<\/div>\n\t\t<\/section>\n\t\t\t\t<section class=\"elementor-section elementor-top-section elementor-element elementor-element-79e4b9f elementor-section-boxed elementor-section-height-default elementor-section-height-default\" data-id=\"79e4b9f\" data-element_type=\"section\" data-e-type=\"section\">\n\t\t\t\t\t\t<div class=\"elementor-container elementor-column-gap-default\">\n\t\t\t\t\t<div class=\"elementor-column elementor-col-100 elementor-top-column elementor-element elementor-element-00cdb1d\" data-id=\"00cdb1d\" data-element_type=\"column\" data-e-type=\"column\">\n\t\t\t<div class=\"elementor-widget-wrap\">\n\t\t\t\t\t\t\t<\/div>\n\t\t<\/div>\n\t\t\t\t\t<\/div>\n\t\t<\/section>\n\t\t\t\t<\/div>\n\t\t","protected":false},"excerpt":{"rendered":"<p>RALLY-OBEDIENCE La Rally-Obedience nasce negli Stati Uniti nel 2000 per merito di\u00a0Charles\u00a0\u201cBud\u201d Kramer, gi\u00e0 giudice di Obedience. La rally-obedience \u00e8 una disciplina sportiva adatta a tutti i cani e a tutti i conduttori, dove \u00e8 previsto che il binomio cane-uomo compia un\u00a0percorso lungo\u00a0il quale devono essere eseguiti esercizi indicati da [&hellip;]<\/p>\n","protected":false},"author":1,"featured_media":0,"parent":9307,"menu_order":0,"comment_status":"closed","ping_status":"closed","template":"","meta":{"om_disable_all_campaigns":false,"_monsterinsights_skip_tracking":false,"_monsterinsights_sitenote_active":false,"_monsterinsights_sitenote_note":"","_monsterinsights_sitenote_category":0,"_uf_show_specific_survey":0,"_uf_disable_surveys":false,"footnotes":""},"class_list":["post-292","page","type-page","status-publish","hentry"],"aioseo_notices":[],"_links":{"self":[{"href":"https:\/\/www.sportcinofili.it\/index.php\/wp-json\/wp\/v2\/pages\/292","targetHints":{"allow":["GET"]}}],"collection":[{"href":"https:\/\/www.sportcinofili.it\/index.php\/wp-json\/wp\/v2\/pages"}],"about":[{"href":"https:\/\/www.sportcinofili.it\/index.php\/wp-json\/wp\/v2\/types\/page"}],"author":[{"embeddable":true,"href":"https:\/\/www.sportcinofili.it\/index.php\/wp-json\/wp\/v2\/users\/1"}],"replies":[{"embeddable":true,"href":"https:\/\/www.sportcinofili.it\/index.php\/wp-json\/wp\/v2\/comments?post=292"}],"version-history":[{"count":215,"href":"https:\/\/www.sportcinofili.it\/index.php\/wp-json\/wp\/v2\/pages\/292\/revisions"}],"predecessor-version":[{"id":34716,"href":"https:\/\/www.sportcinofili.it\/index.php\/wp-json\/wp\/v2\/pages\/292\/revisions\/34716"}],"up":[{"embeddable":true,"href":"https:\/\/www.sportcinofili.it\/index.php\/wp-json\/wp\/v2\/pages\/9307"}],"wp:attachment":[{"href":"https:\/\/www.sportcinofili.it\/index.php\/wp-json\/wp\/v2\/media?parent=292"}],"curies":[{"name":"wp","href":"https:\/\/api.w.org\/{rel}","templated":true}]}}