{"id":279,"date":"2016-08-23T10:54:08","date_gmt":"2016-08-23T08:54:08","guid":{"rendered":"http:\/\/www.sporttennis.it\/sportcinofili\/?page_id=279"},"modified":"2025-03-04T16:17:24","modified_gmt":"2025-03-04T15:17:24","slug":"pentadog","status":"publish","type":"page","link":"https:\/\/www.sportcinofili.it\/index.php\/dipartimenti\/pentadog\/","title":{"rendered":"Pentadog\u00ae"},"content":{"rendered":"\t\t<div data-elementor-type=\"wp-page\" data-elementor-id=\"279\" class=\"elementor elementor-279\">\n\t\t\t\t\t\t<section class=\"elementor-section elementor-top-section elementor-element elementor-element-23fb2882 elementor-section-boxed elementor-section-height-default elementor-section-height-default\" data-id=\"23fb2882\" data-element_type=\"section\" data-e-type=\"section\">\n\t\t\t\t\t\t<div class=\"elementor-container elementor-column-gap-default\">\n\t\t\t\t\t<div class=\"elementor-column elementor-col-100 elementor-top-column elementor-element elementor-element-5b83a83\" data-id=\"5b83a83\" data-element_type=\"column\" data-e-type=\"column\">\n\t\t\t<div class=\"elementor-widget-wrap elementor-element-populated\">\n\t\t\t\t\t\t<div class=\"elementor-element elementor-element-36adac50 elementor-widget elementor-widget-text-editor\" data-id=\"36adac50\" data-element_type=\"widget\" data-e-type=\"widget\" data-widget_type=\"text-editor.default\">\n\t\t\t\t<div class=\"elementor-widget-container\">\n\t\t\t\t\t\t\t\t\t<p><img fetchpriority=\"high\" decoding=\"async\" class=\"aligncenter wp-image-16360\" src=\"http:\/\/www.sportcinofili.it\/wp-content\/uploads\/2020\/01\/PENTADOG-NEW.jpg\" alt=\"\" width=\"349\" height=\"388\" srcset=\"https:\/\/www.sportcinofili.it\/wp-content\/uploads\/2020\/01\/PENTADOG-NEW.jpg 299w, https:\/\/www.sportcinofili.it\/wp-content\/uploads\/2020\/01\/PENTADOG-NEW-270x300.jpg 270w, https:\/\/www.sportcinofili.it\/wp-content\/uploads\/2020\/01\/PENTADOG-NEW-133x148.jpg 133w, https:\/\/www.sportcinofili.it\/wp-content\/uploads\/2020\/01\/PENTADOG-NEW-28x31.jpg 28w, https:\/\/www.sportcinofili.it\/wp-content\/uploads\/2020\/01\/PENTADOG-NEW-34x38.jpg 34w, https:\/\/www.sportcinofili.it\/wp-content\/uploads\/2020\/01\/PENTADOG-NEW-194x215.jpg 194w, https:\/\/www.sportcinofili.it\/wp-content\/uploads\/2020\/01\/PENTADOG-NEW-230x255.jpg 230w\" sizes=\"(max-width: 349px) 100vw, 349px\" \/><\/p><p style=\"text-align: justify;\">Il Pentadog\u00ae \u00e8 una Disciplina Socio-Sportiva, appartenente alle Attivit\u00e0 della Associazione Sportivo Dilettantistica Baubeach Village,\u00a0 seguendo l&#8217;Approccio Empatico Relazionale\u00ae,\u00a0 che \u00e8 l&#8217;Approccio Etologico creato e adottato presso il Baubeach\u00ae di Maccarese.<\/p><p style=\"text-align: justify;\">Sia <em>Pentadog<\/em>\u00ae che <em>Approccio Empatico Relazionale<\/em>\u00ae sono Marchi Registrati presso il Ministero dello Sviluppo Economico,\u00a0 di propriet\u00e0 della Associazione .<\/p><p style=\"text-align: justify;\">Pentadog\u00ae richiama alla memoria l&#8217;insieme numerico di cinque discipline, difatti esso \u00e8 caratterizzato dalla presenza di ben cinque\u00a0 discipline empatico relazionali da svolgere con il proprio compagno Cane.<\/p><p style=\"text-align: justify;\">Altra caratteristica che lo contraddistingue \u00e8 la diversit\u00e0 dei contesti in cui si pu\u00f2 praticare e nel contempo esprimere la potenzialit\u00e0 di un rapporto ancestrale e profondamente empatico quale il legame che si crea tra umano e cane, molto simile ad un rapporto parentale, perch\u00e8 caratterizzato da cure, nutrimento ed educazione.<\/p><p style=\"text-align: justify;\">Quando ci si dimentica o si rischia di dimenticare il potenziale valore di questo rapporto, con conseguente creazione di problematiche relazionali, questa Disciplina risulta utile per ricostruire un contatto mancato, assopito o semplicemente dimenticato.<\/p><p style=\"text-align: justify;\"><strong>Questa <em>Disciplina Sportiva Cinofila<\/em> nasce per essere realizzata in ambienti naturali, dove il contatto con la natura dia all\u2019animale ed al suo compagno umano la possibilit\u00e0 di immergersi in una realt\u00e0 sensoriale completa e appagante: inoltre \u00e8 utilissimo campo di lavoro in quelle dimensioni pubbliche ( vedi spiagge attrezzate accessibili a cani accompagnati o campeggi accessibili ai cani) dove il numeroso target presente \u00e8 fatto di persone non praticanti discipline cinofile, n\u00e9 corsi di educazione , n\u00e9 il buonsenso, che vivono il rapporto con il cane in modo superficiale e non consapevole: crediamo fortemente che la lenta diluizione di una educazione etologicamente corretta , sia doverosa e utilissima per migliorare la convivenza tra le persone e i loro cani .<\/strong><\/p><p style=\"text-align: justify;\"><strong>Talvolta pu\u00f2 anche essere utile per resettare informazioni devianti avute attraverso corsi cinofili non impostati sulla corretta lettura della natura del cane: a volte \u00e8 meglio non fare che fare male!<\/strong><\/p><p style=\"text-align: justify;\"><strong>Pentadog\u00ae \u00e8 una misura straordinaria e rivoluzionaria nel contesto tradizionale cinofilo, anche perch\u00e9 si rivolge ad una nuova categoria di persone: quelle che frequentano con il cane i luoghi pubblici accessibili ad essi, ovvero la <em>massa<\/em> delle persone. Non una minoranza dedita alla pratica e alla teoria cinofila, anche a costo di entrare in una sorta di fanatismo di nicchia, ma&#8230; la gente! Le persone che popolano le nostre citt\u00e0 e che durante l&#8217;inverno si limitano a fare il giro del palazzo al loro cane (o addirittura lo fanno fare ai loro domestici!); persone che, immerse nella loro quotidianit\u00e0 di lavoro o di allontanamento dai sacrosanti valori di questa vita non danno la possibilit\u00e0 al loro cane di vivere in modo etologicamente corretto. E che grazie alla diffusione, in questi ultimi anni, di strutture pubbliche \u201cdogfriendly\u201d, sono finalmente venute alla luce, tutte insieme, disegnando un nuovo segmento di mercato anche per agevolatori della relazione uomo animale (educatori) e per tutte le persone che vogliano gestire situazioni di questo tipo.<\/strong><\/p><p style=\"text-align: justify;\">Il <em>campo di lavoro<\/em> saranno quindi il prato, la campagna, la macchia, il bosco, la spiaggia, ci\u00f2 che di bello madre natura ha creato e che viene messo a disposizione, mediante le strutture turistiche, anche ai cani di famiglia.<\/p><p style=\"text-align: justify;\">Tutte le attrezzature utilizzate per la realizzazione di questa Disciplina dovranno integrarsi in modo armonico con l\u2019ambiente naturale in cui saranno inserite, saranno fatte con materiali di riciclo o con materiali naturali al fine di premettere ai binomi persona-cane, di cimentarsi in divertenti attivit\u00e0 per migliorare il loro rapporto, quello con il proprio corpo, con la natura, per migliorare le loro capacit\u00e0 sensoriali, empatiche e relazionali. E anche, naturalmente,\u00a0 per fare attivit\u00e0 sportiva che garantisce il<em> benessere olistico <\/em>.<\/p><p style=\"text-align: justify;\">In questa disciplina non dovremmo raggiungere risultati identici per tutti i partecipanti ma in realt\u00e0 ogni coppia uomo-cane dovr\u00e0 raggiungere gli obiettivi individuali e personalizzati prefissati in fase di anamnesi al fine del miglioramento della qualit\u00e0 di vita di uno o dell\u2019altro o di entrambi gli individui che compongono la coppia.<\/p><p style=\"text-align: justify;\">Il Pentadog\u00ae, naturalmente, si svolge con il proprio Cane al seguito; ma la sua presenza e partecipazione, a differenza di tutte le altre Discipline Cinofile, sar\u00e0 pi\u00f9 un obiettivo che un punto di partenza.<\/p><p><strong>DOCUMENTI:<\/strong><strong><br \/><\/strong><\/p><p><a href=\"https:\/\/drive.google.com\/file\/d\/1EZDbc3uezuZE2u58ytNyPguX75MFR-4f\/view?usp=sharing\">CLICCA QUI<\/a> Presentazione PENTADOG\u00ae aggiornamento 2021<\/p><p><a href=\"https:\/\/drive.google.com\/file\/d\/1sfO2nz4lXu2wx-_50qNPmV-YQdhjebYU\/view?usp=sharing\">CLICCA QUI<\/a>\u00a0Presentazione PENTADOG\u00ae<\/p><p><a href=\"https:\/\/drive.google.com\/file\/d\/1oXykvlJBgK_XPgnpPeEAcCKI9DDJ8lQM\/view?usp=sharing\">CLICCA QUI<\/a> Percorso di FORMAZIONE PENTADOG\u00ae<\/p><p><a href=\"https:\/\/drive.google.com\/file\/d\/1oVyWtnewMOPiZR_zz5ffY7-FeoKBXY5O\/view?usp=sharing\">CLICCA QUI<\/a> Regolamento Bau Deep Breath<\/p><p><a href=\"https:\/\/drive.google.com\/file\/d\/1MHZ-BpqRRiGV_e9c0VNYmxM17OONPwZJ\/view?usp=sharing\">CLICCA QUI<\/a> Regolamento Baw Contact<\/p><p><a href=\"https:\/\/drive.google.com\/file\/d\/1dP74jVB-50FWc3eXpRgfg7lCiW6cJ_oH\/view?usp=sharing\">CLICCA QUI<\/a> Regolamento Bau&#8217;s Flow<\/p><p><a href=\"https:\/\/drive.google.com\/file\/d\/1ojPF0vCxdwAIyE_FtzDn2uid6K3RRBrS\/view?usp=sharing\">CLICCA QUI<\/a> Regolamentazioni PENTADOG\u00ae<\/p><p><img decoding=\"async\" class=\"aligncenter wp-image-16361\" src=\"http:\/\/www.sportcinofili.it\/wp-content\/uploads\/2020\/01\/IMG_8434.jpg\" alt=\"\" width=\"763\" height=\"573\" srcset=\"https:\/\/www.sportcinofili.it\/wp-content\/uploads\/2020\/01\/IMG_8434.jpg 3264w, https:\/\/www.sportcinofili.it\/wp-content\/uploads\/2020\/01\/IMG_8434-300x225.jpg 300w, https:\/\/www.sportcinofili.it\/wp-content\/uploads\/2020\/01\/IMG_8434-768x576.jpg 768w, https:\/\/www.sportcinofili.it\/wp-content\/uploads\/2020\/01\/IMG_8434-1024x768.jpg 1024w, https:\/\/www.sportcinofili.it\/wp-content\/uploads\/2020\/01\/IMG_8434-148x111.jpg 148w, https:\/\/www.sportcinofili.it\/wp-content\/uploads\/2020\/01\/IMG_8434-31x23.jpg 31w, https:\/\/www.sportcinofili.it\/wp-content\/uploads\/2020\/01\/IMG_8434-38x29.jpg 38w, https:\/\/www.sportcinofili.it\/wp-content\/uploads\/2020\/01\/IMG_8434-287x215.jpg 287w, https:\/\/www.sportcinofili.it\/wp-content\/uploads\/2020\/01\/IMG_8434-830x623.jpg 830w, https:\/\/www.sportcinofili.it\/wp-content\/uploads\/2020\/01\/IMG_8434-230x173.jpg 230w, https:\/\/www.sportcinofili.it\/wp-content\/uploads\/2020\/01\/IMG_8434-350x263.jpg 350w, https:\/\/www.sportcinofili.it\/wp-content\/uploads\/2020\/01\/IMG_8434-480x360.jpg 480w\" sizes=\"(max-width: 763px) 100vw, 763px\" \/><\/p><p><img decoding=\"async\" class=\"aligncenter wp-image-16359\" src=\"http:\/\/www.sportcinofili.it\/wp-content\/uploads\/2020\/01\/61042175_10216304817705316_6728361496645992448_n.jpg\" alt=\"\" width=\"757\" height=\"568\" srcset=\"https:\/\/www.sportcinofili.it\/wp-content\/uploads\/2020\/01\/61042175_10216304817705316_6728361496645992448_n.jpg 960w, https:\/\/www.sportcinofili.it\/wp-content\/uploads\/2020\/01\/61042175_10216304817705316_6728361496645992448_n-300x225.jpg 300w, https:\/\/www.sportcinofili.it\/wp-content\/uploads\/2020\/01\/61042175_10216304817705316_6728361496645992448_n-768x576.jpg 768w, https:\/\/www.sportcinofili.it\/wp-content\/uploads\/2020\/01\/61042175_10216304817705316_6728361496645992448_n-148x111.jpg 148w, https:\/\/www.sportcinofili.it\/wp-content\/uploads\/2020\/01\/61042175_10216304817705316_6728361496645992448_n-31x23.jpg 31w, https:\/\/www.sportcinofili.it\/wp-content\/uploads\/2020\/01\/61042175_10216304817705316_6728361496645992448_n-38x29.jpg 38w, https:\/\/www.sportcinofili.it\/wp-content\/uploads\/2020\/01\/61042175_10216304817705316_6728361496645992448_n-287x215.jpg 287w, https:\/\/www.sportcinofili.it\/wp-content\/uploads\/2020\/01\/61042175_10216304817705316_6728361496645992448_n-830x623.jpg 830w, https:\/\/www.sportcinofili.it\/wp-content\/uploads\/2020\/01\/61042175_10216304817705316_6728361496645992448_n-230x173.jpg 230w, https:\/\/www.sportcinofili.it\/wp-content\/uploads\/2020\/01\/61042175_10216304817705316_6728361496645992448_n-350x263.jpg 350w, https:\/\/www.sportcinofili.it\/wp-content\/uploads\/2020\/01\/61042175_10216304817705316_6728361496645992448_n-480x360.jpg 480w\" sizes=\"(max-width: 757px) 100vw, 757px\" \/><\/p><p>REFERENTI:<\/p><p>Il responsabile nazionale del settore :<\/p><p><strong><span id=\"el_centri_C_TEL1\" class=\"form-group\"><span id=\"msgText_new_message_draft1520426568651_48a85db8-6262-bdf2-6828-3d2883a8a098\" dir=\"ltr\">DAFFINA\u2019 PATRIZIA\u00a0\u00a0\u00a0 <\/span><\/span><\/strong><strong><span id=\"el_centri_C_TEL1\" class=\"form-group\"><span id=\"msgText_new_message_draft1520426568651_48a85db8-6262-bdf2-6828-3d2883a8a098\" dir=\"ltr\"><br \/>TEL. 3492696461 <\/span><\/span><\/strong><\/p>\t\t\t\t\t\t\t\t<\/div>\n\t\t\t\t<\/div>\n\t\t\t\t\t<\/div>\n\t\t<\/div>\n\t\t\t\t\t<\/div>\n\t\t<\/section>\n\t\t\t\t<\/div>\n\t\t","protected":false},"excerpt":{"rendered":"<p>Il Pentadog\u00ae \u00e8 una Disciplina Socio-Sportiva, appartenente alle Attivit\u00e0 della Associazione Sportivo Dilettantistica Baubeach Village,\u00a0 seguendo l&#8217;Approccio Empatico Relazionale\u00ae,\u00a0 che \u00e8 l&#8217;Approccio Etologico creato e adottato presso il Baubeach\u00ae di Maccarese. Sia Pentadog\u00ae che Approccio Empatico Relazionale\u00ae sono Marchi Registrati presso il Ministero dello Sviluppo Economico,\u00a0 di propriet\u00e0 della Associazione [&hellip;]<\/p>\n","protected":false},"author":1,"featured_media":0,"parent":9307,"menu_order":0,"comment_status":"closed","ping_status":"closed","template":"","meta":{"om_disable_all_campaigns":false,"_monsterinsights_skip_tracking":false,"_monsterinsights_sitenote_active":false,"_monsterinsights_sitenote_note":"","_monsterinsights_sitenote_category":0,"_uf_show_specific_survey":0,"_uf_disable_surveys":false,"footnotes":""},"class_list":["post-279","page","type-page","status-publish","hentry"],"aioseo_notices":[],"_links":{"self":[{"href":"https:\/\/www.sportcinofili.it\/index.php\/wp-json\/wp\/v2\/pages\/279","targetHints":{"allow":["GET"]}}],"collection":[{"href":"https:\/\/www.sportcinofili.it\/index.php\/wp-json\/wp\/v2\/pages"}],"about":[{"href":"https:\/\/www.sportcinofili.it\/index.php\/wp-json\/wp\/v2\/types\/page"}],"author":[{"embeddable":true,"href":"https:\/\/www.sportcinofili.it\/index.php\/wp-json\/wp\/v2\/users\/1"}],"replies":[{"embeddable":true,"href":"https:\/\/www.sportcinofili.it\/index.php\/wp-json\/wp\/v2\/comments?post=279"}],"version-history":[{"count":25,"href":"https:\/\/www.sportcinofili.it\/index.php\/wp-json\/wp\/v2\/pages\/279\/revisions"}],"predecessor-version":[{"id":33057,"href":"https:\/\/www.sportcinofili.it\/index.php\/wp-json\/wp\/v2\/pages\/279\/revisions\/33057"}],"up":[{"embeddable":true,"href":"https:\/\/www.sportcinofili.it\/index.php\/wp-json\/wp\/v2\/pages\/9307"}],"wp:attachment":[{"href":"https:\/\/www.sportcinofili.it\/index.php\/wp-json\/wp\/v2\/media?parent=279"}],"curies":[{"name":"wp","href":"https:\/\/api.w.org\/{rel}","templated":true}]}}