{"id":271,"date":"2016-08-22T16:55:37","date_gmt":"2016-08-22T14:55:37","guid":{"rendered":"http:\/\/www.sporttennis.it\/sportcinofili\/?page_id=271"},"modified":"2026-04-27T14:44:10","modified_gmt":"2026-04-27T12:44:10","slug":"mantrailing-sportivo","status":"publish","type":"page","link":"https:\/\/www.sportcinofili.it\/index.php\/dipartimenti\/mantrailing-sportivo\/","title":{"rendered":"Mantrailing sportivo"},"content":{"rendered":"\t\t<div data-elementor-type=\"wp-page\" data-elementor-id=\"271\" class=\"elementor elementor-271\">\n\t\t\t\t\t\t<section class=\"elementor-section elementor-top-section elementor-element elementor-element-2420b2d8 elementor-section-boxed elementor-section-height-default elementor-section-height-default\" data-id=\"2420b2d8\" data-element_type=\"section\" data-e-type=\"section\">\n\t\t\t\t\t\t<div class=\"elementor-container elementor-column-gap-default\">\n\t\t\t\t\t<div class=\"elementor-column elementor-col-100 elementor-top-column elementor-element elementor-element-30b6b4bb\" data-id=\"30b6b4bb\" data-element_type=\"column\" data-e-type=\"column\">\n\t\t\t<div class=\"elementor-widget-wrap elementor-element-populated\">\n\t\t\t\t\t\t<div class=\"elementor-element elementor-element-2a26eaa9 elementor-widget elementor-widget-text-editor\" data-id=\"2a26eaa9\" data-element_type=\"widget\" data-e-type=\"widget\" data-widget_type=\"text-editor.default\">\n\t\t\t\t<div class=\"elementor-widget-container\">\n\t\t\t\t\t\t\t\t\t<p>\u00a0 \u00a0 \u00a0 \u00a0 \u00a0 \u00a0 \u00a0 \u00a0 \u00a0 \u00a0 \u00a0 \u00a0 \u00a0 \u00a0 \u00a0 \u00a0 \u00a0 \u00a0 \u00a0 \u00a0 \u00a0 \u00a0 \u00a0 \u00a0 \u00a0 \u00a0 \u00a0 <img fetchpriority=\"high\" decoding=\"async\" class=\"aligncenter\" src=\"http:\/\/www.sportcinofili.it\/wp-content\/uploads\/2020\/01\/MTS-FISC-Logo-Dipartimento-300x300.png\" alt=\"\" width=\"300\" height=\"300\" \/><\/p><p align=\"JUSTIFY\"><strong>MANTRAILING SPORTIVO<\/strong><\/p><p style=\"text-align: justify;\" align=\"JUSTIFY\">Il <strong>mantrailing<\/strong> \u00e8 una attivit\u00e0 di ricerca con un cane addestrato a seguire la specifica traccia di odore di una singola persona, avendone prima individuato l\u2019impronta olfattiva.<br \/>Questa disciplina nasce negli USA per la ricerca di evasi e persone scomparse e oggi il suo utilizzo \u00e8 sempre pi\u00f9 diffuso anche in vari Paesi Europei come affiancamento alle unit\u00e0 cinofile di ricerca in superficie. Caratteristica che contraddistingue un cane da mantrailing \u00e8 la capacit\u00e0 di seguire la traccia olfattiva di una specifica persona a differenza di un cane da ricerca in superficie che segue ogni traccia umana. \u00c8 un\u2019attivit\u00e0 adatta ad ogni cane, di qualsiasi razza o meticcio, in quanto l\u2019utilizzo dell\u2019olfatto, \u00e8 la predisposizione naturale del cane.<\/p><p style=\"text-align: justify;\" align=\"JUSTIFY\">Il Mantrailing sportivo \u00e8 una disciplina in cui il cane, dopo aver annusato un testimone d\u2019odore, ricerca un figurante lungo un percorso di difficolt\u00e0 e lunghezza crescenti a seconda del suo grado di preparazione. Il cane lungo tutto il percorso \u00e8 connesso al suo conduttore mediante un guinzaglio di lunghezza minima di 5 mt.<br \/>In questa attivit\u00e0 \u00e8 fondamentale che il conduttore condizioni il meno possibile il cane, lasciandogli maturare gradualmente l\u2019esperienza necessaria e un metodo di lavoro preciso e autonomo.<\/p><p>Nel <strong>Campionato FISC<\/strong> esistono diversi livelli di preparazione e all\u2019interno degli stessi, la divisione in tre differenti taglie. Le tracce pi\u00f9 semplici vengono stese in zone verdi e parchi ma si arriver\u00e0 a cercare il figurante anche tra la folla di un centro commerciale.<\/p><p>Il Dipartimento Mantrailing Sportivo Fisc opera con i propri istruttori, su tutto il territorio Nazionale.<\/p><p><strong>Commissione Tecnica Mantrailing FISC:<\/strong><\/p><ul><li><strong>Bondino Gianpiero<\/strong>, cell: 3313777922 &#8211; email: gianpierobondino@yahoo.it<\/li><li><strong>Polidori Cristina<\/strong>, cell: 3335040008 &#8211; email:bircris@gmail.com<\/li><\/ul><p>Referenti Regionali:<\/p><ul><li>PIEMONTE &#8211; <strong>Emanuela Benedetto<\/strong>, cell: 3298425960 &#8211; email: manudadda@hotmail.it<\/li><li>LOMBARDIA &#8211; <strong>Ivan Baiguera<\/strong>, cell: 3803814322 &#8211; email: baiguera95@gmail.com<\/li><li>SICILIA &#8211; <strong>Lucia Artale<\/strong>, cell: 3934779044 &#8211; email: artalelucia@gmail.com<\/li><li>TOSCANA &#8211; <strong>Andrea Calistri<\/strong>, cell: 3932186596 &#8211; email: iguanacreativo@googlemail.com<\/li><li>NORD EST ITALIA &#8211; <strong>Michele Barina<\/strong>, cell: 3402585784 &#8211; email: michelebarina@tiscali.it<\/li><\/ul><p>E-mail: <span style=\"color: #3366ff;\"><strong>mantrailingsportivo@sportcinofili.it<\/strong><\/span><\/p><div dir=\"auto\"><strong>REGOLAMENTI:<\/strong><\/div><div dir=\"auto\">\u00a0<\/div><div dir=\"auto\"><a href=\"https:\/\/drive.google.com\/file\/d\/1AqCIuEDh3dHaqAV_TCsV0bS9RtF2AzFc\/view?usp=sharing\"><strong>CLICCA QUI<\/strong><\/a> per visualizzare il regolamento di gara MTS 2026<\/div><div dir=\"auto\"><strong><a href=\"https:\/\/www.sportcinofili.it\/index.php\/gare-mantrailing-sportivo\/\">CLICCA QUI<\/a><\/strong> per visualizzare il Calendario Gare MTS 2026<\/div><div dir=\"auto\">\u00a0<\/div><p><!-- \/wp:paragraph --><\/p>\t\t\t\t\t\t\t\t<\/div>\n\t\t\t\t<\/div>\n\t\t\t\t\t<\/div>\n\t\t<\/div>\n\t\t\t\t\t<\/div>\n\t\t<\/section>\n\t\t\t\t<\/div>\n\t\t","protected":false},"excerpt":{"rendered":"<p>\u00a0 \u00a0 \u00a0 \u00a0 \u00a0 \u00a0 \u00a0 \u00a0 \u00a0 \u00a0 \u00a0 \u00a0 \u00a0 \u00a0 \u00a0 \u00a0 \u00a0 \u00a0 \u00a0 \u00a0 \u00a0 \u00a0 \u00a0 \u00a0 \u00a0 \u00a0 \u00a0 MANTRAILING SPORTIVO Il mantrailing \u00e8 una attivit\u00e0 di ricerca con un cane addestrato a seguire la specifica traccia di odore di una singola [&hellip;]<\/p>\n","protected":false},"author":1,"featured_media":0,"parent":9307,"menu_order":0,"comment_status":"closed","ping_status":"closed","template":"","meta":{"om_disable_all_campaigns":false,"_monsterinsights_skip_tracking":false,"_monsterinsights_sitenote_active":false,"_monsterinsights_sitenote_note":"","_monsterinsights_sitenote_category":0,"_uf_show_specific_survey":0,"_uf_disable_surveys":false,"footnotes":""},"class_list":["post-271","page","type-page","status-publish","hentry"],"aioseo_notices":[],"_links":{"self":[{"href":"https:\/\/www.sportcinofili.it\/index.php\/wp-json\/wp\/v2\/pages\/271","targetHints":{"allow":["GET"]}}],"collection":[{"href":"https:\/\/www.sportcinofili.it\/index.php\/wp-json\/wp\/v2\/pages"}],"about":[{"href":"https:\/\/www.sportcinofili.it\/index.php\/wp-json\/wp\/v2\/types\/page"}],"author":[{"embeddable":true,"href":"https:\/\/www.sportcinofili.it\/index.php\/wp-json\/wp\/v2\/users\/1"}],"replies":[{"embeddable":true,"href":"https:\/\/www.sportcinofili.it\/index.php\/wp-json\/wp\/v2\/comments?post=271"}],"version-history":[{"count":246,"href":"https:\/\/www.sportcinofili.it\/index.php\/wp-json\/wp\/v2\/pages\/271\/revisions"}],"predecessor-version":[{"id":37012,"href":"https:\/\/www.sportcinofili.it\/index.php\/wp-json\/wp\/v2\/pages\/271\/revisions\/37012"}],"up":[{"embeddable":true,"href":"https:\/\/www.sportcinofili.it\/index.php\/wp-json\/wp\/v2\/pages\/9307"}],"wp:attachment":[{"href":"https:\/\/www.sportcinofili.it\/index.php\/wp-json\/wp\/v2\/media?parent=271"}],"curies":[{"name":"wp","href":"https:\/\/api.w.org\/{rel}","templated":true}]}}