{"id":2700,"date":"2016-09-19T13:54:52","date_gmt":"2016-09-19T11:54:52","guid":{"rendered":"http:\/\/www.sporttennis.it\/sportcinofili\/?page_id=2700"},"modified":"2025-03-07T12:21:59","modified_gmt":"2025-03-07T11:21:59","slug":"attivazione-mentale","status":"publish","type":"page","link":"https:\/\/www.sportcinofili.it\/index.php\/dipartimenti\/attivazione-mentale\/","title":{"rendered":"Problem Solving Practitioner \u00ae"},"content":{"rendered":"\t\t<div data-elementor-type=\"wp-page\" data-elementor-id=\"2700\" class=\"elementor elementor-2700\">\n\t\t\t\t\t\t<section class=\"elementor-section elementor-top-section elementor-element elementor-element-75dd2539 elementor-section-boxed elementor-section-height-default elementor-section-height-default\" data-id=\"75dd2539\" data-element_type=\"section\" data-e-type=\"section\">\n\t\t\t\t\t\t<div class=\"elementor-container elementor-column-gap-default\">\n\t\t\t\t\t<div class=\"elementor-column elementor-col-100 elementor-top-column elementor-element elementor-element-6ad90a71\" data-id=\"6ad90a71\" data-element_type=\"column\" data-e-type=\"column\">\n\t\t\t<div class=\"elementor-widget-wrap elementor-element-populated\">\n\t\t\t\t\t\t<div class=\"elementor-element elementor-element-1fc8a22c elementor-widget elementor-widget-text-editor\" data-id=\"1fc8a22c\" data-element_type=\"widget\" data-e-type=\"widget\" data-widget_type=\"text-editor.default\">\n\t\t\t\t<div class=\"elementor-widget-container\">\n\t\t\t\t\t\t\t\t\t<p style=\"text-align: justify;\">Il <strong>Problem Solving<\/strong> vuole essere prima di tutto un approccio pedagogico al Cane volto a risvegliare, stimolare e sostenere la capacit\u00e0 cognitive che ogni cane possiede fin dalla nascita<\/p><p style=\"text-align: justify;\">E\u2019 un metodo e una disciplina non agonistica e non competitiva, adatto a cani di ogni razza, tipo ed et\u00e0 e che si pu\u00f2 perfettamente integrare nei percorsi educativi e di modificazione del comportamento cos\u00ec come nel lavoro in canile.<\/p><p style=\"text-align: justify;\">Il <strong>Problem Solving<\/strong>, intesa come percorso mirato e studiato per ogni singolo Cane, quando viene proposta seguendo i metodi corretti da una persona qualificata e competente,<\/p><ul><li style=\"text-align: justify;\">Porta il cane ad acquisire fiducia in se stesso e nelle proprie capacit\u00e0<\/li><li style=\"text-align: justify;\">Gli insegna a ragionare e riflettere di fronte ai problemi<\/li><li style=\"text-align: justify;\">Soddisfa un bisogno profondo e reale<\/li><li style=\"text-align: justify;\">Previene i problemi di comportamento, soprattutto quelli collegati a ipo-attivit\u00e0<\/li><li style=\"text-align: justify;\">Rappresenta un valido supporto nella soluzione di problemi di comportamento in affiancamento ad altri metodi e\/o terapie comportamentali<\/li><li style=\"text-align: justify;\">E\u2019 un\u2019attivit\u00e0 libera e piacevole<\/li><li style=\"text-align: justify;\">Permette di lavorare sulla calma e l\u2019autocontrollo<\/li><li style=\"text-align: justify;\">Insegna al Cane a gestire la frustrazione<\/li><li style=\"text-align: justify;\">Innalza la soglia di stress<\/li><li style=\"text-align: justify;\">Riattiva cani apatici o anziani<\/li><li style=\"text-align: justify;\">Aumenta le competenze (euristiche)<\/li><li style=\"text-align: justify;\">Previene l\u2019invecchiamento cerebrale<\/li><li style=\"text-align: justify;\">Innesca la curiosit\u00e0 verso gli stimoli<\/li><li style=\"text-align: justify;\">Permette di conoscere un individuo nei suoi aspetti pi\u00f9 profondi psicologici ed emotivi (es. si possono osservare le fluttuazioni emozionali, impulsivit\u00e0, le strategie di coping, etc)<\/li><li style=\"text-align: justify;\">Permette di far comprendere al sistema famiglia le capacit\u00e0 e le abilit\u00e0 cognitive e intellettive del proprio Cane<\/li><li style=\"text-align: justify;\">Migliora la relazione del binomio<\/li><li style=\"text-align: justify;\">Fornisce uno strumento unico nell\u2019 educazione del Cane<\/li><\/ul><p><a href=\"https:\/\/drive.google.com\/file\/d\/1XfmCacDEOx-BCJWW0zX7a4eirsQNYeHh\/view?usp=sharing\"><em><strong>CLICCA QUI<\/strong><\/em> <\/a>per visualizzare il <strong>Regolamento di Formazione<\/strong><\/p><p><a href=\"https:\/\/www.ilmiocane.net\/corso-ps-pratictioner.htm\"><em><strong>CLICCA QUI<\/strong><\/em><\/a> per visualizzare\u00a0<strong>Elenco Ufficiale dei Problem Solving Pratictioner<\/strong><\/p><p><a href=\"https:\/\/www.youtube.com\/watch?v=gp1AcHAsaXw&amp;feature=youtu.be\"><strong>CLICCA QUI<\/strong><\/a> per vedere il video di presentazione del dipartimento<a href=\"https:\/\/drive.google.com\/file\/d\/1XfmCacDEOx-BCJWW0zX7a4eirsQNYeHh\/view?usp=sharing\"><br \/><img decoding=\"async\" class=\"aligncenter wp-image-8897 size-medium\" src=\"http:\/\/www.sportcinofili.it\/wp-content\/uploads\/2016\/09\/PROBLEM-SOLVING-PRACTITIONER-300x103.png\" alt=\"\" width=\"300\" height=\"103\" srcset=\"https:\/\/www.sportcinofili.it\/wp-content\/uploads\/2016\/09\/PROBLEM-SOLVING-PRACTITIONER-300x103.png 300w, https:\/\/www.sportcinofili.it\/wp-content\/uploads\/2016\/09\/PROBLEM-SOLVING-PRACTITIONER-768x263.png 768w, https:\/\/www.sportcinofili.it\/wp-content\/uploads\/2016\/09\/PROBLEM-SOLVING-PRACTITIONER-1024x350.png 1024w, https:\/\/www.sportcinofili.it\/wp-content\/uploads\/2016\/09\/PROBLEM-SOLVING-PRACTITIONER-830x284.png 830w, https:\/\/www.sportcinofili.it\/wp-content\/uploads\/2016\/09\/PROBLEM-SOLVING-PRACTITIONER-230x79.png 230w, https:\/\/www.sportcinofili.it\/wp-content\/uploads\/2016\/09\/PROBLEM-SOLVING-PRACTITIONER-350x120.png 350w, https:\/\/www.sportcinofili.it\/wp-content\/uploads\/2016\/09\/PROBLEM-SOLVING-PRACTITIONER-480x164.png 480w, https:\/\/www.sportcinofili.it\/wp-content\/uploads\/2016\/09\/PROBLEM-SOLVING-PRACTITIONER-148x51.png 148w, https:\/\/www.sportcinofili.it\/wp-content\/uploads\/2016\/09\/PROBLEM-SOLVING-PRACTITIONER-31x11.png 31w, https:\/\/www.sportcinofili.it\/wp-content\/uploads\/2016\/09\/PROBLEM-SOLVING-PRACTITIONER-38x13.png 38w, https:\/\/www.sportcinofili.it\/wp-content\/uploads\/2016\/09\/PROBLEM-SOLVING-PRACTITIONER-425x145.png 425w\" sizes=\"(max-width: 300px) 100vw, 300px\" \/><\/a><\/p><p><em>Responsabile Nazionale\u00a0Problem Solving Practitioner\u00a0\u00ae<\/em><br \/><strong>Eleonora Mentaschi<\/strong><br \/>3487537803 (da luned\u00ec a venerd\u00ec\u00a014.00-19.00)<\/p><p><a href=\"mailto:info@ilmiocane.net\">info@ilmiocane.net<\/a><\/p>\t\t\t\t\t\t\t\t<\/div>\n\t\t\t\t<\/div>\n\t\t\t\t\t<\/div>\n\t\t<\/div>\n\t\t\t\t\t<\/div>\n\t\t<\/section>\n\t\t\t\t<\/div>\n\t\t","protected":false},"excerpt":{"rendered":"<p>Il Problem Solving vuole essere prima di tutto un approccio pedagogico al Cane volto a risvegliare, stimolare e sostenere la capacit\u00e0 cognitive che ogni cane possiede fin dalla nascita E\u2019 un metodo e una disciplina non agonistica e non competitiva, adatto a cani di ogni razza, tipo ed et\u00e0 e [&hellip;]<\/p>\n","protected":false},"author":1,"featured_media":0,"parent":9307,"menu_order":0,"comment_status":"closed","ping_status":"closed","template":"","meta":{"om_disable_all_campaigns":false,"_monsterinsights_skip_tracking":false,"_monsterinsights_sitenote_active":false,"_monsterinsights_sitenote_note":"","_monsterinsights_sitenote_category":0,"_uf_show_specific_survey":0,"_uf_disable_surveys":false,"footnotes":""},"class_list":["post-2700","page","type-page","status-publish","hentry"],"aioseo_notices":[],"_links":{"self":[{"href":"https:\/\/www.sportcinofili.it\/index.php\/wp-json\/wp\/v2\/pages\/2700","targetHints":{"allow":["GET"]}}],"collection":[{"href":"https:\/\/www.sportcinofili.it\/index.php\/wp-json\/wp\/v2\/pages"}],"about":[{"href":"https:\/\/www.sportcinofili.it\/index.php\/wp-json\/wp\/v2\/types\/page"}],"author":[{"embeddable":true,"href":"https:\/\/www.sportcinofili.it\/index.php\/wp-json\/wp\/v2\/users\/1"}],"replies":[{"embeddable":true,"href":"https:\/\/www.sportcinofili.it\/index.php\/wp-json\/wp\/v2\/comments?post=2700"}],"version-history":[{"count":32,"href":"https:\/\/www.sportcinofili.it\/index.php\/wp-json\/wp\/v2\/pages\/2700\/revisions"}],"predecessor-version":[{"id":33107,"href":"https:\/\/www.sportcinofili.it\/index.php\/wp-json\/wp\/v2\/pages\/2700\/revisions\/33107"}],"up":[{"embeddable":true,"href":"https:\/\/www.sportcinofili.it\/index.php\/wp-json\/wp\/v2\/pages\/9307"}],"wp:attachment":[{"href":"https:\/\/www.sportcinofili.it\/index.php\/wp-json\/wp\/v2\/media?parent=2700"}],"curies":[{"name":"wp","href":"https:\/\/api.w.org\/{rel}","templated":true}]}}