{"id":262,"date":"2016-08-22T16:34:01","date_gmt":"2016-08-22T14:34:01","guid":{"rendered":"http:\/\/www.sporttennis.it\/sportcinofili\/?page_id=262"},"modified":"2025-03-07T11:06:23","modified_gmt":"2025-03-07T10:06:23","slug":"flyball","status":"publish","type":"page","link":"https:\/\/www.sportcinofili.it\/index.php\/dipartimenti\/flyball\/","title":{"rendered":"Flyball"},"content":{"rendered":"\t\t<div data-elementor-type=\"wp-page\" data-elementor-id=\"262\" class=\"elementor elementor-262\">\n\t\t\t\t\t\t<section class=\"elementor-section elementor-top-section elementor-element elementor-element-1c1777c3 elementor-section-boxed elementor-section-height-default elementor-section-height-default\" data-id=\"1c1777c3\" data-element_type=\"section\" data-e-type=\"section\">\n\t\t\t\t\t\t<div class=\"elementor-container elementor-column-gap-default\">\n\t\t\t\t\t<div class=\"elementor-column elementor-col-100 elementor-top-column elementor-element elementor-element-1f7802b7\" data-id=\"1f7802b7\" data-element_type=\"column\" data-e-type=\"column\">\n\t\t\t<div class=\"elementor-widget-wrap elementor-element-populated\">\n\t\t\t\t\t\t<div class=\"elementor-element elementor-element-2d9743a elementor-widget elementor-widget-text-editor\" data-id=\"2d9743a\" data-element_type=\"widget\" data-e-type=\"widget\" data-widget_type=\"text-editor.default\">\n\t\t\t\t<div class=\"elementor-widget-container\">\n\t\t\t\t\t\t\t\t\t<p><img fetchpriority=\"high\" decoding=\"async\" class=\"aligncenter size-full wp-image-263\" src=\"http:\/\/www.sportcinofili.it\/wp-content\/uploads\/2016\/08\/FLYBALL-752d096d.jpg\" alt=\"Flyball\" width=\"640\" height=\"360\" srcset=\"https:\/\/www.sportcinofili.it\/wp-content\/uploads\/2016\/08\/FLYBALL-752d096d.jpg 640w, https:\/\/www.sportcinofili.it\/wp-content\/uploads\/2016\/08\/FLYBALL-752d096d-300x169.jpg 300w, https:\/\/www.sportcinofili.it\/wp-content\/uploads\/2016\/08\/FLYBALL-752d096d-230x129.jpg 230w, https:\/\/www.sportcinofili.it\/wp-content\/uploads\/2016\/08\/FLYBALL-752d096d-350x197.jpg 350w, https:\/\/www.sportcinofili.it\/wp-content\/uploads\/2016\/08\/FLYBALL-752d096d-480x270.jpg 480w\" sizes=\"(max-width: 640px) 100vw, 640px\" \/><\/p><div class=\"inside\"><div id=\"impaginato-44\" class=\"mod_article block\"><div class=\"ce_text block\"><p><strong>FLYBALL<\/strong><\/p><p style=\"text-align: justify;\">Il Flyball\u00a0\u00e8 uno sport nato negli anni 70 in California ad opera di un certo Herbert Wagner che consiste in una vera e propria gara a staffetta dove quattro cani per squadra (composta da pi\u00f9 coppie cane-proprietario) corrono dietro ad una pallina.<\/p><p style=\"text-align: justify;\">In realt\u00e0 il gioco \u00e8 un po&#8217; pi\u00f9 complicato, i cani devono compiere un percorso di 4 ostacoli distanti 4 metri l&#8217;uno dall&#8217;altro e raggiungere un attrezzo \u2013 flybox \u2013 che viene azionato dalla pressione delle loro zampe che fa scattare una molla e lancia una una pallina da tennis. Ovviamente il compito del cane \u00e8 quello di correre a prendere la palla e riportarla al punto di partenza, solo allora pu\u00f2 partire il secondo &#8220;concorrente&#8221;. Il via \u00e8 stabilito da un semaforo e la prova si disputa tra due squadre su due percorsi disposti in parallelo, senza recinti; quando il primo cane torna, parte il secondo, e il cronometro si ferma quando torna il quarto ed ultimo cane. Se un cane sbaglia, deve ripartire in coda al suo gruppo, determinando sicuramente una perdita di tempo che spesso pregiudica la gara.<\/p><p>\u00a0<\/p><p><img decoding=\"async\" class=\"size-medium wp-image-13982 aligncenter\" src=\"http:\/\/www.sportcinofili.it\/wp-content\/uploads\/2019\/03\/logo-flyball-300x229.jpg\" alt=\"\" width=\"300\" height=\"229\" srcset=\"https:\/\/www.sportcinofili.it\/wp-content\/uploads\/2019\/03\/logo-flyball-300x229.jpg 300w, https:\/\/www.sportcinofili.it\/wp-content\/uploads\/2019\/03\/logo-flyball-148x113.jpg 148w, https:\/\/www.sportcinofili.it\/wp-content\/uploads\/2019\/03\/logo-flyball-31x24.jpg 31w, https:\/\/www.sportcinofili.it\/wp-content\/uploads\/2019\/03\/logo-flyball-38x29.jpg 38w, https:\/\/www.sportcinofili.it\/wp-content\/uploads\/2019\/03\/logo-flyball-282x215.jpg 282w, https:\/\/www.sportcinofili.it\/wp-content\/uploads\/2019\/03\/logo-flyball-230x175.jpg 230w, https:\/\/www.sportcinofili.it\/wp-content\/uploads\/2019\/03\/logo-flyball-350x267.jpg 350w, https:\/\/www.sportcinofili.it\/wp-content\/uploads\/2019\/03\/logo-flyball-480x366.jpg 480w, https:\/\/www.sportcinofili.it\/wp-content\/uploads\/2019\/03\/logo-flyball.jpg 492w\" sizes=\"(max-width: 300px) 100vw, 300px\" \/><\/p><p>\u00a0<\/p><p><strong>DOCUMENTI:<\/strong><\/p><p><a href=\"http:\/\/www.sportcinofili.it\/index.php\/download-documenti\/classifiche\/classifiche-flyball\/\" target=\"_blank\" rel=\"noopener noreferrer\">Clicca qui<\/a>\u00a0per visualizzare le\u00a0classifiche\u00a0di Flyball.<\/p><p><a href=\"https:\/\/drive.google.com\/file\/d\/1oClbGNX13nJplEk88aV4HKDBolLzMQm7\/view?usp=sharing\">Clicca qui<\/a>\u00a0per visualizzare il Regolamento Nazionale FISC.<\/p><p><a href=\"http:\/\/www.sportcinofili.it\/sefnav\/corsi.asp\"><img decoding=\"async\" class=\"aligncenter wp-image-6779 size-medium\" src=\"http:\/\/www.sportcinofili.it\/wp-content\/uploads\/2016\/09\/PULSANTI-GROSSI-COME-DIVENTARE-FLYBALL-300x102.png\" alt=\"\" width=\"300\" height=\"102\" srcset=\"https:\/\/www.sportcinofili.it\/wp-content\/uploads\/2016\/09\/PULSANTI-GROSSI-COME-DIVENTARE-FLYBALL-300x102.png 300w, https:\/\/www.sportcinofili.it\/wp-content\/uploads\/2016\/09\/PULSANTI-GROSSI-COME-DIVENTARE-FLYBALL-768x261.png 768w, https:\/\/www.sportcinofili.it\/wp-content\/uploads\/2016\/09\/PULSANTI-GROSSI-COME-DIVENTARE-FLYBALL-1024x348.png 1024w, https:\/\/www.sportcinofili.it\/wp-content\/uploads\/2016\/09\/PULSANTI-GROSSI-COME-DIVENTARE-FLYBALL-830x282.png 830w, https:\/\/www.sportcinofili.it\/wp-content\/uploads\/2016\/09\/PULSANTI-GROSSI-COME-DIVENTARE-FLYBALL-230x78.png 230w, https:\/\/www.sportcinofili.it\/wp-content\/uploads\/2016\/09\/PULSANTI-GROSSI-COME-DIVENTARE-FLYBALL-350x119.png 350w, https:\/\/www.sportcinofili.it\/wp-content\/uploads\/2016\/09\/PULSANTI-GROSSI-COME-DIVENTARE-FLYBALL-480x163.png 480w, https:\/\/www.sportcinofili.it\/wp-content\/uploads\/2016\/09\/PULSANTI-GROSSI-COME-DIVENTARE-FLYBALL.png 1200w\" sizes=\"(max-width: 300px) 100vw, 300px\" \/><\/a><\/p><\/div><\/div><\/div>\t\t\t\t\t\t\t\t<\/div>\n\t\t\t\t<\/div>\n\t\t\t\t\t<\/div>\n\t\t<\/div>\n\t\t\t\t\t<\/div>\n\t\t<\/section>\n\t\t\t\t<\/div>\n\t\t","protected":false},"excerpt":{"rendered":"<p>FLYBALL Il Flyball\u00a0\u00e8 uno sport nato negli anni 70 in California ad opera di un certo Herbert Wagner che consiste in una vera e propria gara a staffetta dove quattro cani per squadra (composta da pi\u00f9 coppie cane-proprietario) corrono dietro ad una pallina. In realt\u00e0 il gioco \u00e8 un po&#8217; [&hellip;]<\/p>\n","protected":false},"author":1,"featured_media":0,"parent":9307,"menu_order":0,"comment_status":"closed","ping_status":"closed","template":"","meta":{"om_disable_all_campaigns":false,"_monsterinsights_skip_tracking":false,"_monsterinsights_sitenote_active":false,"_monsterinsights_sitenote_note":"","_monsterinsights_sitenote_category":0,"_uf_show_specific_survey":0,"_uf_disable_surveys":false,"footnotes":""},"class_list":["post-262","page","type-page","status-publish","hentry"],"aioseo_notices":[],"_links":{"self":[{"href":"https:\/\/www.sportcinofili.it\/index.php\/wp-json\/wp\/v2\/pages\/262","targetHints":{"allow":["GET"]}}],"collection":[{"href":"https:\/\/www.sportcinofili.it\/index.php\/wp-json\/wp\/v2\/pages"}],"about":[{"href":"https:\/\/www.sportcinofili.it\/index.php\/wp-json\/wp\/v2\/types\/page"}],"author":[{"embeddable":true,"href":"https:\/\/www.sportcinofili.it\/index.php\/wp-json\/wp\/v2\/users\/1"}],"replies":[{"embeddable":true,"href":"https:\/\/www.sportcinofili.it\/index.php\/wp-json\/wp\/v2\/comments?post=262"}],"version-history":[{"count":16,"href":"https:\/\/www.sportcinofili.it\/index.php\/wp-json\/wp\/v2\/pages\/262\/revisions"}],"predecessor-version":[{"id":33098,"href":"https:\/\/www.sportcinofili.it\/index.php\/wp-json\/wp\/v2\/pages\/262\/revisions\/33098"}],"up":[{"embeddable":true,"href":"https:\/\/www.sportcinofili.it\/index.php\/wp-json\/wp\/v2\/pages\/9307"}],"wp:attachment":[{"href":"https:\/\/www.sportcinofili.it\/index.php\/wp-json\/wp\/v2\/media?parent=262"}],"curies":[{"name":"wp","href":"https:\/\/api.w.org\/{rel}","templated":true}]}}