{"id":19044,"date":"2021-03-15T13:16:33","date_gmt":"2021-03-15T12:16:33","guid":{"rendered":"http:\/\/www.sportcinofili.it\/?page_id=19044"},"modified":"2021-05-18T11:16:39","modified_gmt":"2021-05-18T09:16:39","slug":"volontariato","status":"publish","type":"page","link":"https:\/\/www.sportcinofili.it\/index.php\/volontariato\/","title":{"rendered":"Volontariato"},"content":{"rendered":"\n<div class=\"wp-block-image\"><figure class=\"alignright size-large is-resized\"><img decoding=\"async\" src=\"http:\/\/www.sportcinofili.it\/wp-content\/uploads\/2017\/06\/LOGO-FISC-1.png\" alt=\"\" class=\"wp-image-7776\" width=\"148\" height=\"152\" srcset=\"https:\/\/www.sportcinofili.it\/wp-content\/uploads\/2017\/06\/LOGO-FISC-1.png 400w, https:\/\/www.sportcinofili.it\/wp-content\/uploads\/2017\/06\/LOGO-FISC-1-293x300.png 293w, https:\/\/www.sportcinofili.it\/wp-content\/uploads\/2017\/06\/LOGO-FISC-1-230x236.png 230w, https:\/\/www.sportcinofili.it\/wp-content\/uploads\/2017\/06\/LOGO-FISC-1-350x359.png 350w\" sizes=\"(max-width: 148px) 100vw, 148px\" \/><\/figure><\/div>\n\n\n\n<p>Ecco le inziative FISC per il volontariato:<\/p>\n\n\n\n<h2 class=\"wp-block-heading\"><strong>Volontariato Online<\/strong><\/h2>\n\n\n\n<p>Con questo progetto la FISC vuole dare un&#8217;opportunit\u00e0 di offrire le proprie competenze e professionalit\u00e0 mediante il <strong>Volontariato on line<\/strong>.<\/p>\n\n\n\n<p>I vantaggi di aderire al volontariato online sono che puoi dare la tua disponibilit\u00e0, negli orari in cui sei liberto e per il tempo che deciderai di dedicare, <strong>direttamente da casa<\/strong>, senza spostarti.<\/p>\n\n\n\n<p>Per partire \u00e8 necessario avere volont\u00e0, un computer, un collegamento ad internet e le giuste competenze ed ambizione, al fine di trovare la soluzione giusta per ciascuno.<\/p>\n\n\n\n<p><strong>Le inziative potrebbero essere tantissime<\/strong>, dalla traduzione di testi, alla creazione di volantini, progettare una banca dati, svolgere ricerche oppure fornire consulenze in base alle proprie competenze specifiche (ad esempio nel campo del diritto, consulenza cinofila, consulenza veterinaria, etc). <\/p>\n\n\n\n<p>Se vuoi aderire al volontariato online puoi <strong>compilare il modulo<\/strong> scaricabile qui sotto e inviarlo compilato via mail a info@sportcinofili.it<\/p>\n\n\n\n<div class=\"wp-block-image\"><figure class=\"aligncenter size-large is-resized\"><a href=\"http:\/\/www.sportcinofili.it\/wp-content\/uploads\/2021\/03\/MODULO-ADESIONE-VOLONTARIATO-ONLINE.pdf\"><img fetchpriority=\"high\" decoding=\"async\" src=\"http:\/\/www.sportcinofili.it\/wp-content\/uploads\/2021\/03\/IMG_VOL_ON.png\" alt=\"\" class=\"wp-image-19060\" width=\"366\" height=\"220\" srcset=\"https:\/\/www.sportcinofili.it\/wp-content\/uploads\/2021\/03\/IMG_VOL_ON.png 616w, https:\/\/www.sportcinofili.it\/wp-content\/uploads\/2021\/03\/IMG_VOL_ON-300x181.png 300w, https:\/\/www.sportcinofili.it\/wp-content\/uploads\/2021\/03\/IMG_VOL_ON-230x139.png 230w, https:\/\/www.sportcinofili.it\/wp-content\/uploads\/2021\/03\/IMG_VOL_ON-350x211.png 350w, https:\/\/www.sportcinofili.it\/wp-content\/uploads\/2021\/03\/IMG_VOL_ON-480x289.png 480w\" sizes=\"(max-width: 366px) 100vw, 366px\" \/><\/a><\/figure><\/div>\n","protected":false},"excerpt":{"rendered":"<p>Ecco le inziative FISC per il volontariato: Volontariato Online Con questo progetto la FISC vuole dare un&#8217;opportunit\u00e0 di offrire le proprie competenze e professionalit\u00e0 mediante il Volontariato on line. I vantaggi di aderire al volontariato online sono che puoi dare la tua disponibilit\u00e0, negli orari in cui sei liberto e [&hellip;]<\/p>\n","protected":false},"author":3,"featured_media":0,"parent":0,"menu_order":0,"comment_status":"closed","ping_status":"closed","template":"","meta":{"om_disable_all_campaigns":false,"_monsterinsights_skip_tracking":false,"_monsterinsights_sitenote_active":false,"_monsterinsights_sitenote_note":"","_monsterinsights_sitenote_category":0,"_uf_show_specific_survey":0,"_uf_disable_surveys":false,"footnotes":""},"class_list":["post-19044","page","type-page","status-publish","hentry"],"aioseo_notices":[],"_links":{"self":[{"href":"https:\/\/www.sportcinofili.it\/index.php\/wp-json\/wp\/v2\/pages\/19044","targetHints":{"allow":["GET"]}}],"collection":[{"href":"https:\/\/www.sportcinofili.it\/index.php\/wp-json\/wp\/v2\/pages"}],"about":[{"href":"https:\/\/www.sportcinofili.it\/index.php\/wp-json\/wp\/v2\/types\/page"}],"author":[{"embeddable":true,"href":"https:\/\/www.sportcinofili.it\/index.php\/wp-json\/wp\/v2\/users\/3"}],"replies":[{"embeddable":true,"href":"https:\/\/www.sportcinofili.it\/index.php\/wp-json\/wp\/v2\/comments?post=19044"}],"version-history":[{"count":21,"href":"https:\/\/www.sportcinofili.it\/index.php\/wp-json\/wp\/v2\/pages\/19044\/revisions"}],"predecessor-version":[{"id":19656,"href":"https:\/\/www.sportcinofili.it\/index.php\/wp-json\/wp\/v2\/pages\/19044\/revisions\/19656"}],"wp:attachment":[{"href":"https:\/\/www.sportcinofili.it\/index.php\/wp-json\/wp\/v2\/media?parent=19044"}],"curies":[{"name":"wp","href":"https:\/\/api.w.org\/{rel}","templated":true}]}}