{"id":1756,"date":"2016-09-15T12:44:03","date_gmt":"2016-09-15T10:44:03","guid":{"rendered":"http:\/\/www.sporttennis.it\/sportcinofili\/?page_id=1756"},"modified":"2016-10-18T09:53:02","modified_gmt":"2016-10-18T07:53:02","slug":"un-collega-a-quattro-zampe","status":"publish","type":"page","link":"https:\/\/www.sportcinofili.it\/index.php\/fisco\/un-collega-a-quattro-zampe\/","title":{"rendered":"Un collega a quattro zampe"},"content":{"rendered":"<p style=\"text-align: justify;\"><img decoding=\"async\" class=\"size-full wp-image-1757 alignleft\" src=\"http:\/\/www.sportcinofili.it\/wp-content\/uploads\/2016\/09\/dog-624951_1280-7496f962.jpg\" alt=\"dog-624951_1280-7496f962\" width=\"250\" height=\"167\" srcset=\"https:\/\/www.sportcinofili.it\/wp-content\/uploads\/2016\/09\/dog-624951_1280-7496f962.jpg 250w, https:\/\/www.sportcinofili.it\/wp-content\/uploads\/2016\/09\/dog-624951_1280-7496f962-230x154.jpg 230w\" sizes=\"(max-width: 250px) 100vw, 250px\" \/>Uno studio della Virginia Commonwealth University, pubblicato sul Journal of Workplace Health Management, ha dimostrato come la presenza di un animale da compagnia sul luogo di lavoro possa aiutare a combattere lo stress quotidiano, portando maggiore soddisfazione sul lavoro e maggior collaborazione tra gli impiegati.<br \/>\nLa ricerca \u00e8 stata condotta su un campione di 76 dipendenti di un&#8217;azienda, tenuti sotto osservazione per una settimana. Tra questi vi erano dipendenti a cui \u00e8 stato concesso di portare il proprio cane al lavoro, dipendenti con cani di propriet\u00e0 che per\u00f2 hanno lasciato a casa, e dipendenti che non possedevano cani.<br \/>\nLo studio ha mostrato come, sebbene tutti i dipendenti avessero normali livelli di cortisolo (ormone dello stress) al mattino, questo sia diminuito in coloro che hanno portato il cane in ufficio e in coloro che hanno socializzato con l&#8217;animale del collega, mentre risultava aumentato in coloro che non hanno portato il cane in ufficio o non hanno interagito con cani altrui.<br \/>\n\u00c8 stato inoltre registrato un miglioramento dell&#8217;ambiente di lavoro, pi\u00f9 disteso e amichevole, e una maggior comunicazione e serenit\u00e0 tra colleghi, con un conseguente aumento della produttivit\u00e0 e del rendimento.<br \/>\nQuella di accogliere i propri pet in ufficio \u00e8 un abitudine, ormai consolidata nei Paesi d&#8217;oltreoceano, che si sta diffondendo anche in Italia, dove alcune aziende e multinazionali hanno iniziato ad aprire le proprie porte anche agli amici a quattro zampe.<br \/>\n\u00c8 bene ricordare che in ogni caso devono essere rispettate le esigenze etologiche dell&#8217;animale e ovviamente anche quelle dei colleghi che devono condividere l&#8217;ambiente con il nostro cane. Il cane deve dunque essere sano, ben socializzato, abituato alla presenza di altre persone ed educato in modo tale da poter trarre il massimo beneficio da questa esperienza che altrimenti diventerebbe controproducente per gli impiegati e disagevole e stressante per il cane.<\/p>\n","protected":false},"excerpt":{"rendered":"<p>Uno studio della Virginia Commonwealth University, pubblicato sul Journal of Workplace Health Management, ha dimostrato come la presenza di un animale da compagnia sul luogo di lavoro possa aiutare a combattere lo stress quotidiano, portando maggiore soddisfazione sul lavoro e maggior collaborazione tra gli impiegati. La ricerca \u00e8 stata condotta [&hellip;]<\/p>\n","protected":false},"author":1,"featured_media":0,"parent":1754,"menu_order":0,"comment_status":"closed","ping_status":"closed","template":"","meta":{"om_disable_all_campaigns":false,"_monsterinsights_skip_tracking":false,"_monsterinsights_sitenote_active":false,"_monsterinsights_sitenote_note":"","_monsterinsights_sitenote_category":0,"_uf_show_specific_survey":0,"_uf_disable_surveys":false,"footnotes":""},"class_list":["post-1756","page","type-page","status-publish","hentry"],"aioseo_notices":[],"_links":{"self":[{"href":"https:\/\/www.sportcinofili.it\/index.php\/wp-json\/wp\/v2\/pages\/1756","targetHints":{"allow":["GET"]}}],"collection":[{"href":"https:\/\/www.sportcinofili.it\/index.php\/wp-json\/wp\/v2\/pages"}],"about":[{"href":"https:\/\/www.sportcinofili.it\/index.php\/wp-json\/wp\/v2\/types\/page"}],"author":[{"embeddable":true,"href":"https:\/\/www.sportcinofili.it\/index.php\/wp-json\/wp\/v2\/users\/1"}],"replies":[{"embeddable":true,"href":"https:\/\/www.sportcinofili.it\/index.php\/wp-json\/wp\/v2\/comments?post=1756"}],"version-history":[{"count":2,"href":"https:\/\/www.sportcinofili.it\/index.php\/wp-json\/wp\/v2\/pages\/1756\/revisions"}],"predecessor-version":[{"id":4764,"href":"https:\/\/www.sportcinofili.it\/index.php\/wp-json\/wp\/v2\/pages\/1756\/revisions\/4764"}],"up":[{"embeddable":true,"href":"https:\/\/www.sportcinofili.it\/index.php\/wp-json\/wp\/v2\/pages\/1754"}],"wp:attachment":[{"href":"https:\/\/www.sportcinofili.it\/index.php\/wp-json\/wp\/v2\/media?parent=1756"}],"curies":[{"name":"wp","href":"https:\/\/api.w.org\/{rel}","templated":true}]}}