{"id":15046,"date":"2019-07-09T12:20:15","date_gmt":"2019-07-09T10:20:15","guid":{"rendered":"http:\/\/www.sportcinofili.it\/?page_id=15046"},"modified":"2025-02-24T12:33:09","modified_gmt":"2025-02-24T11:33:09","slug":"fly-dog","status":"publish","type":"page","link":"https:\/\/www.sportcinofili.it\/index.php\/fly-dog\/","title":{"rendered":"FLY DOG"},"content":{"rendered":"\t\t<div data-elementor-type=\"wp-page\" data-elementor-id=\"15046\" class=\"elementor elementor-15046\">\n\t\t\t\t\t\t<section class=\"elementor-section elementor-top-section elementor-element elementor-element-61a261aa elementor-section-boxed elementor-section-height-default elementor-section-height-default\" data-id=\"61a261aa\" data-element_type=\"section\" data-e-type=\"section\">\n\t\t\t\t\t\t<div class=\"elementor-container elementor-column-gap-default\">\n\t\t\t\t\t<div class=\"elementor-column elementor-col-100 elementor-top-column elementor-element elementor-element-584e3776\" data-id=\"584e3776\" data-element_type=\"column\" data-e-type=\"column\">\n\t\t\t<div class=\"elementor-widget-wrap elementor-element-populated\">\n\t\t\t\t\t\t<div class=\"elementor-element elementor-element-29a5f5cc elementor-widget elementor-widget-text-editor\" data-id=\"29a5f5cc\" data-element_type=\"widget\" data-e-type=\"widget\" data-widget_type=\"text-editor.default\">\n\t\t\t\t<div class=\"elementor-widget-container\">\n\t\t\t\t\t\t\t\t\t<p><img fetchpriority=\"high\" decoding=\"async\" class=\"size-medium wp-image-15047 alignleft\" src=\"http:\/\/www.sportcinofili.it\/wp-content\/uploads\/2019\/07\/LOGO-FLYDOG-300x300.jpg\" alt=\"\" width=\"300\" height=\"300\" srcset=\"https:\/\/www.sportcinofili.it\/wp-content\/uploads\/2019\/07\/LOGO-FLYDOG-300x300.jpg 300w, https:\/\/www.sportcinofili.it\/wp-content\/uploads\/2019\/07\/LOGO-FLYDOG-150x150.jpg 150w, https:\/\/www.sportcinofili.it\/wp-content\/uploads\/2019\/07\/LOGO-FLYDOG-148x148.jpg 148w, https:\/\/www.sportcinofili.it\/wp-content\/uploads\/2019\/07\/LOGO-FLYDOG-31x31.jpg 31w, https:\/\/www.sportcinofili.it\/wp-content\/uploads\/2019\/07\/LOGO-FLYDOG-38x38.jpg 38w, https:\/\/www.sportcinofili.it\/wp-content\/uploads\/2019\/07\/LOGO-FLYDOG-215x215.jpg 215w, https:\/\/www.sportcinofili.it\/wp-content\/uploads\/2019\/07\/LOGO-FLYDOG-230x230.jpg 230w, https:\/\/www.sportcinofili.it\/wp-content\/uploads\/2019\/07\/LOGO-FLYDOG-350x350.jpg 350w, https:\/\/www.sportcinofili.it\/wp-content\/uploads\/2019\/07\/LOGO-FLYDOG.jpg 358w\" sizes=\"(max-width: 300px) 100vw, 300px\" \/>Il Fly Dog \u00e8 una disciplina sportiva cinofila costituita da un\u2019attrezzatura ludico-sportiva modulare ad altezza costante di 1.2 metri con gradi di difficolt\u00e0 progressivi, per una lunghezza lineare di 30 metri.<\/p><p>Il percorso \u00e8 stato creato, ideato, progettato e disegnato da <em>Andrea Sergio Petrone<\/em>, e ha ottenuto il <em>brevetto di modello di utilit\u00e0<\/em> a livello italiano, europeo e internazionale.<\/p><p>\u00c8 un percorso ad ostacoli che si pone l\u2019obiettivo di sviluppare la capacit\u00e0 di equilibrio, di tonicit\u00e0, di mobilit\u00e0 articolare, di coordinazione oculo-motoria del cane, nonch\u00e9 quello di migliorare il rapporto uomo-animale rafforzandone la relazione.<\/p><p>L\u2019attivit\u00e0 serve a sviluppare equilibrio, socialit\u00e0, spazialit\u00e0 del corpo, motricit\u00e0, curiosit\u00e0 e acquisizione di maggior sicurezza da parte del cane. Inoltre l\u2019attraversamento del percorso migliora lo sviluppo psico-fisico e l\u2019affinamento di doti e peculiarit\u00e0 del cane che impara a<\/p><p>compiere azioni di precisione.<\/p><p>L\u2019animale diventa capace di concentrarsi e coordinarsi e sviluppa un miglioramento del grado di attenzione e delle capacit\u00e0 adattative ed esplorative.<\/p><p>Il Fly Dog \u00e8 costituito da <em>10 moduli collegati tra loro da 11 torrette<\/em>: l\u2019accesso e l\u2019uscita dal percorso sono garantiti attraverso una pedana antiscivolo inclinata che aiuta e guida il cane nella salita e nella discesa. L\u2019animale dovr\u00e0 attraversare una serie di ostacoli, con difficolt\u00e0 via via crescente, che miglioreranno e rafforzeranno autostima ed autocontrollo.<\/p><p>Questo nuovo sport rappresenta una grande innovazione per i nostri amici a quatto zampe che hanno ora la possibilit\u00e0 di mettersi in gioco cimentandosi in un percorso ad ostacoli sviluppato in altezza.<\/p><p>Non si tratta solo di divertimento, ma anche di un vero e proprio allenamento che aiuta tutti i cani, a prescindere dalla razza e\/o dal sesso, a migliorare le proprie caratteristiche psico-fisiche e a far valere le proprie potenzialit\u00e0.<\/p><p><em>Perch\u00e9 un cane non deve essere solo bello, ma anche, e soprattutto, sano, forte e sicuro di s\u00e9.<\/em><\/p><p>PERCH\u00c9 SCEGLIERE DI AVERE IL FLY DOG ALL\u2019INTERNO DEL PROPRIO CENTRO CINOFILO?<\/p><p>Il Fly Dog rappresenta una grande innovazione in ambito cinofilo. Avere un\u2019attrezzatura, che identifica una nuova pratica sportiva, nel proprio Centro Cinofilo porta ad un\u2019apertura verso nuovi orizzonti, con un aumento esponenziale di visibilit\u00e0 pubblica ed un incremento di servizi e, quindi, anche di profitti.<\/p><p>Il Fly Dog porta con s\u00e9 formazione mirata, figure professionali concrete, clienti curiosi e motivati.<\/p><p>Il Fly Dog risulta anche essere particolarmente indicato come Training per le Unit\u00e0 Cinofile da Soccorso: Cani della Croce Rossa, Cani della Protezione Civile, Cani da Ricerca e da Catastrofe, ecc\u2026; per il Gruppo Cinofilo dell\u2019Esercito Italiano e dell\u2019Unit\u00e0 Cinofila della Polizia.<\/p><p>\u00a0<\/p><p>CARATTERISTICHE DEL FLY DOG:<\/p><p>il Fly Dog \u00e8 costituito da 10 moduli con ostacoli che presentano grado di difficolt\u00e0 crescente:<\/p><ol><li>Pedana<\/li><li>Ponte aperto lateralmente<\/li><li>Ponte Tibetano forato<\/li><li>Pneumatici<\/li><li>Macerie<\/li><li>Tunnel<\/li><li>Telo morbido<\/li><li>Ponte Tibetano in cerchio<\/li><li>Scala<\/li><li>Palo semisferico<\/li><\/ol><p>Il cane dovr\u00e0 percorrere l\u2019intero percorso, nel minor tempo possibile e senza commettere errori.<\/p><p><img decoding=\"async\" class=\"alignnone wp-image-15048\" src=\"http:\/\/www.sportcinofili.it\/wp-content\/uploads\/2019\/07\/20190611_121921-300x146.jpg\" alt=\"\" width=\"600\" height=\"292\" srcset=\"https:\/\/www.sportcinofili.it\/wp-content\/uploads\/2019\/07\/20190611_121921-300x146.jpg 300w, https:\/\/www.sportcinofili.it\/wp-content\/uploads\/2019\/07\/20190611_121921-768x373.jpg 768w, https:\/\/www.sportcinofili.it\/wp-content\/uploads\/2019\/07\/20190611_121921-1024x498.jpg 1024w, https:\/\/www.sportcinofili.it\/wp-content\/uploads\/2019\/07\/20190611_121921-148x72.jpg 148w, https:\/\/www.sportcinofili.it\/wp-content\/uploads\/2019\/07\/20190611_121921-31x15.jpg 31w, https:\/\/www.sportcinofili.it\/wp-content\/uploads\/2019\/07\/20190611_121921-38x18.jpg 38w, https:\/\/www.sportcinofili.it\/wp-content\/uploads\/2019\/07\/20190611_121921-425x207.jpg 425w, https:\/\/www.sportcinofili.it\/wp-content\/uploads\/2019\/07\/20190611_121921-830x403.jpg 830w, https:\/\/www.sportcinofili.it\/wp-content\/uploads\/2019\/07\/20190611_121921-230x112.jpg 230w, https:\/\/www.sportcinofili.it\/wp-content\/uploads\/2019\/07\/20190611_121921-350x170.jpg 350w, https:\/\/www.sportcinofili.it\/wp-content\/uploads\/2019\/07\/20190611_121921-480x233.jpg 480w, https:\/\/www.sportcinofili.it\/wp-content\/uploads\/2019\/07\/20190611_121921.jpg 2048w\" sizes=\"(max-width: 600px) 100vw, 600px\" \/><\/p><p><a href=\"https:\/\/drive.google.com\/file\/d\/1C2w6HJyF7mFg74WwRWeIKP3PDhjDxlCA\/view?usp=sharing\"><em><strong>CLICCA QUI<\/strong><\/em><\/a> per vedere il regolamento<\/p><p><a href=\"https:\/\/drive.google.com\/file\/d\/1f0W0kbHa-BK6azP1SQmiNAmUMreEWdUD\/view?usp=sharing\"><em><strong>CLICCA QUI<\/strong><\/em><\/a> per vedere il regolamento di formazione<\/p><p><strong>Responsabile Nazionale Flydog\u00a0<\/strong><\/p><p><strong>Andrea Sergio Petrone\u00a0<\/strong><\/p><p>3497926987<\/p><p>internationalflydog@gmail.com<\/p>\t\t\t\t\t\t\t\t<\/div>\n\t\t\t\t<\/div>\n\t\t\t\t\t<\/div>\n\t\t<\/div>\n\t\t\t\t\t<\/div>\n\t\t<\/section>\n\t\t\t\t<\/div>\n\t\t","protected":false},"excerpt":{"rendered":"<p>Il Fly Dog \u00e8 una disciplina sportiva cinofila costituita da un\u2019attrezzatura ludico-sportiva modulare ad altezza costante di 1.2 metri con gradi di difficolt\u00e0 progressivi, per una lunghezza lineare di 30 metri. Il percorso \u00e8 stato creato, ideato, progettato e disegnato da Andrea Sergio Petrone, e ha ottenuto il brevetto di [&hellip;]<\/p>\n","protected":false},"author":2,"featured_media":0,"parent":0,"menu_order":0,"comment_status":"closed","ping_status":"closed","template":"","meta":{"om_disable_all_campaigns":false,"_monsterinsights_skip_tracking":false,"_monsterinsights_sitenote_active":false,"_monsterinsights_sitenote_note":"","_monsterinsights_sitenote_category":0,"_uf_show_specific_survey":0,"_uf_disable_surveys":false,"footnotes":""},"class_list":["post-15046","page","type-page","status-publish","hentry"],"aioseo_notices":[],"_links":{"self":[{"href":"https:\/\/www.sportcinofili.it\/index.php\/wp-json\/wp\/v2\/pages\/15046","targetHints":{"allow":["GET"]}}],"collection":[{"href":"https:\/\/www.sportcinofili.it\/index.php\/wp-json\/wp\/v2\/pages"}],"about":[{"href":"https:\/\/www.sportcinofili.it\/index.php\/wp-json\/wp\/v2\/types\/page"}],"author":[{"embeddable":true,"href":"https:\/\/www.sportcinofili.it\/index.php\/wp-json\/wp\/v2\/users\/2"}],"replies":[{"embeddable":true,"href":"https:\/\/www.sportcinofili.it\/index.php\/wp-json\/wp\/v2\/comments?post=15046"}],"version-history":[{"count":5,"href":"https:\/\/www.sportcinofili.it\/index.php\/wp-json\/wp\/v2\/pages\/15046\/revisions"}],"predecessor-version":[{"id":32790,"href":"https:\/\/www.sportcinofili.it\/index.php\/wp-json\/wp\/v2\/pages\/15046\/revisions\/32790"}],"wp:attachment":[{"href":"https:\/\/www.sportcinofili.it\/index.php\/wp-json\/wp\/v2\/media?parent=15046"}],"curies":[{"name":"wp","href":"https:\/\/api.w.org\/{rel}","templated":true}]}}