{"id":14935,"date":"2019-06-25T14:17:50","date_gmt":"2019-06-25T12:17:50","guid":{"rendered":"http:\/\/www.sportcinofili.it\/?page_id=14935"},"modified":"2025-02-24T13:55:20","modified_gmt":"2025-02-24T12:55:20","slug":"k9-cross-training","status":"publish","type":"page","link":"https:\/\/www.sportcinofili.it\/index.php\/k9-cross-training\/","title":{"rendered":"K9 Cross Training"},"content":{"rendered":"\t\t<div data-elementor-type=\"wp-page\" data-elementor-id=\"14935\" class=\"elementor elementor-14935\">\n\t\t\t\t\t\t<section class=\"elementor-section elementor-top-section elementor-element elementor-element-7f56169c elementor-section-boxed elementor-section-height-default elementor-section-height-default\" data-id=\"7f56169c\" data-element_type=\"section\" data-e-type=\"section\">\n\t\t\t\t\t\t<div class=\"elementor-container elementor-column-gap-default\">\n\t\t\t\t\t<div class=\"elementor-column elementor-col-100 elementor-top-column elementor-element elementor-element-f603085\" data-id=\"f603085\" data-element_type=\"column\" data-e-type=\"column\">\n\t\t\t<div class=\"elementor-widget-wrap elementor-element-populated\">\n\t\t\t\t\t\t<div class=\"elementor-element elementor-element-10e47228 elementor-widget elementor-widget-text-editor\" data-id=\"10e47228\" data-element_type=\"widget\" data-e-type=\"widget\" data-widget_type=\"text-editor.default\">\n\t\t\t\t<div class=\"elementor-widget-container\">\n\t\t\t\t\t\t\t\t\t<div><p style=\"text-align: justify;\"><img decoding=\"async\" class=\"size-medium wp-image-14936 alignleft\" src=\"http:\/\/www.sportcinofili.it\/wp-content\/uploads\/2019\/06\/Loghi-NUOVI-CCT-TM-internet-300x111.png\" alt=\"\" width=\"300\" height=\"111\" srcset=\"https:\/\/www.sportcinofili.it\/wp-content\/uploads\/2019\/06\/Loghi-NUOVI-CCT-TM-internet-300x111.png 300w, https:\/\/www.sportcinofili.it\/wp-content\/uploads\/2019\/06\/Loghi-NUOVI-CCT-TM-internet-768x284.png 768w, https:\/\/www.sportcinofili.it\/wp-content\/uploads\/2019\/06\/Loghi-NUOVI-CCT-TM-internet-1024x379.png 1024w, https:\/\/www.sportcinofili.it\/wp-content\/uploads\/2019\/06\/Loghi-NUOVI-CCT-TM-internet-148x55.png 148w, https:\/\/www.sportcinofili.it\/wp-content\/uploads\/2019\/06\/Loghi-NUOVI-CCT-TM-internet-31x11.png 31w, https:\/\/www.sportcinofili.it\/wp-content\/uploads\/2019\/06\/Loghi-NUOVI-CCT-TM-internet-38x14.png 38w, https:\/\/www.sportcinofili.it\/wp-content\/uploads\/2019\/06\/Loghi-NUOVI-CCT-TM-internet-425x157.png 425w, https:\/\/www.sportcinofili.it\/wp-content\/uploads\/2019\/06\/Loghi-NUOVI-CCT-TM-internet-830x307.png 830w, https:\/\/www.sportcinofili.it\/wp-content\/uploads\/2019\/06\/Loghi-NUOVI-CCT-TM-internet-230x85.png 230w, https:\/\/www.sportcinofili.it\/wp-content\/uploads\/2019\/06\/Loghi-NUOVI-CCT-TM-internet-350x130.png 350w, https:\/\/www.sportcinofili.it\/wp-content\/uploads\/2019\/06\/Loghi-NUOVI-CCT-TM-internet-480x178.png 480w, https:\/\/www.sportcinofili.it\/wp-content\/uploads\/2019\/06\/Loghi-NUOVI-CCT-TM-internet.png 2048w\" sizes=\"(max-width: 300px) 100vw, 300px\" \/>Il K9 Cross Training (K9CT) \u00e8 una metodologia di allenamento trasversale pensata per soddisfare le differenti esigenze dei singoli soggetti, dal cane in crescita fino a quello<\/p><p style=\"text-align: justify;\">anziano passando per le particolari necessit\u00e0 dello sportivo.<\/p><p style=\"text-align: justify;\">Da non confondersi con la fisioterapia, questo tipo di attivit\u00e0 \u00e8 riservata a cani senza problemi fisici e\/o motori con il preciso obiettivo di migliorare la forma fisica e mentale, in termini di: consapevolezza, equilibrio, resistenza, precisione e fluidit\u00e0 dei movimenti al fine di ottenere migliori performances e benessere generale del cane.<\/p><p style=\"text-align: justify;\">Il K9 Cross Training prevede uno sviluppo bilanciato di 5 differenti aree di lavoro:<\/p><p style=\"text-align: justify;\"><strong>MENTAL : Concentrazione e apprendimento<\/strong><\/p><p style=\"text-align: justify;\">Grazie all\u2019alto livello di impegno mentale richiesto ai cani durante una sessione di K9CT, per la tipologia di tecnica di lavoro e per l\u2019utilizzo di attrezzatura propriocettiva, \u00e8 possibile allenare la capacit\u00e0 del cane di trovare e mantenere la concentrazione e la motivazione durante le attivit\u00e0 quotidiane e quelle sportive. \u00c8 altrettanto importante, nella visione che il K9CT ha del binomio, la relazione e la collaborazione che grazie a questa attivit\u00e0 viene a crearsi e rafforzarsi.<\/p><p style=\"text-align: justify;\"><strong>BALANCE : Equilibrio e propriocezione<\/strong><\/p><p style=\"text-align: justify;\">Incrementare l\u2019equilibrio, la propriocezione e la coscienza del proprio corpo significa aiutare il cane a ridurre il rischio di infortuni durante l\u2019attivit\u00e0 sportiva o la vita di tutti i<\/p><p style=\"text-align: justify;\">giorni. Il focus del lavoro di equilibrio e propriocezione sar\u00e0 un migliore controllo dei movimenti, un training specifico dei muscoli posturali e una gestione consapevole del gesto atletico.<\/p><p style=\"text-align: justify;\"><strong>CARDIO : Cardio training<\/strong><\/p><p style=\"text-align: justify;\">Il cardio training apporta adattamenti metabolici, muscolari, cardiovascolari e circolatori grazie ai quali si migliora la resistenza, la forza muscolare si ottiene un miglior utilizzo dell&#8217;energia. Con un efficace allenamento cardiovascolare \u00e8 possibile migliorare lo stato di salute generale del cane garantendo un migliore apporto di ossigeno a muscoli e tessuti con notevoli benefici sulle specifiche prestazioni atletiche del cane.<\/p><p style=\"text-align: justify;\"><strong>STRENGTH : Potenziamento muscolare e forza<\/strong><\/p><p style=\"text-align: justify;\">Un aumento della forza e della resistenza muscolare, permette una gestione dei movimenti del cane pi\u00f9 precisa e rapida grazie alla maggior forza a disposizione dei singoli gruppi muscolari l\u2019organismo sar\u00e0 in grado di contrastare eventuali movimenti imprevisti e possibilmente traumatici, riducendo cos\u00ec la percentuale di infortuni.<\/p><p style=\"text-align: justify;\"><strong>FLEXIBILITY : Mobilit\u00e0 articolare e flessibilit\u00e0<\/strong><\/p><p style=\"text-align: justify;\">Un pi\u00f9 ampio range di movimento delle articolazioni permette una pi\u00f9 fluida transizione tra le differenti andature del cane, una migliore capacit\u00e0 di eseguire movimenti complessi o imprevisti spesso legati ad attivit\u00e0 cinofilo sportive.<\/p><\/div><p><a href=\"https:\/\/drive.google.com\/file\/d\/1VSJ8SDFgaljhLDO4zkXCT1OD6ov4vabN\/view?usp=sharing\"><em><strong>CLICCA QUI<\/strong> \u00a0<\/em><\/a>per visualizzare il Regolamento di Formazione<\/p><table style=\"border-collapse: collapse; width: 100%; height: 283px;\" border=\"1\"><tbody><tr style=\"height: 141px;\"><td style=\"width: 20%; height: 141px;\"><img decoding=\"async\" class=\"wp-image-14945 aligncenter\" src=\"http:\/\/www.sportcinofili.it\/wp-content\/uploads\/2019\/06\/CCT-300-4-1024x683-300x200.jpg\" alt=\"\" width=\"159\" height=\"106\" srcset=\"https:\/\/www.sportcinofili.it\/wp-content\/uploads\/2019\/06\/CCT-300-4-1024x683-300x200.jpg 300w, https:\/\/www.sportcinofili.it\/wp-content\/uploads\/2019\/06\/CCT-300-4-1024x683-768x512.jpg 768w, https:\/\/www.sportcinofili.it\/wp-content\/uploads\/2019\/06\/CCT-300-4-1024x683.jpg 1024w, https:\/\/www.sportcinofili.it\/wp-content\/uploads\/2019\/06\/CCT-300-4-1024x683-148x99.jpg 148w, https:\/\/www.sportcinofili.it\/wp-content\/uploads\/2019\/06\/CCT-300-4-1024x683-31x21.jpg 31w, https:\/\/www.sportcinofili.it\/wp-content\/uploads\/2019\/06\/CCT-300-4-1024x683-38x25.jpg 38w, https:\/\/www.sportcinofili.it\/wp-content\/uploads\/2019\/06\/CCT-300-4-1024x683-322x215.jpg 322w, https:\/\/www.sportcinofili.it\/wp-content\/uploads\/2019\/06\/CCT-300-4-1024x683-830x554.jpg 830w, https:\/\/www.sportcinofili.it\/wp-content\/uploads\/2019\/06\/CCT-300-4-1024x683-230x153.jpg 230w, https:\/\/www.sportcinofili.it\/wp-content\/uploads\/2019\/06\/CCT-300-4-1024x683-350x233.jpg 350w, https:\/\/www.sportcinofili.it\/wp-content\/uploads\/2019\/06\/CCT-300-4-1024x683-480x320.jpg 480w, https:\/\/www.sportcinofili.it\/wp-content\/uploads\/2019\/06\/CCT-300-4-1024x683-272x182.jpg 272w\" sizes=\"(max-width: 159px) 100vw, 159px\" \/><\/td><td style=\"width: 20%; height: 141px;\"><img decoding=\"async\" class=\"wp-image-14946 aligncenter\" src=\"http:\/\/www.sportcinofili.it\/wp-content\/uploads\/2019\/06\/CCT-300-6-300x200.jpg\" alt=\"\" width=\"173\" height=\"116\" srcset=\"https:\/\/www.sportcinofili.it\/wp-content\/uploads\/2019\/06\/CCT-300-6-300x200.jpg 300w, https:\/\/www.sportcinofili.it\/wp-content\/uploads\/2019\/06\/CCT-300-6-768x512.jpg 768w, https:\/\/www.sportcinofili.it\/wp-content\/uploads\/2019\/06\/CCT-300-6-1024x683.jpg 1024w, https:\/\/www.sportcinofili.it\/wp-content\/uploads\/2019\/06\/CCT-300-6-148x99.jpg 148w, https:\/\/www.sportcinofili.it\/wp-content\/uploads\/2019\/06\/CCT-300-6-31x21.jpg 31w, https:\/\/www.sportcinofili.it\/wp-content\/uploads\/2019\/06\/CCT-300-6-38x25.jpg 38w, https:\/\/www.sportcinofili.it\/wp-content\/uploads\/2019\/06\/CCT-300-6-322x215.jpg 322w, https:\/\/www.sportcinofili.it\/wp-content\/uploads\/2019\/06\/CCT-300-6-830x553.jpg 830w, https:\/\/www.sportcinofili.it\/wp-content\/uploads\/2019\/06\/CCT-300-6-230x153.jpg 230w, https:\/\/www.sportcinofili.it\/wp-content\/uploads\/2019\/06\/CCT-300-6-350x233.jpg 350w, https:\/\/www.sportcinofili.it\/wp-content\/uploads\/2019\/06\/CCT-300-6-480x320.jpg 480w, https:\/\/www.sportcinofili.it\/wp-content\/uploads\/2019\/06\/CCT-300-6-272x182.jpg 272w, https:\/\/www.sportcinofili.it\/wp-content\/uploads\/2019\/06\/CCT-300-6.jpg 2048w\" sizes=\"(max-width: 173px) 100vw, 173px\" \/><\/td><td style=\"width: 20%; height: 141px;\"><img loading=\"lazy\" decoding=\"async\" class=\"wp-image-14944 aligncenter\" src=\"http:\/\/www.sportcinofili.it\/wp-content\/uploads\/2019\/06\/CCT-300-3-300x200.jpg\" alt=\"\" width=\"178\" height=\"118\" srcset=\"https:\/\/www.sportcinofili.it\/wp-content\/uploads\/2019\/06\/CCT-300-3-300x200.jpg 300w, https:\/\/www.sportcinofili.it\/wp-content\/uploads\/2019\/06\/CCT-300-3-768x512.jpg 768w, https:\/\/www.sportcinofili.it\/wp-content\/uploads\/2019\/06\/CCT-300-3-1024x683.jpg 1024w, https:\/\/www.sportcinofili.it\/wp-content\/uploads\/2019\/06\/CCT-300-3-148x99.jpg 148w, https:\/\/www.sportcinofili.it\/wp-content\/uploads\/2019\/06\/CCT-300-3-31x21.jpg 31w, https:\/\/www.sportcinofili.it\/wp-content\/uploads\/2019\/06\/CCT-300-3-38x25.jpg 38w, https:\/\/www.sportcinofili.it\/wp-content\/uploads\/2019\/06\/CCT-300-3-322x215.jpg 322w, https:\/\/www.sportcinofili.it\/wp-content\/uploads\/2019\/06\/CCT-300-3-830x553.jpg 830w, https:\/\/www.sportcinofili.it\/wp-content\/uploads\/2019\/06\/CCT-300-3-230x153.jpg 230w, https:\/\/www.sportcinofili.it\/wp-content\/uploads\/2019\/06\/CCT-300-3-350x233.jpg 350w, https:\/\/www.sportcinofili.it\/wp-content\/uploads\/2019\/06\/CCT-300-3-480x320.jpg 480w, https:\/\/www.sportcinofili.it\/wp-content\/uploads\/2019\/06\/CCT-300-3-272x182.jpg 272w, https:\/\/www.sportcinofili.it\/wp-content\/uploads\/2019\/06\/CCT-300-3.jpg 2048w\" sizes=\"(max-width: 178px) 100vw, 178px\" \/><\/td><td style=\"width: 20%; height: 141px;\"><img loading=\"lazy\" decoding=\"async\" class=\"wp-image-14943 aligncenter\" src=\"http:\/\/www.sportcinofili.it\/wp-content\/uploads\/2019\/06\/CCT-300-2-300x200.jpg\" alt=\"\" width=\"179\" height=\"120\" srcset=\"https:\/\/www.sportcinofili.it\/wp-content\/uploads\/2019\/06\/CCT-300-2-300x200.jpg 300w, https:\/\/www.sportcinofili.it\/wp-content\/uploads\/2019\/06\/CCT-300-2-768x512.jpg 768w, https:\/\/www.sportcinofili.it\/wp-content\/uploads\/2019\/06\/CCT-300-2-1024x682.jpg 1024w, https:\/\/www.sportcinofili.it\/wp-content\/uploads\/2019\/06\/CCT-300-2-148x99.jpg 148w, https:\/\/www.sportcinofili.it\/wp-content\/uploads\/2019\/06\/CCT-300-2-31x21.jpg 31w, https:\/\/www.sportcinofili.it\/wp-content\/uploads\/2019\/06\/CCT-300-2-38x25.jpg 38w, https:\/\/www.sportcinofili.it\/wp-content\/uploads\/2019\/06\/CCT-300-2-323x215.jpg 323w, https:\/\/www.sportcinofili.it\/wp-content\/uploads\/2019\/06\/CCT-300-2-830x553.jpg 830w, https:\/\/www.sportcinofili.it\/wp-content\/uploads\/2019\/06\/CCT-300-2-230x153.jpg 230w, https:\/\/www.sportcinofili.it\/wp-content\/uploads\/2019\/06\/CCT-300-2-350x233.jpg 350w, https:\/\/www.sportcinofili.it\/wp-content\/uploads\/2019\/06\/CCT-300-2-480x320.jpg 480w, https:\/\/www.sportcinofili.it\/wp-content\/uploads\/2019\/06\/CCT-300-2-272x182.jpg 272w, https:\/\/www.sportcinofili.it\/wp-content\/uploads\/2019\/06\/CCT-300-2.jpg 1810w\" sizes=\"(max-width: 179px) 100vw, 179px\" \/><\/td><td style=\"width: 20%; height: 141px;\"><img loading=\"lazy\" decoding=\"async\" class=\"wp-image-14941 aligncenter\" src=\"http:\/\/www.sportcinofili.it\/wp-content\/uploads\/2019\/06\/CCT-6-low-300x200.jpg\" alt=\"\" width=\"173\" height=\"116\" srcset=\"https:\/\/www.sportcinofili.it\/wp-content\/uploads\/2019\/06\/CCT-6-low-300x200.jpg 300w, https:\/\/www.sportcinofili.it\/wp-content\/uploads\/2019\/06\/CCT-6-low-768x512.jpg 768w, https:\/\/www.sportcinofili.it\/wp-content\/uploads\/2019\/06\/CCT-6-low-1024x683.jpg 1024w, https:\/\/www.sportcinofili.it\/wp-content\/uploads\/2019\/06\/CCT-6-low-148x99.jpg 148w, https:\/\/www.sportcinofili.it\/wp-content\/uploads\/2019\/06\/CCT-6-low-31x21.jpg 31w, https:\/\/www.sportcinofili.it\/wp-content\/uploads\/2019\/06\/CCT-6-low-38x25.jpg 38w, https:\/\/www.sportcinofili.it\/wp-content\/uploads\/2019\/06\/CCT-6-low-322x215.jpg 322w, https:\/\/www.sportcinofili.it\/wp-content\/uploads\/2019\/06\/CCT-6-low-830x553.jpg 830w, https:\/\/www.sportcinofili.it\/wp-content\/uploads\/2019\/06\/CCT-6-low-230x153.jpg 230w, https:\/\/www.sportcinofili.it\/wp-content\/uploads\/2019\/06\/CCT-6-low-350x233.jpg 350w, https:\/\/www.sportcinofili.it\/wp-content\/uploads\/2019\/06\/CCT-6-low-480x320.jpg 480w, https:\/\/www.sportcinofili.it\/wp-content\/uploads\/2019\/06\/CCT-6-low-272x182.jpg 272w, https:\/\/www.sportcinofili.it\/wp-content\/uploads\/2019\/06\/CCT-6-low.jpg 2048w\" sizes=\"(max-width: 173px) 100vw, 173px\" \/><\/td><\/tr><tr style=\"height: 142px;\"><td style=\"width: 20%; height: 142px;\"><img loading=\"lazy\" decoding=\"async\" class=\"wp-image-14942 aligncenter\" src=\"http:\/\/www.sportcinofili.it\/wp-content\/uploads\/2019\/06\/CCT-9-300x200.jpg\" alt=\"\" width=\"171\" height=\"113\" srcset=\"https:\/\/www.sportcinofili.it\/wp-content\/uploads\/2019\/06\/CCT-9-300x200.jpg 300w, https:\/\/www.sportcinofili.it\/wp-content\/uploads\/2019\/06\/CCT-9-768x512.jpg 768w, https:\/\/www.sportcinofili.it\/wp-content\/uploads\/2019\/06\/CCT-9-1024x683.jpg 1024w, https:\/\/www.sportcinofili.it\/wp-content\/uploads\/2019\/06\/CCT-9-148x99.jpg 148w, https:\/\/www.sportcinofili.it\/wp-content\/uploads\/2019\/06\/CCT-9-31x21.jpg 31w, https:\/\/www.sportcinofili.it\/wp-content\/uploads\/2019\/06\/CCT-9-38x25.jpg 38w, https:\/\/www.sportcinofili.it\/wp-content\/uploads\/2019\/06\/CCT-9-323x215.jpg 323w, https:\/\/www.sportcinofili.it\/wp-content\/uploads\/2019\/06\/CCT-9-830x553.jpg 830w, https:\/\/www.sportcinofili.it\/wp-content\/uploads\/2019\/06\/CCT-9-230x153.jpg 230w, https:\/\/www.sportcinofili.it\/wp-content\/uploads\/2019\/06\/CCT-9-350x233.jpg 350w, https:\/\/www.sportcinofili.it\/wp-content\/uploads\/2019\/06\/CCT-9-480x320.jpg 480w, https:\/\/www.sportcinofili.it\/wp-content\/uploads\/2019\/06\/CCT-9-272x182.jpg 272w, https:\/\/www.sportcinofili.it\/wp-content\/uploads\/2019\/06\/CCT-9.jpg 2048w\" sizes=\"(max-width: 171px) 100vw, 171px\" \/><\/td><td style=\"width: 20%; height: 142px;\"><img loading=\"lazy\" decoding=\"async\" class=\"wp-image-14940 aligncenter\" src=\"http:\/\/www.sportcinofili.it\/wp-content\/uploads\/2019\/06\/CCT-2-300x200.jpg\" alt=\"\" width=\"169\" height=\"112\" srcset=\"https:\/\/www.sportcinofili.it\/wp-content\/uploads\/2019\/06\/CCT-2-300x200.jpg 300w, https:\/\/www.sportcinofili.it\/wp-content\/uploads\/2019\/06\/CCT-2-768x512.jpg 768w, https:\/\/www.sportcinofili.it\/wp-content\/uploads\/2019\/06\/CCT-2-1024x683.jpg 1024w, https:\/\/www.sportcinofili.it\/wp-content\/uploads\/2019\/06\/CCT-2-148x99.jpg 148w, https:\/\/www.sportcinofili.it\/wp-content\/uploads\/2019\/06\/CCT-2-31x21.jpg 31w, https:\/\/www.sportcinofili.it\/wp-content\/uploads\/2019\/06\/CCT-2-38x25.jpg 38w, https:\/\/www.sportcinofili.it\/wp-content\/uploads\/2019\/06\/CCT-2-322x215.jpg 322w, https:\/\/www.sportcinofili.it\/wp-content\/uploads\/2019\/06\/CCT-2-830x553.jpg 830w, https:\/\/www.sportcinofili.it\/wp-content\/uploads\/2019\/06\/CCT-2-230x153.jpg 230w, https:\/\/www.sportcinofili.it\/wp-content\/uploads\/2019\/06\/CCT-2-350x233.jpg 350w, https:\/\/www.sportcinofili.it\/wp-content\/uploads\/2019\/06\/CCT-2-480x320.jpg 480w, https:\/\/www.sportcinofili.it\/wp-content\/uploads\/2019\/06\/CCT-2-272x182.jpg 272w, https:\/\/www.sportcinofili.it\/wp-content\/uploads\/2019\/06\/CCT-2.jpg 2048w\" sizes=\"(max-width: 169px) 100vw, 169px\" \/><\/td><td style=\"width: 20%; height: 142px;\"><img loading=\"lazy\" decoding=\"async\" class=\"wp-image-14939 aligncenter\" src=\"http:\/\/www.sportcinofili.it\/wp-content\/uploads\/2019\/06\/13064754_1754376618117150_516791389494187323_o-300x200.jpg\" alt=\"\" width=\"166\" height=\"111\" srcset=\"https:\/\/www.sportcinofili.it\/wp-content\/uploads\/2019\/06\/13064754_1754376618117150_516791389494187323_o-300x200.jpg 300w, https:\/\/www.sportcinofili.it\/wp-content\/uploads\/2019\/06\/13064754_1754376618117150_516791389494187323_o-768x512.jpg 768w, https:\/\/www.sportcinofili.it\/wp-content\/uploads\/2019\/06\/13064754_1754376618117150_516791389494187323_o-1024x682.jpg 1024w, https:\/\/www.sportcinofili.it\/wp-content\/uploads\/2019\/06\/13064754_1754376618117150_516791389494187323_o-148x99.jpg 148w, https:\/\/www.sportcinofili.it\/wp-content\/uploads\/2019\/06\/13064754_1754376618117150_516791389494187323_o-31x21.jpg 31w, https:\/\/www.sportcinofili.it\/wp-content\/uploads\/2019\/06\/13064754_1754376618117150_516791389494187323_o-38x25.jpg 38w, https:\/\/www.sportcinofili.it\/wp-content\/uploads\/2019\/06\/13064754_1754376618117150_516791389494187323_o-323x215.jpg 323w, https:\/\/www.sportcinofili.it\/wp-content\/uploads\/2019\/06\/13064754_1754376618117150_516791389494187323_o-830x553.jpg 830w, https:\/\/www.sportcinofili.it\/wp-content\/uploads\/2019\/06\/13064754_1754376618117150_516791389494187323_o-230x153.jpg 230w, https:\/\/www.sportcinofili.it\/wp-content\/uploads\/2019\/06\/13064754_1754376618117150_516791389494187323_o-350x233.jpg 350w, https:\/\/www.sportcinofili.it\/wp-content\/uploads\/2019\/06\/13064754_1754376618117150_516791389494187323_o-480x320.jpg 480w, https:\/\/www.sportcinofili.it\/wp-content\/uploads\/2019\/06\/13064754_1754376618117150_516791389494187323_o-272x182.jpg 272w, https:\/\/www.sportcinofili.it\/wp-content\/uploads\/2019\/06\/13064754_1754376618117150_516791389494187323_o.jpg 1810w\" sizes=\"(max-width: 166px) 100vw, 166px\" \/><\/td><td style=\"width: 20%; height: 142px;\"><img loading=\"lazy\" decoding=\"async\" class=\"wp-image-14938 aligncenter\" src=\"http:\/\/www.sportcinofili.it\/wp-content\/uploads\/2019\/06\/09231450-300x200.jpg\" alt=\"\" width=\"175\" height=\"117\" srcset=\"https:\/\/www.sportcinofili.it\/wp-content\/uploads\/2019\/06\/09231450-300x200.jpg 300w, https:\/\/www.sportcinofili.it\/wp-content\/uploads\/2019\/06\/09231450-148x99.jpg 148w, https:\/\/www.sportcinofili.it\/wp-content\/uploads\/2019\/06\/09231450-31x21.jpg 31w, https:\/\/www.sportcinofili.it\/wp-content\/uploads\/2019\/06\/09231450-38x25.jpg 38w, https:\/\/www.sportcinofili.it\/wp-content\/uploads\/2019\/06\/09231450-322x215.jpg 322w, https:\/\/www.sportcinofili.it\/wp-content\/uploads\/2019\/06\/09231450-230x154.jpg 230w, https:\/\/www.sportcinofili.it\/wp-content\/uploads\/2019\/06\/09231450-350x234.jpg 350w, https:\/\/www.sportcinofili.it\/wp-content\/uploads\/2019\/06\/09231450-480x321.jpg 480w, https:\/\/www.sportcinofili.it\/wp-content\/uploads\/2019\/06\/09231450-272x182.jpg 272w, https:\/\/www.sportcinofili.it\/wp-content\/uploads\/2019\/06\/09231450.jpg 500w\" sizes=\"(max-width: 175px) 100vw, 175px\" \/><\/td><td style=\"width: 20%; height: 142px;\"><img loading=\"lazy\" decoding=\"async\" class=\"wp-image-14937 aligncenter\" src=\"http:\/\/www.sportcinofili.it\/wp-content\/uploads\/2019\/06\/2222-1024x683-300x200.jpg\" alt=\"\" width=\"169\" height=\"113\" srcset=\"https:\/\/www.sportcinofili.it\/wp-content\/uploads\/2019\/06\/2222-1024x683-300x200.jpg 300w, https:\/\/www.sportcinofili.it\/wp-content\/uploads\/2019\/06\/2222-1024x683-768x512.jpg 768w, https:\/\/www.sportcinofili.it\/wp-content\/uploads\/2019\/06\/2222-1024x683.jpg 1024w, https:\/\/www.sportcinofili.it\/wp-content\/uploads\/2019\/06\/2222-1024x683-148x99.jpg 148w, https:\/\/www.sportcinofili.it\/wp-content\/uploads\/2019\/06\/2222-1024x683-31x21.jpg 31w, https:\/\/www.sportcinofili.it\/wp-content\/uploads\/2019\/06\/2222-1024x683-38x25.jpg 38w, https:\/\/www.sportcinofili.it\/wp-content\/uploads\/2019\/06\/2222-1024x683-322x215.jpg 322w, https:\/\/www.sportcinofili.it\/wp-content\/uploads\/2019\/06\/2222-1024x683-830x554.jpg 830w, https:\/\/www.sportcinofili.it\/wp-content\/uploads\/2019\/06\/2222-1024x683-230x153.jpg 230w, https:\/\/www.sportcinofili.it\/wp-content\/uploads\/2019\/06\/2222-1024x683-350x233.jpg 350w, https:\/\/www.sportcinofili.it\/wp-content\/uploads\/2019\/06\/2222-1024x683-480x320.jpg 480w, https:\/\/www.sportcinofili.it\/wp-content\/uploads\/2019\/06\/2222-1024x683-272x182.jpg 272w\" sizes=\"(max-width: 169px) 100vw, 169px\" \/><\/td><\/tr><\/tbody><\/table><div>\u00a0<\/div><div>\u00a0<\/div><div>\u00a0<\/div><div>\u00a0<\/div><div>\u00a0<\/div><div><strong>Responsabili Nazionali FISC K9 Cross Training:<\/strong><\/div><div>\u00a0<\/div><div>&#8211; Filippo Orsenigo<\/div><div>info@caninecrosstraining.it<\/div><div>\u00a0<\/div><div>\u00a0<\/div><div>&#8211; Erica Giustetto<\/div><div>info@caninecrosstraining.it<\/div><div>\u00a0<\/div><div>\u00a0<\/div><div><strong>Referente FISC K9 Cross Training:<\/strong><\/div><div>\u00a0<\/div><div>&#8211; Sabrina Rossi<\/div><div>info@caninecrosstraining.it<\/div>\t\t\t\t\t\t\t\t<\/div>\n\t\t\t\t<\/div>\n\t\t\t\t\t<\/div>\n\t\t<\/div>\n\t\t\t\t\t<\/div>\n\t\t<\/section>\n\t\t\t\t<\/div>\n\t\t","protected":false},"excerpt":{"rendered":"<p>Il K9 Cross Training (K9CT) \u00e8 una metodologia di allenamento trasversale pensata per soddisfare le differenti esigenze dei singoli soggetti, dal cane in crescita fino a quello anziano passando per le particolari necessit\u00e0 dello sportivo. Da non confondersi con la fisioterapia, questo tipo di attivit\u00e0 \u00e8 riservata a cani senza [&hellip;]<\/p>\n","protected":false},"author":2,"featured_media":0,"parent":0,"menu_order":0,"comment_status":"closed","ping_status":"closed","template":"","meta":{"om_disable_all_campaigns":false,"_monsterinsights_skip_tracking":false,"_monsterinsights_sitenote_active":false,"_monsterinsights_sitenote_note":"","_monsterinsights_sitenote_category":0,"_uf_show_specific_survey":0,"_uf_disable_surveys":false,"footnotes":""},"class_list":["post-14935","page","type-page","status-publish","hentry"],"aioseo_notices":[],"_links":{"self":[{"href":"https:\/\/www.sportcinofili.it\/index.php\/wp-json\/wp\/v2\/pages\/14935","targetHints":{"allow":["GET"]}}],"collection":[{"href":"https:\/\/www.sportcinofili.it\/index.php\/wp-json\/wp\/v2\/pages"}],"about":[{"href":"https:\/\/www.sportcinofili.it\/index.php\/wp-json\/wp\/v2\/types\/page"}],"author":[{"embeddable":true,"href":"https:\/\/www.sportcinofili.it\/index.php\/wp-json\/wp\/v2\/users\/2"}],"replies":[{"embeddable":true,"href":"https:\/\/www.sportcinofili.it\/index.php\/wp-json\/wp\/v2\/comments?post=14935"}],"version-history":[{"count":14,"href":"https:\/\/www.sportcinofili.it\/index.php\/wp-json\/wp\/v2\/pages\/14935\/revisions"}],"predecessor-version":[{"id":32799,"href":"https:\/\/www.sportcinofili.it\/index.php\/wp-json\/wp\/v2\/pages\/14935\/revisions\/32799"}],"wp:attachment":[{"href":"https:\/\/www.sportcinofili.it\/index.php\/wp-json\/wp\/v2\/media?parent=14935"}],"curies":[{"name":"wp","href":"https:\/\/api.w.org\/{rel}","templated":true}]}}