{"id":13243,"date":"2019-01-10T14:44:20","date_gmt":"2019-01-10T13:44:20","guid":{"rendered":"http:\/\/www.sportcinofili.it\/?page_id=13243"},"modified":"2025-12-05T11:38:31","modified_gmt":"2025-12-05T10:38:31","slug":"dog-showing","status":"publish","type":"page","link":"https:\/\/www.sportcinofili.it\/index.php\/dog-showing\/","title":{"rendered":"Dog Showing"},"content":{"rendered":"\t\t<div data-elementor-type=\"wp-post\" data-elementor-id=\"13243\" class=\"elementor elementor-13243\">\n\t\t\t\t\t\t<section class=\"elementor-section elementor-top-section elementor-element elementor-element-2b1d5060 elementor-section-boxed elementor-section-height-default elementor-section-height-default\" data-id=\"2b1d5060\" data-element_type=\"section\" data-e-type=\"section\">\n\t\t\t\t\t\t<div class=\"elementor-container elementor-column-gap-default\">\n\t\t\t\t\t<div class=\"elementor-column elementor-col-100 elementor-top-column elementor-element elementor-element-2b0088d6\" data-id=\"2b0088d6\" data-element_type=\"column\" data-e-type=\"column\">\n\t\t\t<div class=\"elementor-widget-wrap elementor-element-populated\">\n\t\t\t\t\t\t<div class=\"elementor-element elementor-element-ee9e3cc elementor-widget elementor-widget-text-editor\" data-id=\"ee9e3cc\" data-element_type=\"widget\" data-e-type=\"widget\" data-widget_type=\"text-editor.default\">\n\t\t\t\t<div class=\"elementor-widget-container\">\n\t\t\t\t\t\t\t\t\t<p style=\"text-align: justify;\"><strong><img fetchpriority=\"high\" decoding=\"async\" class=\"wp-image-35576 size-medium alignleft\" src=\"http:\/\/www.sportcinofili.it\/wp-content\/uploads\/2025\/12\/ChatGPT-Image-5-dic-2025-11_30_28-200x300.png\" alt=\"\" width=\"200\" height=\"300\" srcset=\"https:\/\/www.sportcinofili.it\/wp-content\/uploads\/2025\/12\/ChatGPT-Image-5-dic-2025-11_30_28-200x300.png 200w, https:\/\/www.sportcinofili.it\/wp-content\/uploads\/2025\/12\/ChatGPT-Image-5-dic-2025-11_30_28-683x1024.png 683w, https:\/\/www.sportcinofili.it\/wp-content\/uploads\/2025\/12\/ChatGPT-Image-5-dic-2025-11_30_28-768x1152.png 768w, https:\/\/www.sportcinofili.it\/wp-content\/uploads\/2025\/12\/ChatGPT-Image-5-dic-2025-11_30_28-1000x1500.png 1000w, https:\/\/www.sportcinofili.it\/wp-content\/uploads\/2025\/12\/ChatGPT-Image-5-dic-2025-11_30_28-230x345.png 230w, https:\/\/www.sportcinofili.it\/wp-content\/uploads\/2025\/12\/ChatGPT-Image-5-dic-2025-11_30_28-350x525.png 350w, https:\/\/www.sportcinofili.it\/wp-content\/uploads\/2025\/12\/ChatGPT-Image-5-dic-2025-11_30_28-480x720.png 480w, https:\/\/www.sportcinofili.it\/wp-content\/uploads\/2025\/12\/ChatGPT-Image-5-dic-2025-11_30_28.png 1024w\" sizes=\"(max-width: 200px) 100vw, 200px\" \/>La figura dell\u2019Istruttore Cinofilo di Esposizione \u00e8 una figura professionale che grazie alla sua specifica formazione, si occupa di preparare i binomi alle esposizioni cinofile.<\/strong><\/p><p style=\"text-align: justify;\"><strong>Le esposizioni cinofile sono verifiche zootecniche nelle quali il cane viene valutato in base ai suoi caratteri esteriori, sotto un aspetto morfo-funzionale.<\/strong><\/p><p style=\"text-align: justify;\"><strong>A differenza dell\u2019handler (conduttore cinofilo di esposizione), l\u2019Istruttore Cinofilo di Esposizione <\/strong>non si limita a presentare personalmente i cani dei propri clienti sui ring espositivi ma si occupa di preparare il binomio (cane\/proprietario) e di supportarlo anche durante la manifestazione.<\/p><p style=\"text-align: justify;\">In questo modo, nel ring, il cane <strong>NON<\/strong> verr\u00e0 separato dal proprio compagno umano e potr\u00e0 essere giudicato in una situazione pi\u00f9 serena e di conseguenza, pi\u00f9 performante, anche in osservanza di una visione pi\u00f9 moderna del benessere animale.<\/p><p style=\"text-align: justify;\">Il programma di preparazione del cane viene svolto seguendo le regole del <strong>Rinforzo Positivo<\/strong>, secondo le quali vengono ricompensati i comportamenti desiderati, aumentando le probabilit\u00e0 che essi si ripropongano.<\/p><p style=\"text-align: justify;\">Il corso \u00e8 rivolto agli <strong>Educatori Cinofili<\/strong> <strong>di II\u00b0 e III\u00b0 livello<\/strong> ( o titoli equivalenti, ad es: addestratori Enci) e mette loro a disposizione <strong>un nuovo servizio<\/strong> da offrire ai clienti proprietari di un cane di razza che vogliano provare l\u2019esperienza espositiva.<\/p><p style=\"text-align: justify;\"><a href=\"https:\/\/drive.google.com\/file\/d\/1cfU1Vbid1uNOHSVYg78JYRlvsTN5hJgZ\/view?usp=sharing\"><strong>CLICCA<\/strong><em><strong> QUI <\/strong><\/em><\/a>per visualizzare il programma di Formazione<\/p><p>\u00a0<\/p><p><em><strong>Responsabile Nazionale\u00a0Dog Showing<\/strong><\/em><\/p>\t\t\t\t\t\t\t\t<\/div>\n\t\t\t\t<\/div>\n\t\t\t\t\t<\/div>\n\t\t<\/div>\n\t\t\t\t\t<\/div>\n\t\t<\/section>\n\t\t\t\t<\/div>\n\t\t","protected":false},"excerpt":{"rendered":"<p>La figura dell\u2019Istruttore Cinofilo di Esposizione \u00e8 una figura professionale che grazie alla sua specifica formazione, si occupa di preparare i binomi alle esposizioni cinofile. Le esposizioni cinofile sono verifiche zootecniche nelle quali il cane viene valutato in base ai suoi caratteri esteriori, sotto un aspetto morfo-funzionale. A differenza dell\u2019handler [&hellip;]<\/p>\n","protected":false},"author":2,"featured_media":0,"parent":0,"menu_order":0,"comment_status":"closed","ping_status":"closed","template":"","meta":{"om_disable_all_campaigns":false,"_monsterinsights_skip_tracking":false,"_monsterinsights_sitenote_active":false,"_monsterinsights_sitenote_note":"","_monsterinsights_sitenote_category":0,"_uf_show_specific_survey":0,"_uf_disable_surveys":false,"footnotes":""},"class_list":["post-13243","page","type-page","status-publish","hentry"],"aioseo_notices":[],"_links":{"self":[{"href":"https:\/\/www.sportcinofili.it\/index.php\/wp-json\/wp\/v2\/pages\/13243","targetHints":{"allow":["GET"]}}],"collection":[{"href":"https:\/\/www.sportcinofili.it\/index.php\/wp-json\/wp\/v2\/pages"}],"about":[{"href":"https:\/\/www.sportcinofili.it\/index.php\/wp-json\/wp\/v2\/types\/page"}],"author":[{"embeddable":true,"href":"https:\/\/www.sportcinofili.it\/index.php\/wp-json\/wp\/v2\/users\/2"}],"replies":[{"embeddable":true,"href":"https:\/\/www.sportcinofili.it\/index.php\/wp-json\/wp\/v2\/comments?post=13243"}],"version-history":[{"count":15,"href":"https:\/\/www.sportcinofili.it\/index.php\/wp-json\/wp\/v2\/pages\/13243\/revisions"}],"predecessor-version":[{"id":35579,"href":"https:\/\/www.sportcinofili.it\/index.php\/wp-json\/wp\/v2\/pages\/13243\/revisions\/35579"}],"wp:attachment":[{"href":"https:\/\/www.sportcinofili.it\/index.php\/wp-json\/wp\/v2\/media?parent=13243"}],"curies":[{"name":"wp","href":"https:\/\/api.w.org\/{rel}","templated":true}]}}