{"id":13028,"date":"2018-12-11T15:07:18","date_gmt":"2018-12-11T14:07:18","guid":{"rendered":"http:\/\/www.sportcinofili.it\/?page_id=13028"},"modified":"2025-02-25T12:30:42","modified_gmt":"2025-02-25T11:30:42","slug":"obbedienza-ricerca-morso-agilita-o-r-m-a","status":"publish","type":"page","link":"https:\/\/www.sportcinofili.it\/index.php\/dipartimenti\/obbedienza-ricerca-morso-agilita-o-r-m-a\/","title":{"rendered":"Obbedienza Ricerca Morso Agilit\u00e0 &#8211; O.R.M.A."},"content":{"rendered":"\t\t<div data-elementor-type=\"wp-page\" data-elementor-id=\"13028\" class=\"elementor elementor-13028\">\n\t\t\t\t\t\t<section class=\"elementor-section elementor-top-section elementor-element elementor-element-289c9c88 elementor-section-boxed elementor-section-height-default elementor-section-height-default\" data-id=\"289c9c88\" data-element_type=\"section\" data-e-type=\"section\">\n\t\t\t\t\t\t<div class=\"elementor-container elementor-column-gap-default\">\n\t\t\t\t\t<div class=\"elementor-column elementor-col-100 elementor-top-column elementor-element elementor-element-7e5e2de0\" data-id=\"7e5e2de0\" data-element_type=\"column\" data-e-type=\"column\">\n\t\t\t<div class=\"elementor-widget-wrap elementor-element-populated\">\n\t\t\t\t\t\t<div class=\"elementor-element elementor-element-4430a1a4 elementor-widget elementor-widget-text-editor\" data-id=\"4430a1a4\" data-element_type=\"widget\" data-e-type=\"widget\" data-widget_type=\"text-editor.default\">\n\t\t\t\t<div class=\"elementor-widget-container\">\n\t\t\t\t\t\t\t\t\t<p style=\"text-align: justify;\"><img fetchpriority=\"high\" decoding=\"async\" class=\"size-medium wp-image-13059 alignleft\" src=\"http:\/\/www.sportcinofili.it\/wp-content\/uploads\/2018\/12\/47576154_2365231380187114_1667539559686078464_o-300x300.jpg\" alt=\"\" width=\"300\" height=\"300\" srcset=\"https:\/\/www.sportcinofili.it\/wp-content\/uploads\/2018\/12\/47576154_2365231380187114_1667539559686078464_o-300x300.jpg 300w, https:\/\/www.sportcinofili.it\/wp-content\/uploads\/2018\/12\/47576154_2365231380187114_1667539559686078464_o-150x150.jpg 150w, https:\/\/www.sportcinofili.it\/wp-content\/uploads\/2018\/12\/47576154_2365231380187114_1667539559686078464_o-768x768.jpg 768w, https:\/\/www.sportcinofili.it\/wp-content\/uploads\/2018\/12\/47576154_2365231380187114_1667539559686078464_o-1024x1024.jpg 1024w, https:\/\/www.sportcinofili.it\/wp-content\/uploads\/2018\/12\/47576154_2365231380187114_1667539559686078464_o-148x148.jpg 148w, https:\/\/www.sportcinofili.it\/wp-content\/uploads\/2018\/12\/47576154_2365231380187114_1667539559686078464_o-31x31.jpg 31w, https:\/\/www.sportcinofili.it\/wp-content\/uploads\/2018\/12\/47576154_2365231380187114_1667539559686078464_o-38x38.jpg 38w, https:\/\/www.sportcinofili.it\/wp-content\/uploads\/2018\/12\/47576154_2365231380187114_1667539559686078464_o-215x215.jpg 215w, https:\/\/www.sportcinofili.it\/wp-content\/uploads\/2018\/12\/47576154_2365231380187114_1667539559686078464_o-830x830.jpg 830w, https:\/\/www.sportcinofili.it\/wp-content\/uploads\/2018\/12\/47576154_2365231380187114_1667539559686078464_o-230x230.jpg 230w, https:\/\/www.sportcinofili.it\/wp-content\/uploads\/2018\/12\/47576154_2365231380187114_1667539559686078464_o-350x350.jpg 350w, https:\/\/www.sportcinofili.it\/wp-content\/uploads\/2018\/12\/47576154_2365231380187114_1667539559686078464_o-480x480.jpg 480w, https:\/\/www.sportcinofili.it\/wp-content\/uploads\/2018\/12\/47576154_2365231380187114_1667539559686078464_o.jpg 1181w\" sizes=\"(max-width: 300px) 100vw, 300px\" \/>Tanto divertimento per uno sport a 360 gradi, senza coercizione n\u00e9 aggressivit\u00e0.<\/p><p style=\"text-align: justify;\">Il nuovo sport che la FISC presenta per il 2019 ha per nome un acronimo: ORMA (Obbedienza, Ricerca, Morso, Agilit\u00e0). L\u2019obiettivo dell\u2019ideatore Massimiliano Alfei era creare uno sport completo, che mettesse in luce le<\/p><p style=\"text-align: justify;\">capacit\u00e0 del cane a 360 gradi aldil\u00e0 di ogni specializzazione, rivolto quindi a cani di ogni razza e tipologia. Come si evince dal nome, esso consiste in prove di obbedienza, ricerca, morso e agilit\u00e0. Il tutto in maniera ludica, senza aggressivit\u00e0 n\u00e9 stress per il cane, anzi. Le prove di morso, in particolare, hanno l\u2019obiettivo di appagare ed esaltare le caratteristiche di alcune razze, indirizzando il morso in maniera ludica verso la manica, in un rapporto con il figurante che non \u00e8 mai di competizione e aggressivit\u00e0 ma sempre di complicit\u00e0 e collaborazione, con tanto divertimento, oltre a sviluppare competenze di autocontrollo e ad esaltare la relazione col conduttore. Le prove di morso non hanno un peso maggiore delle altre, pertanto nessuna razza risulta avvantaggiata.<\/p><p style=\"text-align: justify;\">In questo sport nessun tipo di prova ha un punteggio superiore delle altre, pertanto possono gareggiare sia cani molto diversi e con diverse attitudini specifiche, sia cani meno specializzati ma che possono raggiungere, nell\u2019 economia totale delle prove, ugualmente buoni punteggi. Lo scopo \u00e8 far emergere le capacit\u00e0 e le attitudini del singolo cane in ogni ambito, proprio grazie alla variet\u00e0 di prove, e premiare il cane globalmente pi\u00f9 completo.<\/p><p style=\"text-align: justify;\">Le prove sono suddivise in 5 categorie: predebuttanti, debuttanti, 1\u00b0, 2\u00b0 e 3\u00b0 livello. Ogni livello contiene prove pi\u00f9 difficili e un numero maggiore di esercizi; si comincia con 6 prove al predebuttanti per finire con 9 prove al 3\u00b0 livello.<\/p><p style=\"text-align: justify;\">Con l\u2019avanzare dei livelli il cane avr\u00e0 modo di sviluppare sempre maggiori capacit\u00e0 in tutti gli ambiti, migliorando nelle proprie competenze individuali da un lato, rafforzando ulteriormente l\u2019ascolto e il legame con il conduttore dall\u2019 altro, con benefici sia individuali che nella relazione. Come in tutti gli sport cinofili sani, a crescere \u00e8 sempre il binomio. Relazione, completezza, equilibrio e divertimento sono gli obiettivi di questo nuovo sport.\u00a0<\/p><p style=\"text-align: justify;\">\u00a0 <img decoding=\"async\" class=\"alignnone size-medium wp-image-13064\" src=\"http:\/\/www.sportcinofili.it\/wp-content\/uploads\/2018\/12\/46002423_10212914951249018_2162366310976061440_o-300x200.jpg\" alt=\"\" width=\"300\" height=\"200\" srcset=\"https:\/\/www.sportcinofili.it\/wp-content\/uploads\/2018\/12\/46002423_10212914951249018_2162366310976061440_o-300x200.jpg 300w, https:\/\/www.sportcinofili.it\/wp-content\/uploads\/2018\/12\/46002423_10212914951249018_2162366310976061440_o-768x512.jpg 768w, https:\/\/www.sportcinofili.it\/wp-content\/uploads\/2018\/12\/46002423_10212914951249018_2162366310976061440_o-1024x683.jpg 1024w, https:\/\/www.sportcinofili.it\/wp-content\/uploads\/2018\/12\/46002423_10212914951249018_2162366310976061440_o-148x99.jpg 148w, https:\/\/www.sportcinofili.it\/wp-content\/uploads\/2018\/12\/46002423_10212914951249018_2162366310976061440_o-31x21.jpg 31w, https:\/\/www.sportcinofili.it\/wp-content\/uploads\/2018\/12\/46002423_10212914951249018_2162366310976061440_o-38x25.jpg 38w, https:\/\/www.sportcinofili.it\/wp-content\/uploads\/2018\/12\/46002423_10212914951249018_2162366310976061440_o-323x215.jpg 323w, https:\/\/www.sportcinofili.it\/wp-content\/uploads\/2018\/12\/46002423_10212914951249018_2162366310976061440_o-830x553.jpg 830w, https:\/\/www.sportcinofili.it\/wp-content\/uploads\/2018\/12\/46002423_10212914951249018_2162366310976061440_o-230x153.jpg 230w, https:\/\/www.sportcinofili.it\/wp-content\/uploads\/2018\/12\/46002423_10212914951249018_2162366310976061440_o-350x233.jpg 350w, https:\/\/www.sportcinofili.it\/wp-content\/uploads\/2018\/12\/46002423_10212914951249018_2162366310976061440_o-480x320.jpg 480w, https:\/\/www.sportcinofili.it\/wp-content\/uploads\/2018\/12\/46002423_10212914951249018_2162366310976061440_o-272x182.jpg 272w, https:\/\/www.sportcinofili.it\/wp-content\/uploads\/2018\/12\/46002423_10212914951249018_2162366310976061440_o.jpg 2048w\" sizes=\"(max-width: 300px) 100vw, 300px\" \/>\u00a0 \u00a0<\/p><p style=\"text-align: justify;\">\u00a0 <img decoding=\"async\" class=\"alignnone size-medium wp-image-13065\" src=\"http:\/\/www.sportcinofili.it\/wp-content\/uploads\/2018\/12\/46479295_10212944774434579_1992789543157235712_o-300x200.jpg\" alt=\"\" width=\"300\" height=\"200\" srcset=\"https:\/\/www.sportcinofili.it\/wp-content\/uploads\/2018\/12\/46479295_10212944774434579_1992789543157235712_o-300x200.jpg 300w, https:\/\/www.sportcinofili.it\/wp-content\/uploads\/2018\/12\/46479295_10212944774434579_1992789543157235712_o-768x512.jpg 768w, https:\/\/www.sportcinofili.it\/wp-content\/uploads\/2018\/12\/46479295_10212944774434579_1992789543157235712_o-1024x683.jpg 1024w, https:\/\/www.sportcinofili.it\/wp-content\/uploads\/2018\/12\/46479295_10212944774434579_1992789543157235712_o-148x99.jpg 148w, https:\/\/www.sportcinofili.it\/wp-content\/uploads\/2018\/12\/46479295_10212944774434579_1992789543157235712_o-31x21.jpg 31w, https:\/\/www.sportcinofili.it\/wp-content\/uploads\/2018\/12\/46479295_10212944774434579_1992789543157235712_o-38x25.jpg 38w, https:\/\/www.sportcinofili.it\/wp-content\/uploads\/2018\/12\/46479295_10212944774434579_1992789543157235712_o-323x215.jpg 323w, https:\/\/www.sportcinofili.it\/wp-content\/uploads\/2018\/12\/46479295_10212944774434579_1992789543157235712_o-830x553.jpg 830w, https:\/\/www.sportcinofili.it\/wp-content\/uploads\/2018\/12\/46479295_10212944774434579_1992789543157235712_o-230x153.jpg 230w, https:\/\/www.sportcinofili.it\/wp-content\/uploads\/2018\/12\/46479295_10212944774434579_1992789543157235712_o-350x233.jpg 350w, https:\/\/www.sportcinofili.it\/wp-content\/uploads\/2018\/12\/46479295_10212944774434579_1992789543157235712_o-480x320.jpg 480w, https:\/\/www.sportcinofili.it\/wp-content\/uploads\/2018\/12\/46479295_10212944774434579_1992789543157235712_o-272x182.jpg 272w, https:\/\/www.sportcinofili.it\/wp-content\/uploads\/2018\/12\/46479295_10212944774434579_1992789543157235712_o.jpg 2048w\" sizes=\"(max-width: 300px) 100vw, 300px\" \/><\/p><p>\u00a0 <img loading=\"lazy\" decoding=\"async\" class=\"alignnone size-medium wp-image-13066\" src=\"http:\/\/www.sportcinofili.it\/wp-content\/uploads\/2018\/12\/46493109_10212944785154847_2577291109893931008_o-300x200.jpg\" alt=\"\" width=\"300\" height=\"200\" srcset=\"https:\/\/www.sportcinofili.it\/wp-content\/uploads\/2018\/12\/46493109_10212944785154847_2577291109893931008_o-300x200.jpg 300w, https:\/\/www.sportcinofili.it\/wp-content\/uploads\/2018\/12\/46493109_10212944785154847_2577291109893931008_o-768x512.jpg 768w, https:\/\/www.sportcinofili.it\/wp-content\/uploads\/2018\/12\/46493109_10212944785154847_2577291109893931008_o-1024x683.jpg 1024w, https:\/\/www.sportcinofili.it\/wp-content\/uploads\/2018\/12\/46493109_10212944785154847_2577291109893931008_o-148x99.jpg 148w, https:\/\/www.sportcinofili.it\/wp-content\/uploads\/2018\/12\/46493109_10212944785154847_2577291109893931008_o-31x21.jpg 31w, https:\/\/www.sportcinofili.it\/wp-content\/uploads\/2018\/12\/46493109_10212944785154847_2577291109893931008_o-38x25.jpg 38w, https:\/\/www.sportcinofili.it\/wp-content\/uploads\/2018\/12\/46493109_10212944785154847_2577291109893931008_o-323x215.jpg 323w, https:\/\/www.sportcinofili.it\/wp-content\/uploads\/2018\/12\/46493109_10212944785154847_2577291109893931008_o-830x553.jpg 830w, https:\/\/www.sportcinofili.it\/wp-content\/uploads\/2018\/12\/46493109_10212944785154847_2577291109893931008_o-230x153.jpg 230w, https:\/\/www.sportcinofili.it\/wp-content\/uploads\/2018\/12\/46493109_10212944785154847_2577291109893931008_o-350x233.jpg 350w, https:\/\/www.sportcinofili.it\/wp-content\/uploads\/2018\/12\/46493109_10212944785154847_2577291109893931008_o-480x320.jpg 480w, https:\/\/www.sportcinofili.it\/wp-content\/uploads\/2018\/12\/46493109_10212944785154847_2577291109893931008_o-272x182.jpg 272w, https:\/\/www.sportcinofili.it\/wp-content\/uploads\/2018\/12\/46493109_10212944785154847_2577291109893931008_o.jpg 2048w\" sizes=\"(max-width: 300px) 100vw, 300px\" \/>\u00a0 \u00a0 \u00a0 \u00a0 \u00a0<\/p><p>\u00a0 <img loading=\"lazy\" decoding=\"async\" class=\"alignnone wp-image-13067\" src=\"http:\/\/www.sportcinofili.it\/wp-content\/uploads\/2018\/12\/WhatsApp-Image-2018-12-12-at-15.12.08-300x225.jpeg\" alt=\"\" width=\"271\" height=\"203\" srcset=\"https:\/\/www.sportcinofili.it\/wp-content\/uploads\/2018\/12\/WhatsApp-Image-2018-12-12-at-15.12.08-300x225.jpeg 300w, https:\/\/www.sportcinofili.it\/wp-content\/uploads\/2018\/12\/WhatsApp-Image-2018-12-12-at-15.12.08-768x576.jpeg 768w, https:\/\/www.sportcinofili.it\/wp-content\/uploads\/2018\/12\/WhatsApp-Image-2018-12-12-at-15.12.08-1024x768.jpeg 1024w, https:\/\/www.sportcinofili.it\/wp-content\/uploads\/2018\/12\/WhatsApp-Image-2018-12-12-at-15.12.08-148x111.jpeg 148w, https:\/\/www.sportcinofili.it\/wp-content\/uploads\/2018\/12\/WhatsApp-Image-2018-12-12-at-15.12.08-31x23.jpeg 31w, https:\/\/www.sportcinofili.it\/wp-content\/uploads\/2018\/12\/WhatsApp-Image-2018-12-12-at-15.12.08-38x29.jpeg 38w, https:\/\/www.sportcinofili.it\/wp-content\/uploads\/2018\/12\/WhatsApp-Image-2018-12-12-at-15.12.08-287x215.jpeg 287w, https:\/\/www.sportcinofili.it\/wp-content\/uploads\/2018\/12\/WhatsApp-Image-2018-12-12-at-15.12.08-830x623.jpeg 830w, https:\/\/www.sportcinofili.it\/wp-content\/uploads\/2018\/12\/WhatsApp-Image-2018-12-12-at-15.12.08-230x173.jpeg 230w, https:\/\/www.sportcinofili.it\/wp-content\/uploads\/2018\/12\/WhatsApp-Image-2018-12-12-at-15.12.08-350x263.jpeg 350w, https:\/\/www.sportcinofili.it\/wp-content\/uploads\/2018\/12\/WhatsApp-Image-2018-12-12-at-15.12.08-480x360.jpeg 480w, https:\/\/www.sportcinofili.it\/wp-content\/uploads\/2018\/12\/WhatsApp-Image-2018-12-12-at-15.12.08.jpeg 1600w\" sizes=\"(max-width: 271px) 100vw, 271px\" \/><\/p><p><strong>DOCUMENTI:<\/strong><\/p><p><a href=\"https:\/\/drive.google.com\/file\/d\/1xma4ZqtJpWQ0n35bkb_pc-wRwu3fzI70\/view?usp=sharing\"><em><strong>CLICCA QUI<\/strong> <\/em><\/a>per scaricare il Regolamento di Formazione<\/p><p><a href=\"https:\/\/drive.google.com\/file\/d\/1Q-d3XP5BH3UMOIMCK-iUZpgtf0PhMMcM\/view?usp=sharing\"><strong><em>CLICCA QUI<\/em><\/strong> <\/a>per scaricare il Regolamento di Gara<\/p><p><strong>Responsabile Nazionale O.R.M.A.<\/strong><\/p><p><em>Massimiliano Alfei<\/em><\/p><p>3382451054<\/p><p>INFO@baubla.it<\/p>\t\t\t\t\t\t\t\t<\/div>\n\t\t\t\t<\/div>\n\t\t\t\t\t<\/div>\n\t\t<\/div>\n\t\t\t\t\t<\/div>\n\t\t<\/section>\n\t\t\t\t<\/div>\n\t\t","protected":false},"excerpt":{"rendered":"<p>Tanto divertimento per uno sport a 360 gradi, senza coercizione n\u00e9 aggressivit\u00e0. Il nuovo sport che la FISC presenta per il 2019 ha per nome un acronimo: ORMA (Obbedienza, Ricerca, Morso, Agilit\u00e0). L\u2019obiettivo dell\u2019ideatore Massimiliano Alfei era creare uno sport completo, che mettesse in luce le capacit\u00e0 del cane a [&hellip;]<\/p>\n","protected":false},"author":2,"featured_media":0,"parent":9307,"menu_order":0,"comment_status":"closed","ping_status":"closed","template":"","meta":{"om_disable_all_campaigns":false,"_monsterinsights_skip_tracking":false,"_monsterinsights_sitenote_active":false,"_monsterinsights_sitenote_note":"","_monsterinsights_sitenote_category":0,"_uf_show_specific_survey":0,"_uf_disable_surveys":false,"footnotes":""},"class_list":["post-13028","page","type-page","status-publish","hentry"],"aioseo_notices":[],"_links":{"self":[{"href":"https:\/\/www.sportcinofili.it\/index.php\/wp-json\/wp\/v2\/pages\/13028","targetHints":{"allow":["GET"]}}],"collection":[{"href":"https:\/\/www.sportcinofili.it\/index.php\/wp-json\/wp\/v2\/pages"}],"about":[{"href":"https:\/\/www.sportcinofili.it\/index.php\/wp-json\/wp\/v2\/types\/page"}],"author":[{"embeddable":true,"href":"https:\/\/www.sportcinofili.it\/index.php\/wp-json\/wp\/v2\/users\/2"}],"replies":[{"embeddable":true,"href":"https:\/\/www.sportcinofili.it\/index.php\/wp-json\/wp\/v2\/comments?post=13028"}],"version-history":[{"count":19,"href":"https:\/\/www.sportcinofili.it\/index.php\/wp-json\/wp\/v2\/pages\/13028\/revisions"}],"predecessor-version":[{"id":32892,"href":"https:\/\/www.sportcinofili.it\/index.php\/wp-json\/wp\/v2\/pages\/13028\/revisions\/32892"}],"up":[{"embeddable":true,"href":"https:\/\/www.sportcinofili.it\/index.php\/wp-json\/wp\/v2\/pages\/9307"}],"wp:attachment":[{"href":"https:\/\/www.sportcinofili.it\/index.php\/wp-json\/wp\/v2\/media?parent=13028"}],"curies":[{"name":"wp","href":"https:\/\/api.w.org\/{rel}","templated":true}]}}