{"id":12757,"date":"2018-11-08T11:20:40","date_gmt":"2018-11-08T10:20:40","guid":{"rendered":"http:\/\/www.sportcinofili.it\/?page_id=12757"},"modified":"2025-07-08T09:10:47","modified_gmt":"2025-07-08T07:10:47","slug":"gym-dog","status":"publish","type":"page","link":"https:\/\/www.sportcinofili.it\/index.php\/gym-dog\/","title":{"rendered":"Gym Dog"},"content":{"rendered":"\t\t<div data-elementor-type=\"wp-page\" data-elementor-id=\"12757\" class=\"elementor elementor-12757\">\n\t\t\t\t\t\t<section class=\"elementor-section elementor-top-section elementor-element elementor-element-10a1d099 elementor-section-boxed elementor-section-height-default elementor-section-height-default\" data-id=\"10a1d099\" data-element_type=\"section\" data-e-type=\"section\">\n\t\t\t\t\t\t<div class=\"elementor-container elementor-column-gap-default\">\n\t\t\t\t\t<div class=\"elementor-column elementor-col-100 elementor-top-column elementor-element elementor-element-62bb5ce0\" data-id=\"62bb5ce0\" data-element_type=\"column\" data-e-type=\"column\">\n\t\t\t<div class=\"elementor-widget-wrap elementor-element-populated\">\n\t\t\t\t\t\t<div class=\"elementor-element elementor-element-4ce8de61 elementor-widget elementor-widget-text-editor\" data-id=\"4ce8de61\" data-element_type=\"widget\" data-e-type=\"widget\" data-widget_type=\"text-editor.default\">\n\t\t\t\t<div class=\"elementor-widget-container\">\n\t\t\t\t\t\t\t\t\t<p style=\"text-align: justify;\"><img fetchpriority=\"high\" decoding=\"async\" class=\"wp-image-34645  aligncenter\" src=\"http:\/\/www.sportcinofili.it\/wp-content\/uploads\/2025\/07\/516859481_1156866973135499_6998020870843191868_n.jpeg\" alt=\"\" width=\"326\" height=\"270\" srcset=\"https:\/\/www.sportcinofili.it\/wp-content\/uploads\/2025\/07\/516859481_1156866973135499_6998020870843191868_n.jpeg 1393w, https:\/\/www.sportcinofili.it\/wp-content\/uploads\/2025\/07\/516859481_1156866973135499_6998020870843191868_n-300x247.jpeg 300w, https:\/\/www.sportcinofili.it\/wp-content\/uploads\/2025\/07\/516859481_1156866973135499_6998020870843191868_n-1024x845.jpeg 1024w, https:\/\/www.sportcinofili.it\/wp-content\/uploads\/2025\/07\/516859481_1156866973135499_6998020870843191868_n-768x633.jpeg 768w, https:\/\/www.sportcinofili.it\/wp-content\/uploads\/2025\/07\/516859481_1156866973135499_6998020870843191868_n-1000x825.jpeg 1000w, https:\/\/www.sportcinofili.it\/wp-content\/uploads\/2025\/07\/516859481_1156866973135499_6998020870843191868_n-230x190.jpeg 230w, https:\/\/www.sportcinofili.it\/wp-content\/uploads\/2025\/07\/516859481_1156866973135499_6998020870843191868_n-350x289.jpeg 350w, https:\/\/www.sportcinofili.it\/wp-content\/uploads\/2025\/07\/516859481_1156866973135499_6998020870843191868_n-480x396.jpeg 480w\" sizes=\"(max-width: 326px) 100vw, 326px\" \/><\/p><p style=\"text-align: justify;\">Il Progetto Gym Dog \u00e8 una attivit\u00e0 ludica, adatta a tutti i binomi cane \u2013 conduttore basata sul consolidamento e lo sviluppo della relazione.<\/p><p><img decoding=\"async\" class=\"wp-image-34622 alignright\" style=\"text-align: justify;\" src=\"http:\/\/www.sportcinofili.it\/wp-content\/uploads\/2025\/07\/1000245514.jpg\" alt=\"\" width=\"250\" height=\"177\" srcset=\"https:\/\/www.sportcinofili.it\/wp-content\/uploads\/2025\/07\/1000245514.jpg 1616w, https:\/\/www.sportcinofili.it\/wp-content\/uploads\/2025\/07\/1000245514-300x212.jpg 300w, https:\/\/www.sportcinofili.it\/wp-content\/uploads\/2025\/07\/1000245514-1024x724.jpg 1024w, https:\/\/www.sportcinofili.it\/wp-content\/uploads\/2025\/07\/1000245514-768x543.jpg 768w, https:\/\/www.sportcinofili.it\/wp-content\/uploads\/2025\/07\/1000245514-1536x1085.jpg 1536w, https:\/\/www.sportcinofili.it\/wp-content\/uploads\/2025\/07\/1000245514-1000x707.jpg 1000w, https:\/\/www.sportcinofili.it\/wp-content\/uploads\/2025\/07\/1000245514-230x163.jpg 230w, https:\/\/www.sportcinofili.it\/wp-content\/uploads\/2025\/07\/1000245514-350x247.jpg 350w, https:\/\/www.sportcinofili.it\/wp-content\/uploads\/2025\/07\/1000245514-480x339.jpg 480w\" sizes=\"(max-width: 250px) 100vw, 250px\" \/><\/p><p style=\"text-align: justify;\">Consta di 16 ostacoli differenti, per la maggior parte modulabili, installabili in un ordine che pu\u00f2 variare di volta in volta e con vari livelli di difficolt\u00e0, alle volte crescente anche all\u2019 interno dell\u2019ostacolo stesso.<\/p><p style=\"text-align: justify;\">Gli ostacoli tipo barre, paletti ecc\u2026 devono essere progettati in modo che pongano poca resistenza e si smontino cadendo a terra nel caso in cui il cane li impatti sia orizzontalmente che verticalmente.<\/p><p style=\"text-align: justify;\">Non \u00e8 importante il tempo che si impiega a terminare il percorso, n\u00e9 che si superino tutti gli ostacoli, bens\u00ec le modalit\u00e0 con cui questi vengono superati, soprattutto se un limite viene individuato, affrontato e superato con successo.<\/p><p style=\"text-align: justify;\">Lo scopo principale \u00e8 lo sviluppo, il consolidamento e la crescita della relazione tra le due parti del binomio.<\/p><p><strong>DOCUMENTI:<\/strong><\/p><p style=\"text-align: justify;\"><a href=\"https:\/\/drive.google.com\/file\/d\/1A4s42EWQzKP7at-gFEsndEzblnPp0TRf\/view?usp=sharing\"><em><strong>CLICCA QUI<\/strong><\/em><\/a> per scaricare il Regolamento di Formazione<\/p><p><a href=\"https:\/\/drive.google.com\/file\/d\/1YQGYlQuKA7bjbdFyYn-Cn3tI8s7ZNcBa\/view?usp=sharing\"><strong><em>CLICCA QUI<\/em><\/strong><\/a> per scaricare il Regolamento di Settore<\/p><p>\u00a0<\/p><p><strong>Responsabile Nazionale Gym Dog<\/strong><\/p><p><em>Daniela Degani<\/em><\/p><p>3498443870<\/p><p><a href=\"da.degani@gmail.com\">da.degani@gmail.com<\/a><\/p>\t\t\t\t\t\t\t\t<\/div>\n\t\t\t\t<\/div>\n\t\t\t\t\t<\/div>\n\t\t<\/div>\n\t\t\t\t\t<\/div>\n\t\t<\/section>\n\t\t\t\t<section class=\"elementor-section elementor-top-section elementor-element elementor-element-5b95efc elementor-section-boxed elementor-section-height-default elementor-section-height-default\" data-id=\"5b95efc\" data-element_type=\"section\" data-e-type=\"section\">\n\t\t\t\t\t\t<div class=\"elementor-container elementor-column-gap-default\">\n\t\t\t\t\t<div class=\"elementor-column elementor-col-33 elementor-top-column elementor-element elementor-element-28e01b7\" data-id=\"28e01b7\" data-element_type=\"column\" data-e-type=\"column\">\n\t\t\t<div class=\"elementor-widget-wrap elementor-element-populated\">\n\t\t\t\t\t\t<div class=\"elementor-element elementor-element-105c36d elementor-widget elementor-widget-image\" data-id=\"105c36d\" data-element_type=\"widget\" data-e-type=\"widget\" data-widget_type=\"image.default\">\n\t\t\t\t<div class=\"elementor-widget-container\">\n\t\t\t\t\t\t\t\t\t\t\t\t\t\t\t<img decoding=\"async\" width=\"759\" height=\"1024\" src=\"https:\/\/www.sportcinofili.it\/wp-content\/uploads\/2025\/07\/1000245530-1-759x1024.jpg\" class=\"attachment-large size-large wp-image-34628\" alt=\"\" srcset=\"https:\/\/www.sportcinofili.it\/wp-content\/uploads\/2025\/07\/1000245530-1-759x1024.jpg 759w, https:\/\/www.sportcinofili.it\/wp-content\/uploads\/2025\/07\/1000245530-1-222x300.jpg 222w, https:\/\/www.sportcinofili.it\/wp-content\/uploads\/2025\/07\/1000245530-1-768x1036.jpg 768w, https:\/\/www.sportcinofili.it\/wp-content\/uploads\/2025\/07\/1000245530-1-1139x1536.jpg 1139w, https:\/\/www.sportcinofili.it\/wp-content\/uploads\/2025\/07\/1000245530-1-1518x2048.jpg 1518w, https:\/\/www.sportcinofili.it\/wp-content\/uploads\/2025\/07\/1000245530-1-1000x1349.jpg 1000w, https:\/\/www.sportcinofili.it\/wp-content\/uploads\/2025\/07\/1000245530-1-230x310.jpg 230w, https:\/\/www.sportcinofili.it\/wp-content\/uploads\/2025\/07\/1000245530-1-350x472.jpg 350w, https:\/\/www.sportcinofili.it\/wp-content\/uploads\/2025\/07\/1000245530-1-480x648.jpg 480w, https:\/\/www.sportcinofili.it\/wp-content\/uploads\/2025\/07\/1000245530-1-scaled.jpg 1898w\" sizes=\"(max-width: 759px) 100vw, 759px\" \/>\t\t\t\t\t\t\t\t\t\t\t\t\t\t\t<\/div>\n\t\t\t\t<\/div>\n\t\t\t\t\t<\/div>\n\t\t<\/div>\n\t\t\t\t<div class=\"elementor-column elementor-col-33 elementor-top-column elementor-element elementor-element-32c96e2\" data-id=\"32c96e2\" data-element_type=\"column\" data-e-type=\"column\">\n\t\t\t<div class=\"elementor-widget-wrap elementor-element-populated\">\n\t\t\t\t\t\t<div class=\"elementor-element elementor-element-133d3b2 elementor-widget elementor-widget-image\" data-id=\"133d3b2\" data-element_type=\"widget\" data-e-type=\"widget\" data-widget_type=\"image.default\">\n\t\t\t\t<div class=\"elementor-widget-container\">\n\t\t\t\t\t\t\t\t\t\t\t\t\t\t\t<img loading=\"lazy\" decoding=\"async\" width=\"576\" height=\"1024\" src=\"https:\/\/www.sportcinofili.it\/wp-content\/uploads\/2025\/07\/1000245511-576x1024.jpg\" class=\"attachment-large size-large wp-image-34629\" alt=\"\" srcset=\"https:\/\/www.sportcinofili.it\/wp-content\/uploads\/2025\/07\/1000245511-576x1024.jpg 576w, https:\/\/www.sportcinofili.it\/wp-content\/uploads\/2025\/07\/1000245511-169x300.jpg 169w, https:\/\/www.sportcinofili.it\/wp-content\/uploads\/2025\/07\/1000245511-768x1365.jpg 768w, https:\/\/www.sportcinofili.it\/wp-content\/uploads\/2025\/07\/1000245511-864x1536.jpg 864w, https:\/\/www.sportcinofili.it\/wp-content\/uploads\/2025\/07\/1000245511-1000x1778.jpg 1000w, https:\/\/www.sportcinofili.it\/wp-content\/uploads\/2025\/07\/1000245511-230x409.jpg 230w, https:\/\/www.sportcinofili.it\/wp-content\/uploads\/2025\/07\/1000245511-350x622.jpg 350w, https:\/\/www.sportcinofili.it\/wp-content\/uploads\/2025\/07\/1000245511-480x853.jpg 480w, https:\/\/www.sportcinofili.it\/wp-content\/uploads\/2025\/07\/1000245511.jpg 1152w\" sizes=\"(max-width: 576px) 100vw, 576px\" \/>\t\t\t\t\t\t\t\t\t\t\t\t\t\t\t<\/div>\n\t\t\t\t<\/div>\n\t\t\t\t\t<\/div>\n\t\t<\/div>\n\t\t\t\t<div class=\"elementor-column elementor-col-33 elementor-top-column elementor-element elementor-element-58c685c\" data-id=\"58c685c\" data-element_type=\"column\" data-e-type=\"column\">\n\t\t\t<div class=\"elementor-widget-wrap elementor-element-populated\">\n\t\t\t\t\t\t<div class=\"elementor-element elementor-element-e775071 elementor-widget elementor-widget-image\" data-id=\"e775071\" data-element_type=\"widget\" data-e-type=\"widget\" data-widget_type=\"image.default\">\n\t\t\t\t<div class=\"elementor-widget-container\">\n\t\t\t\t\t\t\t\t\t\t\t\t\t\t\t<img loading=\"lazy\" decoding=\"async\" width=\"768\" height=\"1024\" src=\"https:\/\/www.sportcinofili.it\/wp-content\/uploads\/2025\/07\/1000245521-1-768x1024.jpg\" class=\"attachment-large size-large wp-image-34630\" alt=\"\" srcset=\"https:\/\/www.sportcinofili.it\/wp-content\/uploads\/2025\/07\/1000245521-1-768x1024.jpg 768w, https:\/\/www.sportcinofili.it\/wp-content\/uploads\/2025\/07\/1000245521-1-225x300.jpg 225w, https:\/\/www.sportcinofili.it\/wp-content\/uploads\/2025\/07\/1000245521-1-1152x1536.jpg 1152w, https:\/\/www.sportcinofili.it\/wp-content\/uploads\/2025\/07\/1000245521-1-1000x1333.jpg 1000w, https:\/\/www.sportcinofili.it\/wp-content\/uploads\/2025\/07\/1000245521-1-230x307.jpg 230w, https:\/\/www.sportcinofili.it\/wp-content\/uploads\/2025\/07\/1000245521-1-350x467.jpg 350w, https:\/\/www.sportcinofili.it\/wp-content\/uploads\/2025\/07\/1000245521-1-480x640.jpg 480w, https:\/\/www.sportcinofili.it\/wp-content\/uploads\/2025\/07\/1000245521-1.jpg 1530w\" sizes=\"(max-width: 768px) 100vw, 768px\" \/>\t\t\t\t\t\t\t\t\t\t\t\t\t\t\t<\/div>\n\t\t\t\t<\/div>\n\t\t\t\t\t<\/div>\n\t\t<\/div>\n\t\t\t\t\t<\/div>\n\t\t<\/section>\n\t\t\t\t<\/div>\n\t\t","protected":false},"excerpt":{"rendered":"<p>Il Progetto Gym Dog \u00e8 una attivit\u00e0 ludica, adatta a tutti i binomi cane \u2013 conduttore basata sul consolidamento e lo sviluppo della relazione. Consta di 16 ostacoli differenti, per la maggior parte modulabili, installabili in un ordine che pu\u00f2 variare di volta in volta e con vari livelli di [&hellip;]<\/p>\n","protected":false},"author":2,"featured_media":0,"parent":0,"menu_order":0,"comment_status":"closed","ping_status":"closed","template":"","meta":{"om_disable_all_campaigns":false,"_monsterinsights_skip_tracking":false,"_monsterinsights_sitenote_active":false,"_monsterinsights_sitenote_note":"","_monsterinsights_sitenote_category":0,"_uf_show_specific_survey":0,"_uf_disable_surveys":false,"footnotes":""},"class_list":["post-12757","page","type-page","status-publish","hentry"],"aioseo_notices":[],"_links":{"self":[{"href":"https:\/\/www.sportcinofili.it\/index.php\/wp-json\/wp\/v2\/pages\/12757","targetHints":{"allow":["GET"]}}],"collection":[{"href":"https:\/\/www.sportcinofili.it\/index.php\/wp-json\/wp\/v2\/pages"}],"about":[{"href":"https:\/\/www.sportcinofili.it\/index.php\/wp-json\/wp\/v2\/types\/page"}],"author":[{"embeddable":true,"href":"https:\/\/www.sportcinofili.it\/index.php\/wp-json\/wp\/v2\/users\/2"}],"replies":[{"embeddable":true,"href":"https:\/\/www.sportcinofili.it\/index.php\/wp-json\/wp\/v2\/comments?post=12757"}],"version-history":[{"count":21,"href":"https:\/\/www.sportcinofili.it\/index.php\/wp-json\/wp\/v2\/pages\/12757\/revisions"}],"predecessor-version":[{"id":34648,"href":"https:\/\/www.sportcinofili.it\/index.php\/wp-json\/wp\/v2\/pages\/12757\/revisions\/34648"}],"wp:attachment":[{"href":"https:\/\/www.sportcinofili.it\/index.php\/wp-json\/wp\/v2\/media?parent=12757"}],"curies":[{"name":"wp","href":"https:\/\/api.w.org\/{rel}","templated":true}]}}