{"id":12664,"date":"2018-11-05T14:44:16","date_gmt":"2018-11-05T13:44:16","guid":{"rendered":"http:\/\/www.sportcinofili.it\/?page_id=12664"},"modified":"2025-02-24T12:47:59","modified_gmt":"2025-02-24T11:47:59","slug":"grand-prix","status":"publish","type":"page","link":"https:\/\/www.sportcinofili.it\/index.php\/dipartimenti\/grand-prix\/","title":{"rendered":"Grand Prix"},"content":{"rendered":"\t\t<div data-elementor-type=\"wp-page\" data-elementor-id=\"12664\" class=\"elementor elementor-12664\">\n\t\t\t\t\t\t<section class=\"elementor-section elementor-top-section elementor-element elementor-element-200fcd67 elementor-section-boxed elementor-section-height-default elementor-section-height-default\" data-id=\"200fcd67\" data-element_type=\"section\" data-e-type=\"section\">\n\t\t\t\t\t\t<div class=\"elementor-container elementor-column-gap-default\">\n\t\t\t\t\t<div class=\"elementor-column elementor-col-100 elementor-top-column elementor-element elementor-element-2aa86fb2\" data-id=\"2aa86fb2\" data-element_type=\"column\" data-e-type=\"column\">\n\t\t\t<div class=\"elementor-widget-wrap elementor-element-populated\">\n\t\t\t\t\t\t<div class=\"elementor-element elementor-element-771952eb elementor-widget elementor-widget-text-editor\" data-id=\"771952eb\" data-element_type=\"widget\" data-e-type=\"widget\" data-widget_type=\"text-editor.default\">\n\t\t\t\t<div class=\"elementor-widget-container\">\n\t\t\t\t\t\t\t\t\t<p style=\"text-align: justify;\"><img fetchpriority=\"high\" decoding=\"async\" class=\"size-medium wp-image-12669 alignleft\" src=\"http:\/\/www.sportcinofili.it\/wp-content\/uploads\/2018\/11\/locandina-Grand-Prix-1-222x300.jpg\" alt=\"\" width=\"222\" height=\"300\" srcset=\"https:\/\/www.sportcinofili.it\/wp-content\/uploads\/2018\/11\/locandina-Grand-Prix-1-222x300.jpg 222w, https:\/\/www.sportcinofili.it\/wp-content\/uploads\/2018\/11\/locandina-Grand-Prix-1-768x1039.jpg 768w, https:\/\/www.sportcinofili.it\/wp-content\/uploads\/2018\/11\/locandina-Grand-Prix-1-757x1024.jpg 757w, https:\/\/www.sportcinofili.it\/wp-content\/uploads\/2018\/11\/locandina-Grand-Prix-1-109x148.jpg 109w, https:\/\/www.sportcinofili.it\/wp-content\/uploads\/2018\/11\/locandina-Grand-Prix-1-23x31.jpg 23w, https:\/\/www.sportcinofili.it\/wp-content\/uploads\/2018\/11\/locandina-Grand-Prix-1-28x38.jpg 28w, https:\/\/www.sportcinofili.it\/wp-content\/uploads\/2018\/11\/locandina-Grand-Prix-1-159x215.jpg 159w, https:\/\/www.sportcinofili.it\/wp-content\/uploads\/2018\/11\/locandina-Grand-Prix-1-830x1123.jpg 830w, https:\/\/www.sportcinofili.it\/wp-content\/uploads\/2018\/11\/locandina-Grand-Prix-1-230x311.jpg 230w, https:\/\/www.sportcinofili.it\/wp-content\/uploads\/2018\/11\/locandina-Grand-Prix-1-350x474.jpg 350w, https:\/\/www.sportcinofili.it\/wp-content\/uploads\/2018\/11\/locandina-Grand-Prix-1-480x649.jpg 480w, https:\/\/www.sportcinofili.it\/wp-content\/uploads\/2018\/11\/locandina-Grand-Prix-1.jpg 1514w\" sizes=\"(max-width: 222px) 100vw, 222px\" \/>Con grande piacere annunciamo una delle grandi novit\u00e0 del 2019: <strong>il Grand Prix FISC.<\/strong><\/p><p style=\"text-align: justify;\"><strong>Innanzitutto che cos\u2019\u00e8? <\/strong><\/p><p style=\"text-align: justify;\">Si tratta di un campionato interdisciplinare, al quale partecipano automaticamente i binomi che prendono parte a gare di campionato FISC di almeno due diverse discipline.<\/p><p style=\"text-align: justify;\"><strong>Perch\u00e9 questa idea?<\/strong><\/p><p style=\"text-align: justify;\">\u00a0Uno delle chiavi pi\u00f9 importanti per creare, mantenere, rafforzare la relazione e l\u2019intesa fra il cane e il suo compagno umano \u00e8 il fare attivit\u00e0 insieme. Un modo per divertirsi maggiormente e far divertire di pi\u00f9 il nostro cane \u00e8 farne diverse.<\/p><p style=\"text-align: justify;\">Inoltre diversificare l\u2019attivit\u00e0 con il proprio cane aiuta ad affrontare le diverse discipline con il giusto spirito, volto all\u2019aspetto ludico e al gioco pi\u00f9 che all\u2019aspetto agonistico.<\/p><p style=\"text-align: justify;\">Dare al cane competenze diverse lo rende pi\u00f9 sicuro di s\u00e9, pi\u00f9 gratificato, pi\u00f9 appagato, e quindi pi\u00f9 felice e ancora pi\u00f9 legato al compagno umano.<\/p><p style=\"text-align: justify;\">La FISC offre numerose discipline sportive cinofile con le quali poter dar vita a questa variet\u00e0 per il nostro cane.<\/p><p style=\"text-align: justify;\"><strong>Come funziona?<\/strong><\/p><p style=\"text-align: justify;\">Per il 2019 sono state individuate le seguenti discipline, che ad oggi presentano un campionato o comunque delle gare ufficiali: rally-obedience, agility, dog endurance\/cani cross, mantrailing, obedience, ricerca cinofila ludico sportiva, riporto sportivo, sheepdog e cowdog.<\/p><p style=\"text-align: justify;\">Il binomio che parteciper\u00e0 a gare di almeno due fra queste discipline parteciper\u00e0 al Grand Prix. I punti saranno acquisiti classificandosi dal 1\u00b0 al 5\u00b0 posto in ogni singola gara; anche la semplice partecipazione far\u00e0 comunque acquisire un punto al binomio.<\/p><p style=\"text-align: justify;\">Verranno presi in considerazione i primi 5 migliori risultati di ogni disciplina praticata.<\/p><p style=\"text-align: justify;\">Inoltre a chi parteciper\u00e0 a gare di pi\u00f9 di due discipline verr\u00e0 riconosciuto un bonus ulteriore.<\/p><p style=\"text-align: justify;\">Al termine della stagione, in occasione della tradizionale Feste dei Campioni FISC verranno premiati i primi classificati del Grand Prix FISC.<\/p><p style=\"text-align: justify;\">I dettagli del regolamento e dei punteggi li potete trovare nei documenti scaricabili al seguente link.<\/p><p style=\"text-align: justify;\">Vi aspettiamo quindi numerosi a divertirvi cimentandovi in diverse discipline, insegnando tante competenze nuove ai vostri cani.<\/p><p><a href=\"https:\/\/drive.google.com\/file\/d\/1dmzMVEbovf2X8lO4AnXgQG-qXxoLourM\/view?usp=sharing\"><em><strong>CLICCA QUI<\/strong><\/em><\/a> per visualizzare il Regolamento<\/p><p><a href=\"https:\/\/drive.google.com\/file\/d\/1SwXw2ezO-u06uv2RieOuxJ_CuTy882od\/view?usp=sharing\"><strong>CLICCA QUI<\/strong><\/a> per visualizzare le discipline<\/p><p><strong>Responsabile Dipartimento:<\/strong><\/p><p><strong>Marco Chiaro<\/strong><\/p><p>tel. 3468367722<br \/>mail: marco.chiaro@gmail.com<\/p>\t\t\t\t\t\t\t\t<\/div>\n\t\t\t\t<\/div>\n\t\t\t\t\t<\/div>\n\t\t<\/div>\n\t\t\t\t\t<\/div>\n\t\t<\/section>\n\t\t\t\t<\/div>\n\t\t","protected":false},"excerpt":{"rendered":"<p>Con grande piacere annunciamo una delle grandi novit\u00e0 del 2019: il Grand Prix FISC. Innanzitutto che cos\u2019\u00e8? Si tratta di un campionato interdisciplinare, al quale partecipano automaticamente i binomi che prendono parte a gare di campionato FISC di almeno due diverse discipline. Perch\u00e9 questa idea? \u00a0Uno delle chiavi pi\u00f9 importanti [&hellip;]<\/p>\n","protected":false},"author":2,"featured_media":0,"parent":9307,"menu_order":0,"comment_status":"closed","ping_status":"closed","template":"","meta":{"om_disable_all_campaigns":false,"_monsterinsights_skip_tracking":false,"_monsterinsights_sitenote_active":false,"_monsterinsights_sitenote_note":"","_monsterinsights_sitenote_category":0,"_uf_show_specific_survey":0,"_uf_disable_surveys":false,"footnotes":""},"class_list":["post-12664","page","type-page","status-publish","hentry"],"aioseo_notices":[],"_links":{"self":[{"href":"https:\/\/www.sportcinofili.it\/index.php\/wp-json\/wp\/v2\/pages\/12664","targetHints":{"allow":["GET"]}}],"collection":[{"href":"https:\/\/www.sportcinofili.it\/index.php\/wp-json\/wp\/v2\/pages"}],"about":[{"href":"https:\/\/www.sportcinofili.it\/index.php\/wp-json\/wp\/v2\/types\/page"}],"author":[{"embeddable":true,"href":"https:\/\/www.sportcinofili.it\/index.php\/wp-json\/wp\/v2\/users\/2"}],"replies":[{"embeddable":true,"href":"https:\/\/www.sportcinofili.it\/index.php\/wp-json\/wp\/v2\/comments?post=12664"}],"version-history":[{"count":14,"href":"https:\/\/www.sportcinofili.it\/index.php\/wp-json\/wp\/v2\/pages\/12664\/revisions"}],"predecessor-version":[{"id":32793,"href":"https:\/\/www.sportcinofili.it\/index.php\/wp-json\/wp\/v2\/pages\/12664\/revisions\/32793"}],"up":[{"embeddable":true,"href":"https:\/\/www.sportcinofili.it\/index.php\/wp-json\/wp\/v2\/pages\/9307"}],"wp:attachment":[{"href":"https:\/\/www.sportcinofili.it\/index.php\/wp-json\/wp\/v2\/media?parent=12664"}],"curies":[{"name":"wp","href":"https:\/\/api.w.org\/{rel}","templated":true}]}}